{"id":1271,"date":"2019-11-07T10:45:38","date_gmt":"2019-11-07T09:45:38","guid":{"rendered":"https:\/\/earsandeyes.noblogs.org\/?page_id=1271"},"modified":"2020-11-26T03:51:30","modified_gmt":"2020-11-26T02:51:30","slug":"metocean-telematics","status":"publish","type":"page","link":"https:\/\/earsandeyes.noblogs.org\/fr\/metocean-telematics\/","title":{"rendered":"MetOcean Telematics"},"content":{"rendered":"<p><strong>Site officiel<\/strong> : <a href=\"https:\/\/metocean.com\">metocean.com<\/a><br \/>\n<strong>Adresse principale au Canada<\/strong> : 11 Thornhill Drive, Dartmouth, Nova Scotia, B3B 1R9<br \/>\n<strong>Autre adresse au Canada<\/strong> : 2 Gurdwara Rd Suite 608, Ottawa, Ontario, K2E 1A2<br \/>\n<strong>Adresse au Royaume-Uni<\/strong> : Fusion 2, 1100 Parkway, Whiteley, Fareham, P015 7AB<br \/>\n<strong>Adresse aux \u00c9tats-Unis<\/strong> : 1750 Tysons Blvd, Suite 1500, Office 1547, Mclean, VA 22102<\/p>\n<p><strong>Statut l\u00e9gal<\/strong> : Entreprise multinationale fond\u00e9e en 1984.<br \/>\n<strong>Clients<\/strong> : Agences du maintien de l&rsquo;ordre (d&rsquo;apr\u00e8s leur site web).<br \/>\n<strong>Produits<\/strong> : Syst\u00e8mes de surveillance par localisation. D&rsquo;apr\u00e8s leur site web, leurs produits permettent la localisation d'\u00a0\u00bbactifs de valeur\u00a0\u00bb (\u00ab\u00a0valuable assets\u00a0\u00bb) et la transmission des donn\u00e9es collect\u00e9es sur des fr\u00e9quences radio, le r\u00e9seau GSM, ou la constellation de satellites Iridium, un r\u00e9seau de 66 satellites couvrant le monde entier.<\/p>\n","protected":false},"excerpt":{"rendered":"<p>Site officiel : metocean.com Adresse principale au Canada : 11 Thornhill Drive, Dartmouth, Nova Scotia, B3B 1R9 Autre adresse au Canada : 2 Gurdwara Rd Suite 608, Ottawa, Ontario, K2E 1A2 Adresse au Royaume-Uni : Fusion 2, 1100 Parkway, Whiteley, &hellip; <a href=\"https:\/\/earsandeyes.noblogs.org\/fr\/metocean-telematics\/\">Continuer la lecture <span class=\"meta-nav\">&rarr;<\/span><\/a><\/p>\n","protected":false},"author":13290,"featured_media":0,"parent":0,"menu_order":0,"comment_status":"closed","ping_status":"closed","template":"","meta":{"_locale":"fr_FR","_original_post":"393","footnotes":""},"class_list":["post-1271","page","type-page","status-publish","hentry","fr-FR"],"_links":{"self":[{"href":"https:\/\/earsandeyes.noblogs.org\/wp-json\/wp\/v2\/pages\/1271","targetHints":{"allow":["GET"]}}],"collection":[{"href":"https:\/\/earsandeyes.noblogs.org\/wp-json\/wp\/v2\/pages"}],"about":[{"href":"https:\/\/earsandeyes.noblogs.org\/wp-json\/wp\/v2\/types\/page"}],"author":[{"embeddable":true,"href":"https:\/\/earsandeyes.noblogs.org\/wp-json\/wp\/v2\/users\/13290"}],"replies":[{"embeddable":true,"href":"https:\/\/earsandeyes.noblogs.org\/wp-json\/wp\/v2\/comments?post=1271"}],"version-history":[{"count":4,"href":"https:\/\/earsandeyes.noblogs.org\/wp-json\/wp\/v2\/pages\/1271\/revisions"}],"predecessor-version":[{"id":1853,"href":"https:\/\/earsandeyes.noblogs.org\/wp-json\/wp\/v2\/pages\/1271\/revisions\/1853"}],"wp:attachment":[{"href":"https:\/\/earsandeyes.noblogs.org\/wp-json\/wp\/v2\/media?parent=1271"}],"curies":[{"name":"wp","href":"https:\/\/api.w.org\/{rel}","templated":true}]}}