{"id":1268,"date":"2019-11-07T10:45:38","date_gmt":"2019-11-07T09:45:38","guid":{"rendered":"https:\/\/earsandeyes.noblogs.org\/?page_id=1268"},"modified":"2021-03-26T07:51:19","modified_gmt":"2021-03-26T06:51:19","slug":"magnum-telecom","status":"publish","type":"page","link":"https:\/\/earsandeyes.noblogs.org\/fr\/magnum-telecom\/","title":{"rendered":"Magnum Telecom"},"content":{"rendered":"<p><strong>Site officiel<\/strong> : <a href=\"https:\/\/magnumtelecom.com\">magnumtelecom.com<\/a><br \/>\n<strong>Adresse<\/strong> : Delta 6, 18 &#8211; 20 Rue Tronchet, 69006 Lyon, France<br \/>\n<strong>T\u00e9l\u00e9phone<\/strong> : 06 07 69 11 86, 07 68 345 678<br \/>\n<strong>Email<\/strong> : info@magnumtelecom.com<\/p>\n<p><strong>Statut l\u00e9gal<\/strong> : Magnum Telecom \u00e9tait une entreprise fran\u00e7aise fond\u00e9e en 2005 qui a disparu en 2019. Leurs activit\u00e9s continuent \u00e0 travers une autre entreprise fran\u00e7aise, DELTA 6, fond\u00e9e en 2017. L&rsquo;entreprise utilise toujours le nom Magnum Telecom comme nom commercial.<br \/>\n<strong>Clients<\/strong> : Un <a href=\"https:\/\/earsandeyes.noblogs.org\/files\/2019\/10\/Milipol-2013-exhibitors.ods\">document<\/a> montre que Magnum Telecom a particip\u00e9 en tant qu&rsquo;entreprise exposante \u00e0 Milipol Paris 2013, un salon professionnel d\u00e9di\u00e9 \u00e0 la s\u00e9curit\u00e9 int\u00e9rieure des \u00c9tats. Cela indique que l&rsquo;entreprise a des clients parmis des agences gouvernementales et des agences du maintien de l&rsquo;ordre.<br \/>\n<strong>Products<\/strong> : Dispositifs de surveillance par localisation. Leur site actuel ne donne pas beaucoup d&rsquo;informations \u00e0 propos de leurs produits. Une <a href=\"https:\/\/web.archive.org\/web\/20180623211033\/http:\/\/magnumtelecom.com\/products\/gps-trackers\/#\">version archiv\u00e9e<\/a> de leur site web dat\u00e9e de 2018 liste leurs balises GPS, avec des sp\u00e9cifications techniques incompl\u00e8tes.<\/p>\n","protected":false},"excerpt":{"rendered":"<p>Site officiel : magnumtelecom.com Adresse : Delta 6, 18 &#8211; 20 Rue Tronchet, 69006 Lyon, France T\u00e9l\u00e9phone : 06 07 69 11 86, 07 68 345 678 Email : info@magnumtelecom.com Statut l\u00e9gal : Magnum Telecom \u00e9tait une entreprise fran\u00e7aise fond\u00e9e &hellip; <a href=\"https:\/\/earsandeyes.noblogs.org\/fr\/magnum-telecom\/\">Continuer la lecture <span class=\"meta-nav\">&rarr;<\/span><\/a><\/p>\n","protected":false},"author":13290,"featured_media":0,"parent":0,"menu_order":0,"comment_status":"closed","ping_status":"closed","template":"","meta":{"_locale":"fr_FR","_original_post":"857","footnotes":""},"class_list":["post-1268","page","type-page","status-publish","hentry","fr-FR"],"_links":{"self":[{"href":"https:\/\/earsandeyes.noblogs.org\/wp-json\/wp\/v2\/pages\/1268","targetHints":{"allow":["GET"]}}],"collection":[{"href":"https:\/\/earsandeyes.noblogs.org\/wp-json\/wp\/v2\/pages"}],"about":[{"href":"https:\/\/earsandeyes.noblogs.org\/wp-json\/wp\/v2\/types\/page"}],"author":[{"embeddable":true,"href":"https:\/\/earsandeyes.noblogs.org\/wp-json\/wp\/v2\/users\/13290"}],"replies":[{"embeddable":true,"href":"https:\/\/earsandeyes.noblogs.org\/wp-json\/wp\/v2\/comments?post=1268"}],"version-history":[{"count":4,"href":"https:\/\/earsandeyes.noblogs.org\/wp-json\/wp\/v2\/pages\/1268\/revisions"}],"predecessor-version":[{"id":2212,"href":"https:\/\/earsandeyes.noblogs.org\/wp-json\/wp\/v2\/pages\/1268\/revisions\/2212"}],"wp:attachment":[{"href":"https:\/\/earsandeyes.noblogs.org\/wp-json\/wp\/v2\/media?parent=1268"}],"curies":[{"name":"wp","href":"https:\/\/api.w.org\/{rel}","templated":true}]}}