{"id":1263,"date":"2019-11-07T10:45:38","date_gmt":"2019-11-07T09:45:38","guid":{"rendered":"https:\/\/earsandeyes.noblogs.org\/?page_id=1263"},"modified":"2021-03-26T07:50:26","modified_gmt":"2021-03-26T06:50:26","slug":"longhope-police-equipment","status":"publish","type":"page","link":"https:\/\/earsandeyes.noblogs.org\/fr\/longhope-police-equipment\/","title":{"rendered":"LongHope Police Equipment"},"content":{"rendered":"<p><strong>Site officiel<\/strong> : <a href=\"http:\/\/lhpolitech.com\">lhpolitech.com<\/a><br \/>\n<strong>Adresse<\/strong> : Suite B202, Zizhu Garden, 88 Zizhuuan Road, Haidan District, Beijing, 100089, Chine<\/p>\n<p><strong>Statut l\u00e9gal<\/strong> : Entreprise chinoise fond\u00e9e en 1995, enregistr\u00e9e sous le nom de Beijing LongHope Police Equipment.<br \/>\n<strong>Clients<\/strong> : Agences du maintien de l&rsquo;ordre. D&rsquo;apr\u00e8s la description de leur entreprise sur leur <a href=\"https:\/\/lhpolitech.en.ecplaza.net\/products\">page du site de vente en ligne EC Plaza<\/a>, l&rsquo;entreprise commercialise des \u00ab\u00a0produits de maintien de l&rsquo;ordre\u00a0\u00bb (\u00ab\u00a0law enforcement products\u00a0\u00bb).<br \/>\n<strong>Produits<\/strong> : Dispositifs de surveillance vid\u00e9o. Leur site web n&rsquo;est plus disponible depuis longtemps. Leur <a href=\"https:\/\/lhpolitech.en.ecplaza.net\/products\">page sur le site de vente en ligne EC Plaza<\/a> liste certains des produits commercialis\u00e9s par l&rsquo;entreprise, sans sp\u00e9cifications techniques.<\/p>\n<p>Un <a href=\"https:\/\/assets.documentcloud.org\/documents\/810596\/931-longhope-police-equipment-product-list-polieye.pdf\">catalogue dat\u00e9 de 2009<\/a> est aussi disponible. Il liste certains des produits commercialis\u00e9s par l&rsquo;entreprise, dont des dispositifs de surveillance con\u00e7us pour \u00eatre cach\u00e9s.<\/p>\n","protected":false},"excerpt":{"rendered":"<p>Site officiel : lhpolitech.com Adresse : Suite B202, Zizhu Garden, 88 Zizhuuan Road, Haidan District, Beijing, 100089, Chine Statut l\u00e9gal : Entreprise chinoise fond\u00e9e en 1995, enregistr\u00e9e sous le nom de Beijing LongHope Police Equipment. Clients : Agences du maintien &hellip; <a href=\"https:\/\/earsandeyes.noblogs.org\/fr\/longhope-police-equipment\/\">Continuer la lecture <span class=\"meta-nav\">&rarr;<\/span><\/a><\/p>\n","protected":false},"author":13290,"featured_media":0,"parent":0,"menu_order":0,"comment_status":"closed","ping_status":"closed","template":"","meta":{"_locale":"fr_FR","_original_post":"797","footnotes":""},"class_list":["post-1263","page","type-page","status-publish","hentry","fr-FR"],"_links":{"self":[{"href":"https:\/\/earsandeyes.noblogs.org\/wp-json\/wp\/v2\/pages\/1263","targetHints":{"allow":["GET"]}}],"collection":[{"href":"https:\/\/earsandeyes.noblogs.org\/wp-json\/wp\/v2\/pages"}],"about":[{"href":"https:\/\/earsandeyes.noblogs.org\/wp-json\/wp\/v2\/types\/page"}],"author":[{"embeddable":true,"href":"https:\/\/earsandeyes.noblogs.org\/wp-json\/wp\/v2\/users\/13290"}],"replies":[{"embeddable":true,"href":"https:\/\/earsandeyes.noblogs.org\/wp-json\/wp\/v2\/comments?post=1263"}],"version-history":[{"count":2,"href":"https:\/\/earsandeyes.noblogs.org\/wp-json\/wp\/v2\/pages\/1263\/revisions"}],"predecessor-version":[{"id":2210,"href":"https:\/\/earsandeyes.noblogs.org\/wp-json\/wp\/v2\/pages\/1263\/revisions\/2210"}],"wp:attachment":[{"href":"https:\/\/earsandeyes.noblogs.org\/wp-json\/wp\/v2\/media?parent=1263"}],"curies":[{"name":"wp","href":"https:\/\/api.w.org\/{rel}","templated":true}]}}