{"id":1259,"date":"2019-11-07T10:45:38","date_gmt":"2019-11-07T09:45:38","guid":{"rendered":"https:\/\/earsandeyes.noblogs.org\/?page_id=1259"},"modified":"2021-03-26T07:50:16","modified_gmt":"2021-03-26T06:50:16","slug":"ljm-tech-support","status":"publish","type":"page","link":"https:\/\/earsandeyes.noblogs.org\/fr\/ljm-tech-support\/","title":{"rendered":"LJM Tech Support"},"content":{"rendered":"<p>Ancienne entreprise fran\u00e7aise qui commercialisait des dispositifs de surveillance audio, vid\u00e9o, et par localisation. D&rsquo;apr\u00e8s un <a href=\"http:\/\/lignesdedefense.blogs.ouest-france.fr\/archive\/2014\/05\/10\/geomines-passe-dans-le-giron-de-risk-co-11749.html\">article de journal<\/a>, en 2015 l&rsquo;entreprise a \u00e9t\u00e9 acquise par le groupe fran\u00e7ais Risk&amp;Co sous le nom de Risk&amp;Co Solutions. D&rsquo;apr\u00e8s un autre <a href=\"http:\/\/lignesdedefense.blogs.ouest-france.fr\/archive\/2018\/04\/29\/risk-co-en-pleine-mutation-nathalie-felines-detaille-la-nouv-19309.html\">article de journal<\/a>, en 2018 la filliale Risk&amp;Co Solutions a fusionn\u00e9 avec le groupe Risk&amp;Co. Bien que LJM Tech Support commercialisait des dispositifs de surveillance aupr\u00e8s d&rsquo;agences du maintien de l&rsquo;ordre, on a pas pu trouver d&rsquo;indications claires que le groupe Risk&amp;Co le fait toujours.<\/p>\n","protected":false},"excerpt":{"rendered":"<p>Ancienne entreprise fran\u00e7aise qui commercialisait des dispositifs de surveillance audio, vid\u00e9o, et par localisation. D&rsquo;apr\u00e8s un article de journal, en 2015 l&rsquo;entreprise a \u00e9t\u00e9 acquise par le groupe fran\u00e7ais Risk&amp;Co sous le nom de Risk&amp;Co Solutions. D&rsquo;apr\u00e8s un autre article &hellip; <a href=\"https:\/\/earsandeyes.noblogs.org\/fr\/ljm-tech-support\/\">Continuer la lecture <span class=\"meta-nav\">&rarr;<\/span><\/a><\/p>\n","protected":false},"author":13290,"featured_media":0,"parent":0,"menu_order":0,"comment_status":"closed","ping_status":"closed","template":"","meta":{"_locale":"fr_FR","_original_post":"818","footnotes":""},"class_list":["post-1259","page","type-page","status-publish","hentry","fr-FR"],"_links":{"self":[{"href":"https:\/\/earsandeyes.noblogs.org\/wp-json\/wp\/v2\/pages\/1259","targetHints":{"allow":["GET"]}}],"collection":[{"href":"https:\/\/earsandeyes.noblogs.org\/wp-json\/wp\/v2\/pages"}],"about":[{"href":"https:\/\/earsandeyes.noblogs.org\/wp-json\/wp\/v2\/types\/page"}],"author":[{"embeddable":true,"href":"https:\/\/earsandeyes.noblogs.org\/wp-json\/wp\/v2\/users\/13290"}],"replies":[{"embeddable":true,"href":"https:\/\/earsandeyes.noblogs.org\/wp-json\/wp\/v2\/comments?post=1259"}],"version-history":[{"count":2,"href":"https:\/\/earsandeyes.noblogs.org\/wp-json\/wp\/v2\/pages\/1259\/revisions"}],"predecessor-version":[{"id":2208,"href":"https:\/\/earsandeyes.noblogs.org\/wp-json\/wp\/v2\/pages\/1259\/revisions\/2208"}],"wp:attachment":[{"href":"https:\/\/earsandeyes.noblogs.org\/wp-json\/wp\/v2\/media?parent=1259"}],"curies":[{"name":"wp","href":"https:\/\/api.w.org\/{rel}","templated":true}]}}