{"id":1252,"date":"2019-11-07T10:45:38","date_gmt":"2019-11-07T09:45:38","guid":{"rendered":"https:\/\/earsandeyes.noblogs.org\/?page_id=1252"},"modified":"2020-11-26T03:38:53","modified_gmt":"2020-11-26T02:38:53","slug":"lea-aid","status":"publish","type":"page","link":"https:\/\/earsandeyes.noblogs.org\/fr\/lea-aid\/","title":{"rendered":"LEA-AID"},"content":{"rendered":"<p><strong>Site officiel<\/strong> : <a href=\"https:\/\/leacorp.com\">leacorp.com<\/a><br \/>\n<strong>Adresse<\/strong> : 1717 South Saunders St, Raleigh, NC 27603, United States<br \/>\n<strong>T\u00e9l\u00e9phone<\/strong> : 919 &#8211; 872 &#8211; 6210<br \/>\n<strong>Email<\/strong> : info@leacorp.com<\/p>\n<p><strong>Statut l\u00e9gal<\/strong> : Entreprise bas\u00e9e aux \u00c9tats-Unis form\u00e9e en 2004 en combinant deux entreprises, Law Enforcement Associates et Audio Intelligence Devices.<br \/>\n<strong>Clients<\/strong> : Agences du maintien de l&rsquo;ordre (d&rsquo;apr\u00e8s leur site web).<br \/>\n<strong>Produits<\/strong> : Syst\u00e8mes de surveillance audio, vid\u00e9o, et par localisation (d&rsquo;apr\u00e8s leur site web).<\/p>\n","protected":false},"excerpt":{"rendered":"<p>Site officiel : leacorp.com Adresse : 1717 South Saunders St, Raleigh, NC 27603, United States T\u00e9l\u00e9phone : 919 &#8211; 872 &#8211; 6210 Email : info@leacorp.com Statut l\u00e9gal : Entreprise bas\u00e9e aux \u00c9tats-Unis form\u00e9e en 2004 en combinant deux entreprises, Law &hellip; <a href=\"https:\/\/earsandeyes.noblogs.org\/fr\/lea-aid\/\">Continuer la lecture <span class=\"meta-nav\">&rarr;<\/span><\/a><\/p>\n","protected":false},"author":13290,"featured_media":0,"parent":0,"menu_order":0,"comment_status":"closed","ping_status":"closed","template":"","meta":{"_locale":"fr_FR","_original_post":"385","footnotes":""},"class_list":["post-1252","page","type-page","status-publish","hentry","fr-FR"],"_links":{"self":[{"href":"https:\/\/earsandeyes.noblogs.org\/wp-json\/wp\/v2\/pages\/1252","targetHints":{"allow":["GET"]}}],"collection":[{"href":"https:\/\/earsandeyes.noblogs.org\/wp-json\/wp\/v2\/pages"}],"about":[{"href":"https:\/\/earsandeyes.noblogs.org\/wp-json\/wp\/v2\/types\/page"}],"author":[{"embeddable":true,"href":"https:\/\/earsandeyes.noblogs.org\/wp-json\/wp\/v2\/users\/13290"}],"replies":[{"embeddable":true,"href":"https:\/\/earsandeyes.noblogs.org\/wp-json\/wp\/v2\/comments?post=1252"}],"version-history":[{"count":3,"href":"https:\/\/earsandeyes.noblogs.org\/wp-json\/wp\/v2\/pages\/1252\/revisions"}],"predecessor-version":[{"id":1839,"href":"https:\/\/earsandeyes.noblogs.org\/wp-json\/wp\/v2\/pages\/1252\/revisions\/1839"}],"wp:attachment":[{"href":"https:\/\/earsandeyes.noblogs.org\/wp-json\/wp\/v2\/media?parent=1252"}],"curies":[{"name":"wp","href":"https:\/\/api.w.org\/{rel}","templated":true}]}}