{"id":1248,"date":"2019-11-07T10:45:38","date_gmt":"2019-11-07T09:45:38","guid":{"rendered":"https:\/\/earsandeyes.noblogs.org\/?page_id=1248"},"modified":"2021-03-26T07:43:26","modified_gmt":"2021-03-26T06:43:26","slug":"komcept-solutions","status":"publish","type":"page","link":"https:\/\/earsandeyes.noblogs.org\/fr\/komcept-solutions\/","title":{"rendered":"Komcept Solutions"},"content":{"rendered":"<p><strong>Site officiel<\/strong> : <a href=\"https:\/\/www.komcept.com\">komcept.com<\/a><br \/>\n<strong>Adresse<\/strong> : Komcept Solutions Ltd., Ridgeway Farm, Hartwell Road, Ashton, Northampton. NN7 2JR, Royaume-Uni<br \/>\n<strong>T\u00e9l\u00e9phone<\/strong> : +44 (0)1604 621 313<br \/>\n<strong>Email<\/strong> : enquiries@komcept.com<\/p>\n<p><strong>Statut l\u00e9gal<\/strong> : Entreprise britannique fond\u00e9e en 2001.<br \/>\n<strong>Clients<\/strong> : Le gouvernement (d&rsquo;apr\u00e8s leur site web).<br \/>\n<strong>Produits<\/strong> : Dispositifs de surveillance audio. Leur site web ne donne pas d&rsquo;informations \u00e0 propos de leurs produits.<\/p>\n<p>Un <a href=\"https:\/\/assets.documentcloud.org\/documents\/810701\/907-komcept-solutions-brochure-oco7.pdf\">document non dat\u00e9<\/a> d\u00e9crit un appareil de surveillance audio con\u00e7u pour \u00eatre cach\u00e9 commercialis\u00e9 par l&rsquo;entreprise, avec des sp\u00e9cifications techniques et des photos.<\/p>\n","protected":false},"excerpt":{"rendered":"<p>Site officiel : komcept.com Adresse : Komcept Solutions Ltd., Ridgeway Farm, Hartwell Road, Ashton, Northampton. NN7 2JR, Royaume-Uni T\u00e9l\u00e9phone : +44 (0)1604 621 313 Email : enquiries@komcept.com Statut l\u00e9gal : Entreprise britannique fond\u00e9e en 2001. Clients : Le gouvernement (d&rsquo;apr\u00e8s &hellip; <a href=\"https:\/\/earsandeyes.noblogs.org\/fr\/komcept-solutions\/\">Continuer la lecture <span class=\"meta-nav\">&rarr;<\/span><\/a><\/p>\n","protected":false},"author":13290,"featured_media":0,"parent":0,"menu_order":0,"comment_status":"closed","ping_status":"closed","template":"","meta":{"_locale":"fr_FR","_original_post":"786","footnotes":""},"class_list":["post-1248","page","type-page","status-publish","hentry","fr-FR"],"_links":{"self":[{"href":"https:\/\/earsandeyes.noblogs.org\/wp-json\/wp\/v2\/pages\/1248","targetHints":{"allow":["GET"]}}],"collection":[{"href":"https:\/\/earsandeyes.noblogs.org\/wp-json\/wp\/v2\/pages"}],"about":[{"href":"https:\/\/earsandeyes.noblogs.org\/wp-json\/wp\/v2\/types\/page"}],"author":[{"embeddable":true,"href":"https:\/\/earsandeyes.noblogs.org\/wp-json\/wp\/v2\/users\/13290"}],"replies":[{"embeddable":true,"href":"https:\/\/earsandeyes.noblogs.org\/wp-json\/wp\/v2\/comments?post=1248"}],"version-history":[{"count":2,"href":"https:\/\/earsandeyes.noblogs.org\/wp-json\/wp\/v2\/pages\/1248\/revisions"}],"predecessor-version":[{"id":2186,"href":"https:\/\/earsandeyes.noblogs.org\/wp-json\/wp\/v2\/pages\/1248\/revisions\/2186"}],"wp:attachment":[{"href":"https:\/\/earsandeyes.noblogs.org\/wp-json\/wp\/v2\/media?parent=1248"}],"curies":[{"name":"wp","href":"https:\/\/api.w.org\/{rel}","templated":true}]}}