{"id":1240,"date":"2019-11-07T10:45:38","date_gmt":"2019-11-07T09:45:38","guid":{"rendered":"https:\/\/earsandeyes.noblogs.org\/?page_id=1240"},"modified":"2021-03-26T07:43:16","modified_gmt":"2021-03-26T06:43:16","slug":"ips","status":"publish","type":"page","link":"https:\/\/earsandeyes.noblogs.org\/fr\/ips\/","title":{"rendered":"IPS"},"content":{"rendered":"<p><em>Cette entreprise est \u00e9galement list\u00e9e sur : <a href=\"https:\/\/buggedplanet.info\/index.php?title=IPS\">Bugged Planet<\/a><\/em><\/p>\n<p><strong>Site officiel<\/strong> : <a href=\"https:\/\/www.ips-intelligence.com\">ips-intelligence.com<\/a><br \/>\n<strong>Adresse \u00e0 Rome<\/strong> : Via della Giuliana, 82 &#8211; 00195 Roma, Italie<br \/>\n<strong>Adresse \u00e0 Aprilia<\/strong> : Via Monticello, 7 &#8211; 04011 Aprilia (LT), Italie<br \/>\n<strong>T\u00e9l\u00e9phone<\/strong> : +39 06 92 71 05 00<br \/>\n<strong>Fax <\/strong>: +39 06 92 71 05 01<br \/>\n<strong>Email <\/strong>: info@ips-intelligence.com<\/p>\n<p><strong>Statut l\u00e9gal<\/strong> : Entreprise italienne enregistr\u00e9e sous le nom de \u00ab\u00a0IPS Intelligence &amp; Public Security\u00a0\u00bb.<br \/>\n<strong>Clients<\/strong> : Agences du maintien de l&rsquo;ordre et gouvernements (d&rsquo;apr\u00e8s leur site web).<br \/>\n<strong>Produits<\/strong> : Syst\u00e8mes de surveillance audio, vid\u00e9o, et par localisation. Une <a href=\"https:\/\/www.ips-intelligence.com\/en\/electronic-surveillance\/solutions\/electronic-surveillance-gps-tracking-audio-video-monitoring\">page de leur site web<\/a> donne une courte description des syst\u00e8mes de surveillance commercialis\u00e9s par l&rsquo;entreprise.<\/p>\n","protected":false},"excerpt":{"rendered":"<p>Cette entreprise est \u00e9galement list\u00e9e sur : Bugged Planet Site officiel : ips-intelligence.com Adresse \u00e0 Rome : Via della Giuliana, 82 &#8211; 00195 Roma, Italie Adresse \u00e0 Aprilia : Via Monticello, 7 &#8211; 04011 Aprilia (LT), Italie T\u00e9l\u00e9phone : +39 &hellip; <a href=\"https:\/\/earsandeyes.noblogs.org\/fr\/ips\/\">Continuer la lecture <span class=\"meta-nav\">&rarr;<\/span><\/a><\/p>\n","protected":false},"author":13290,"featured_media":0,"parent":0,"menu_order":0,"comment_status":"closed","ping_status":"closed","template":"","meta":{"_locale":"fr_FR","_original_post":"517","footnotes":""},"class_list":["post-1240","page","type-page","status-publish","hentry","fr-FR"],"_links":{"self":[{"href":"https:\/\/earsandeyes.noblogs.org\/wp-json\/wp\/v2\/pages\/1240","targetHints":{"allow":["GET"]}}],"collection":[{"href":"https:\/\/earsandeyes.noblogs.org\/wp-json\/wp\/v2\/pages"}],"about":[{"href":"https:\/\/earsandeyes.noblogs.org\/wp-json\/wp\/v2\/types\/page"}],"author":[{"embeddable":true,"href":"https:\/\/earsandeyes.noblogs.org\/wp-json\/wp\/v2\/users\/13290"}],"replies":[{"embeddable":true,"href":"https:\/\/earsandeyes.noblogs.org\/wp-json\/wp\/v2\/comments?post=1240"}],"version-history":[{"count":2,"href":"https:\/\/earsandeyes.noblogs.org\/wp-json\/wp\/v2\/pages\/1240\/revisions"}],"predecessor-version":[{"id":2184,"href":"https:\/\/earsandeyes.noblogs.org\/wp-json\/wp\/v2\/pages\/1240\/revisions\/2184"}],"wp:attachment":[{"href":"https:\/\/earsandeyes.noblogs.org\/wp-json\/wp\/v2\/media?parent=1240"}],"curies":[{"name":"wp","href":"https:\/\/api.w.org\/{rel}","templated":true}]}}