{"id":1234,"date":"2019-11-07T10:45:38","date_gmt":"2019-11-07T09:45:38","guid":{"rendered":"https:\/\/earsandeyes.noblogs.org\/?page_id=1234"},"modified":"2021-03-26T07:43:05","modified_gmt":"2021-03-26T06:43:05","slug":"innova","status":"publish","type":"page","link":"https:\/\/earsandeyes.noblogs.org\/fr\/innova\/","title":{"rendered":"Innova"},"content":{"rendered":"<p><em>Cette entreprise est \u00e9galement list\u00e9e sur : <a href=\"https:\/\/buggedplanet.info\/index.php?title=INNOVA\">Bugged Planet<\/a><\/em><\/p>\n<p><strong>Site officiel<\/strong> : <a href=\"https:\/\/innovatrieste.it\">innovatrieste.it<\/a><br \/>\n<strong>Adresse<\/strong> : Innova S.p.A. via del Follatoio, 12 &#8211; 34148 Trieste (TS), Italie<br \/>\n<strong>T\u00e9l\u00e9phone<\/strong> : +39 040 898511<br \/>\n<strong>Email<\/strong> : info@innovatrieste.it, commerciali@innovatrieste.it, international@innovatrieste.it, assistenza@innovatrieste.it, technical.support@innovatrieste.it, amministrazione@innovatrieste.it<\/p>\n<p><strong>Statut l\u00e9gal<\/strong> : Entreprise italienne.<br \/>\n<strong>Clients<\/strong> : Agences du maintien de l&rsquo;ordre et autorit\u00e9s judiciaires (d&rsquo;apr\u00e8s leur site web).<br \/>\n<strong>Produits<\/strong> : Syst\u00e8mes de surveillance audio et par localisation. Leur <a href=\"https:\/\/www.wikileaks.org\/spyfiles\/files\/0\/205_INNOVA-SPA-201110.pdf\">catalogue<\/a> a fuit\u00e9 dans les Spy Files (un grand ensemble de documents divulgu\u00e9s par Wikileaks entre 2011 et 2014) en 2011. Au vu de leur site web, il semble que leur gamme de produits n&rsquo;a pas beaucoup chang\u00e9 depuis. L&rsquo;entreprise commercialise :<\/p>\n<ul>\n<li>Un appareil de surveillance audio appel\u00e9 \u00ab\u00a0RB800\u00a0\u00bb aliment\u00e9 par une batterie<\/li>\n<li>Une balise GPS appel\u00e9e \u00ab\u00a0Gps Innova\u00a0\u00bb aliment\u00e9e par une batterie ou une alimentation \u00e9lectrique externe qui peut transmettre des donn\u00e9es sur le r\u00e9seau GSM<\/li>\n<li>Un appareil qui combine l&rsquo;enregistrement audio et la localisation par GPS appel\u00e9 \u00ab\u00a0MicroIP\u00a0\u00bb aliment\u00e9 par une batterie ou une alimentation \u00e9lectrique externe qui peut transmettre des donn\u00e9es sur les r\u00e9seaux t\u00e9l\u00e9phoniques GSM\/3G<\/li>\n<\/ul>\n","protected":false},"excerpt":{"rendered":"<p>Cette entreprise est \u00e9galement list\u00e9e sur : Bugged Planet Site officiel : innovatrieste.it Adresse : Innova S.p.A. via del Follatoio, 12 &#8211; 34148 Trieste (TS), Italie T\u00e9l\u00e9phone : +39 040 898511 Email : info@innovatrieste.it, commerciali@innovatrieste.it, international@innovatrieste.it, assistenza@innovatrieste.it, technical.support@innovatrieste.it, amministrazione@innovatrieste.it Statut &hellip; <a href=\"https:\/\/earsandeyes.noblogs.org\/fr\/innova\/\">Continuer la lecture <span class=\"meta-nav\">&rarr;<\/span><\/a><\/p>\n","protected":false},"author":13290,"featured_media":0,"parent":0,"menu_order":0,"comment_status":"closed","ping_status":"closed","template":"","meta":{"_locale":"fr_FR","_original_post":"345","footnotes":""},"class_list":["post-1234","page","type-page","status-publish","hentry","fr-FR"],"_links":{"self":[{"href":"https:\/\/earsandeyes.noblogs.org\/wp-json\/wp\/v2\/pages\/1234","targetHints":{"allow":["GET"]}}],"collection":[{"href":"https:\/\/earsandeyes.noblogs.org\/wp-json\/wp\/v2\/pages"}],"about":[{"href":"https:\/\/earsandeyes.noblogs.org\/wp-json\/wp\/v2\/types\/page"}],"author":[{"embeddable":true,"href":"https:\/\/earsandeyes.noblogs.org\/wp-json\/wp\/v2\/users\/13290"}],"replies":[{"embeddable":true,"href":"https:\/\/earsandeyes.noblogs.org\/wp-json\/wp\/v2\/comments?post=1234"}],"version-history":[{"count":5,"href":"https:\/\/earsandeyes.noblogs.org\/wp-json\/wp\/v2\/pages\/1234\/revisions"}],"predecessor-version":[{"id":2182,"href":"https:\/\/earsandeyes.noblogs.org\/wp-json\/wp\/v2\/pages\/1234\/revisions\/2182"}],"wp:attachment":[{"href":"https:\/\/earsandeyes.noblogs.org\/wp-json\/wp\/v2\/media?parent=1234"}],"curies":[{"name":"wp","href":"https:\/\/api.w.org\/{rel}","templated":true}]}}