{"id":1230,"date":"2019-11-07T10:45:38","date_gmt":"2019-11-07T09:45:38","guid":{"rendered":"https:\/\/earsandeyes.noblogs.org\/?page_id=1230"},"modified":"2020-11-26T03:30:19","modified_gmt":"2020-11-26T02:30:19","slug":"ibou","status":"publish","type":"page","link":"https:\/\/earsandeyes.noblogs.org\/fr\/ibou\/","title":{"rendered":"Ibou"},"content":{"rendered":"<p><strong>Site officiel<\/strong> : <a href=\"https:\/\/ibou.fr\">ibou.fr<\/a><br \/>\n<strong>Adresse \u00e0 Saint-\u00c9tienne<\/strong> : 8, rue de la Richelandi\u00e8re<strong>, <\/strong>42100 St Etienne, France<br \/>\n<strong>T\u00e9l\u00e9phone<\/strong> : (+33) 04 82 37 14 08<\/p>\n<p><strong>Statut l\u00e9gal<\/strong> : Entreprise fran\u00e7aise fond\u00e9e en 2005.<br \/>\n<strong>Clients<\/strong> : Agences du maintien de l&rsquo;ordre fran\u00e7aises (d&rsquo;apr\u00e8s leur site web).<br \/>\n<strong>Produits<\/strong> : Grande gamme de produits logiciels et mat\u00e9riels, dont des syst\u00e8mes de surveillance par localisation. Une page de leur site web (qui n&rsquo;est plus disponible) d\u00e9crivait les syst\u00e8mes de surveillance par localisation commercialis\u00e9s par l&rsquo;entreprise.<\/p>\n","protected":false},"excerpt":{"rendered":"<p>Site officiel : ibou.fr Adresse \u00e0 Saint-\u00c9tienne : 8, rue de la Richelandi\u00e8re, 42100 St Etienne, France T\u00e9l\u00e9phone : (+33) 04 82 37 14 08 Statut l\u00e9gal : Entreprise fran\u00e7aise fond\u00e9e en 2005. Clients : Agences du maintien de l&rsquo;ordre &hellip; <a href=\"https:\/\/earsandeyes.noblogs.org\/fr\/ibou\/\">Continuer la lecture <span class=\"meta-nav\">&rarr;<\/span><\/a><\/p>\n","protected":false},"author":13290,"featured_media":0,"parent":0,"menu_order":0,"comment_status":"closed","ping_status":"closed","template":"","meta":{"_locale":"fr_FR","_original_post":"365","footnotes":""},"class_list":["post-1230","page","type-page","status-publish","hentry","fr-FR"],"_links":{"self":[{"href":"https:\/\/earsandeyes.noblogs.org\/wp-json\/wp\/v2\/pages\/1230","targetHints":{"allow":["GET"]}}],"collection":[{"href":"https:\/\/earsandeyes.noblogs.org\/wp-json\/wp\/v2\/pages"}],"about":[{"href":"https:\/\/earsandeyes.noblogs.org\/wp-json\/wp\/v2\/types\/page"}],"author":[{"embeddable":true,"href":"https:\/\/earsandeyes.noblogs.org\/wp-json\/wp\/v2\/users\/13290"}],"replies":[{"embeddable":true,"href":"https:\/\/earsandeyes.noblogs.org\/wp-json\/wp\/v2\/comments?post=1230"}],"version-history":[{"count":3,"href":"https:\/\/earsandeyes.noblogs.org\/wp-json\/wp\/v2\/pages\/1230\/revisions"}],"predecessor-version":[{"id":1831,"href":"https:\/\/earsandeyes.noblogs.org\/wp-json\/wp\/v2\/pages\/1230\/revisions\/1831"}],"wp:attachment":[{"href":"https:\/\/earsandeyes.noblogs.org\/wp-json\/wp\/v2\/media?parent=1230"}],"curies":[{"name":"wp","href":"https:\/\/api.w.org\/{rel}","templated":true}]}}