{"id":1225,"date":"2019-11-07T10:45:38","date_gmt":"2019-11-07T09:45:38","guid":{"rendered":"https:\/\/earsandeyes.noblogs.org\/?page_id=1225"},"modified":"2021-03-26T07:41:21","modified_gmt":"2021-03-26T06:41:21","slug":"hidden-technology","status":"publish","type":"page","link":"https:\/\/earsandeyes.noblogs.org\/fr\/hidden-technology\/","title":{"rendered":"Hidden technology"},"content":{"rendered":"<p><em>Cette entreprise est \u00e9galement list\u00e9e sur : <a href=\"https:\/\/buggedplanet.info\/index.php?title=HIDDEN-TECHNOLOGY-SYSTEMS\">Bugged Planet<\/a><\/em><\/p>\n<p><strong>Site officiel<\/strong> : <a href=\"https:\/\/hiddentec.com\">hiddentec.com<\/a><br \/>\n<strong>Adresse au Royaume-Uni (adresse principale)<\/strong> : Roach View Business Park, Millhead Way, Rochford, Essex, SS4 1LB<br \/>\n<strong>Adresse aux Pays-Bas<\/strong> : Hiddentec R&amp;D, De Star 23b, 1601 MH Enkhuizen<br \/>\n<strong>Adresse aux \u00c9tats-Unis<\/strong> : HIDDENTEC USA Inc, 1115 South Dixie Freeway, New Smyrna Beach, FL 32168<\/p>\n<p><strong>Statut l\u00e9gal<\/strong> : Entreprise britannique fond\u00e9e en 2003, enregistr\u00e9e sous le nom de Hidden Technology Systems International.<br \/>\n<strong>Clients<\/strong> : Agences du maintien de l&rsquo;ordre et organisations militaires (d&rsquo;apr\u00e8s leur site web).<br \/>\n<strong>Products<\/strong> : Syst\u00e8mes de surveillance audio, vid\u00e9o, et par localisation. Leur site web ne donne pas d&rsquo;informations \u00e0 propos de leurs produits.<\/p>\n<p>Une <a href=\"https:\/\/www.wikileaks.org\/spyfiles\/docs\/HIDDENTECHNOLOGYSYSTEMS-2011-LocaTracsyst-en.pdf\">brochure publicitaire<\/a> pour l&rsquo;entreprise dat\u00e9e de 2011 a fuit\u00e9 dans les Spy Files (un grand ensemble de documents divulgu\u00e9s par Wikileaks entre 2011 et 2014). Elle donne une vue d&rsquo;ensemble des dispositifs de surveillance par localisation commercialis\u00e9s par l&rsquo;entreprise, sans sp\u00e9cifications techniques.<\/p>\n<p>D&rsquo;autres documents disponibles d\u00e9crivent les dispositifs de surveillance commercialis\u00e9s par l&rsquo;entreprise, avec des sp\u00e9cifications techniques et des photos. Les dipositifs d\u00e9crits incluent :<\/p>\n<ul>\n<li>Un appareil de surveillance audio classique appel\u00e9 <a href=\"https:\/\/assets.documentcloud.org\/documents\/711423\/brochure575.pdf\">INFORMER<\/a>, et un appareil de surveillance audio <a href=\"https:\/\/assets.documentcloud.org\/documents\/711428\/brochure580.pdf\">d\u00e9guis\u00e9 en t\u00e9l\u00e9phone portable<\/a>.<\/li>\n<li>Un appareil de surveillance vid\u00e9o appel\u00e9 <a href=\"https:\/\/assets.documentcloud.org\/documents\/711422\/brochure574.pdf\">HV1<\/a>.<\/li>\n<li>Des appareils de surveillance par localisation :\n<ul>\n<li>Les balises de la s\u00e9rie MagnaTik : <a href=\"https:\/\/assets.documentcloud.org\/documents\/810746\/872-hidden-technology-systems-international.pdf\">MagnaTik<\/a>, <a href=\"https:\/\/assets.documentcloud.org\/documents\/711425\/brochure577.pdf\">MagnaTik Mk3<\/a>, <a href=\"https:\/\/assets.documentcloud.org\/documents\/810743\/869-hidden-technology-systems-international.pdf\">MAG5<\/a>.<\/li>\n<li>D&rsquo;autres balises : <a href=\"https:\/\/assets.documentcloud.org\/documents\/810745\/871-hidden-technology-systems-international.pdf\">Modular XT<\/a>, <a href=\"https:\/\/assets.documentcloud.org\/documents\/810744\/870-hidden-technology-systems-international.pdf\">Modular V3<\/a>, <a href=\"https:\/\/assets.documentcloud.org\/documents\/711427\/brochure579.pdf\">UC Modular V2<\/a>, <a href=\"https:\/\/assets.documentcloud.org\/documents\/711429\/brochure581.pdf\">T1<\/a>, <a href=\"https:\/\/assets.documentcloud.org\/documents\/711421\/brochure573.pdf\">HiSAT 101<\/a>.<\/li>\n<\/ul>\n<\/li>\n<\/ul>\n","protected":false},"excerpt":{"rendered":"<p>Cette entreprise est \u00e9galement list\u00e9e sur : Bugged Planet Site officiel : hiddentec.com Adresse au Royaume-Uni (adresse principale) : Roach View Business Park, Millhead Way, Rochford, Essex, SS4 1LB Adresse aux Pays-Bas : Hiddentec R&amp;D, De Star 23b, 1601 MH &hellip; <a href=\"https:\/\/earsandeyes.noblogs.org\/fr\/hidden-technology\/\">Continuer la lecture <span class=\"meta-nav\">&rarr;<\/span><\/a><\/p>\n","protected":false},"author":13290,"featured_media":0,"parent":0,"menu_order":0,"comment_status":"closed","ping_status":"closed","template":"","meta":{"_locale":"fr_FR","_original_post":"379","footnotes":""},"class_list":["post-1225","page","type-page","status-publish","hentry","fr-FR"],"_links":{"self":[{"href":"https:\/\/earsandeyes.noblogs.org\/wp-json\/wp\/v2\/pages\/1225","targetHints":{"allow":["GET"]}}],"collection":[{"href":"https:\/\/earsandeyes.noblogs.org\/wp-json\/wp\/v2\/pages"}],"about":[{"href":"https:\/\/earsandeyes.noblogs.org\/wp-json\/wp\/v2\/types\/page"}],"author":[{"embeddable":true,"href":"https:\/\/earsandeyes.noblogs.org\/wp-json\/wp\/v2\/users\/13290"}],"replies":[{"embeddable":true,"href":"https:\/\/earsandeyes.noblogs.org\/wp-json\/wp\/v2\/comments?post=1225"}],"version-history":[{"count":3,"href":"https:\/\/earsandeyes.noblogs.org\/wp-json\/wp\/v2\/pages\/1225\/revisions"}],"predecessor-version":[{"id":2177,"href":"https:\/\/earsandeyes.noblogs.org\/wp-json\/wp\/v2\/pages\/1225\/revisions\/2177"}],"wp:attachment":[{"href":"https:\/\/earsandeyes.noblogs.org\/wp-json\/wp\/v2\/media?parent=1225"}],"curies":[{"name":"wp","href":"https:\/\/api.w.org\/{rel}","templated":true}]}}