{"id":1218,"date":"2019-11-07T10:45:38","date_gmt":"2019-11-07T09:45:38","guid":{"rendered":"https:\/\/earsandeyes.noblogs.org\/?page_id=1218"},"modified":"2020-11-26T03:20:53","modified_gmt":"2020-11-26T02:20:53","slug":"gts-services","status":"publish","type":"page","link":"https:\/\/earsandeyes.noblogs.org\/fr\/gts-services\/","title":{"rendered":"GTS SERVICES"},"content":{"rendered":"<p><strong>Site officiel<\/strong> : <a href=\"http:\/\/gts-services.fr\">gts-services.fr<\/a><br \/>\n<strong>Adresse<\/strong> : 35 rue Santos Dumont, 75015 Paris, France<br \/>\n<strong>Email<\/strong> : s.jan2@orange.fr<\/p>\n<p><strong>Statut l\u00e9gal<\/strong> : Entreprise fran\u00e7aise.<br \/>\n<strong>Clients<\/strong> : Agences du maintien de l&rsquo;ordre et gouvernements (d&rsquo;apr\u00e8s leur site web).<br \/>\n<strong>Produits<\/strong> : Dispositifs de surveillance audio. Leur site web ne donne aucun d\u00e9tails de leurs produits.<\/p>\n<p>Plusieurs documents disponibles, dat\u00e9s entre 2017 et 2018, d\u00e9crivent les dispositifs de surveillance commercialis\u00e9s par l&rsquo;entreprise, avec des sp\u00e9cifications techniques et des photos. Les liens vers ces documents sont donn\u00e9s plus bas.<\/p>\n<p>Les dispisitifs de surveillance audio commercialis\u00e9s par l&rsquo;entreprise incluent :<\/p>\n<ul>\n<li>Des appareils appel\u00e9s <a href=\"https:\/\/earsandeyes.noblogs.org\/files\/2019\/10\/AGT-030-FRA-01042018.pdf\">AGT 030<\/a> et <a href=\"https:\/\/earsandeyes.noblogs.org\/files\/2019\/10\/AGT-150-FRA-01042018.pdf\">AGT 150<\/a> capables d&rsquo;enregistrer l&rsquo;audio et de stocker les donn\u00e9es enregistr\u00e9es sur une m\u00e9moire interne, ou de les transmettre sur les r\u00e9seaux t\u00e9l\u00e9phoniques 2G\/3G. Ils peuvent \u00eatre aliment\u00e9s par une batterie ou connect\u00e9s au syst\u00e8me \u00e9lectrique d&rsquo;un b\u00e2timent ou d&rsquo;un v\u00e9hicule. Leurs capteurs internes leur permettent d&rsquo;enregistrer seulement lorsque du bruit ou du mouvement sont d\u00e9tect\u00e9s.<\/li>\n<li>Un appareil appel\u00e9 <a href=\"https:\/\/earsandeyes.noblogs.org\/files\/2019\/10\/DAR-600-FRA-01042018.pdf\">DAR 600<\/a> capable d&rsquo;enregistrer l&rsquo;audio et de stocker les donn\u00e9es enregistr\u00e9es sur une m\u00e9moire interne. Il peut \u00eatre \u00e9quipp\u00e9 de jusqu&rsquo;\u00e0 quatre microphones, ce qui lui permet d&rsquo;enregistrer seulement le son provenant d&rsquo;une r\u00e9gion sp\u00e9cifique de l&rsquo;espace autour de l&rsquo;appareil.<\/li>\n<\/ul>\n<p>L&rsquo;entreprise commercialise aussi un appareil appel\u00e9 <a href=\"https:\/\/earsandeyes.noblogs.org\/files\/2019\/10\/CIS-2300-ENG-01012017.pdf\">CIS 2300<\/a> capable d&rsquo;intercepter les communications Wi-Fi et d&rsquo;enregistrer les donn\u00e9es intercept\u00e9es. Il peut aussi falsifier les communications Wi-Fi pour cr\u00e9er de fausses pages web et obtenir les identifiants des personnes utilisant un r\u00e9seau Wi-Fi, ou injecter des virus dans leurs ordinateurs. L&rsquo;appareil peut \u00eatre contr\u00f4l\u00e9 \u00e0 distance par les r\u00e9seaux t\u00e9l\u00e9phoniques 3G\/4G.<\/p>\n","protected":false},"excerpt":{"rendered":"<p>Site officiel : gts-services.fr Adresse : 35 rue Santos Dumont, 75015 Paris, France Email : s.jan2@orange.fr Statut l\u00e9gal : Entreprise fran\u00e7aise. Clients : Agences du maintien de l&rsquo;ordre et gouvernements (d&rsquo;apr\u00e8s leur site web). Produits : Dispositifs de surveillance audio. &hellip; <a href=\"https:\/\/earsandeyes.noblogs.org\/fr\/gts-services\/\">Continuer la lecture <span class=\"meta-nav\">&rarr;<\/span><\/a><\/p>\n","protected":false},"author":13290,"featured_media":0,"parent":0,"menu_order":0,"comment_status":"closed","ping_status":"closed","template":"","meta":{"_locale":"fr_FR","_original_post":"561","footnotes":""},"class_list":["post-1218","page","type-page","status-publish","hentry","fr-FR"],"_links":{"self":[{"href":"https:\/\/earsandeyes.noblogs.org\/wp-json\/wp\/v2\/pages\/1218","targetHints":{"allow":["GET"]}}],"collection":[{"href":"https:\/\/earsandeyes.noblogs.org\/wp-json\/wp\/v2\/pages"}],"about":[{"href":"https:\/\/earsandeyes.noblogs.org\/wp-json\/wp\/v2\/types\/page"}],"author":[{"embeddable":true,"href":"https:\/\/earsandeyes.noblogs.org\/wp-json\/wp\/v2\/users\/13290"}],"replies":[{"embeddable":true,"href":"https:\/\/earsandeyes.noblogs.org\/wp-json\/wp\/v2\/comments?post=1218"}],"version-history":[{"count":3,"href":"https:\/\/earsandeyes.noblogs.org\/wp-json\/wp\/v2\/pages\/1218\/revisions"}],"predecessor-version":[{"id":1823,"href":"https:\/\/earsandeyes.noblogs.org\/wp-json\/wp\/v2\/pages\/1218\/revisions\/1823"}],"wp:attachment":[{"href":"https:\/\/earsandeyes.noblogs.org\/wp-json\/wp\/v2\/media?parent=1218"}],"curies":[{"name":"wp","href":"https:\/\/api.w.org\/{rel}","templated":true}]}}