{"id":1214,"date":"2019-11-07T10:45:38","date_gmt":"2019-11-07T09:45:38","guid":{"rendered":"https:\/\/earsandeyes.noblogs.org\/?page_id=1214"},"modified":"2021-03-26T07:41:09","modified_gmt":"2021-03-26T06:41:09","slug":"gssi","status":"publish","type":"page","link":"https:\/\/earsandeyes.noblogs.org\/fr\/gssi\/","title":{"rendered":"GSSI"},"content":{"rendered":"<p><strong>Site officiel<\/strong> : <a href=\"https:\/\/www.groupe-ssi.com\">groupe-ssi.com<\/a><br \/>\n<strong>Adresse<\/strong> : 27, avenue de Paris 78000 Versailles &#8211; France<br \/>\n<strong>T\u00e9l\u00e9phone<\/strong> : +33 (0)1 39 25 03 75<br \/>\n<strong>Email<\/strong> : info@gssi.fr<\/p>\n<p><strong>Statut l\u00e9gal<\/strong> : Entreprise fran\u00e7aise fond\u00e9e en 1995, enregistr\u00e9e sous le nom de Groupe S\u00e9curit\u00e9 Service Industrie.<br \/>\n<strong>Clients<\/strong> : Gouvernements et agences du maintien de l&rsquo;ordre (d&rsquo;apr\u00e8s leur site web). Dans leur catalogue de 2019 (qui \u00e9tait auparavant disponible sur leur site web), l&rsquo;entreprise listait plusieurs agences du maintien de l&rsquo;ordre fran\u00e7aises comme faisant partie de leurs clients : la Gendarmerie Nationale, la Pr\u00e9fecture de Police, et la Direction de la police judiciaire.<br \/>\n<strong>Produits<\/strong> : Syst\u00e8mes de surveillance audio et vid\u00e9o. Leur catalogue de 2019 (qui \u00e9tait auparavant disponible sur leur site web) contient des pages qui d\u00e9crivent leurs syst\u00e8mes de surveillance audio et vid\u00e9o. \u00c0 l&rsquo;\u00e9poque o\u00f9 leur catalogue \u00e9tait encore disponible, on a cr\u00e9\u00e9 un document \u00e0 partir de ces pages. Ce document peut \u00eatre consult\u00e9 <a href=\"https:\/\/earsandeyes.noblogs.org\/files\/2019\/10\/GSSI-catalog-2019-covert-audio-video.pdf\">ici<\/a>.<\/p>\n","protected":false},"excerpt":{"rendered":"<p>Site officiel : groupe-ssi.com Adresse : 27, avenue de Paris 78000 Versailles &#8211; France T\u00e9l\u00e9phone : +33 (0)1 39 25 03 75 Email : info@gssi.fr Statut l\u00e9gal : Entreprise fran\u00e7aise fond\u00e9e en 1995, enregistr\u00e9e sous le nom de Groupe S\u00e9curit\u00e9 &hellip; <a href=\"https:\/\/earsandeyes.noblogs.org\/fr\/gssi\/\">Continuer la lecture <span class=\"meta-nav\">&rarr;<\/span><\/a><\/p>\n","protected":false},"author":13290,"featured_media":0,"parent":0,"menu_order":0,"comment_status":"closed","ping_status":"closed","template":"","meta":{"_locale":"fr_FR","_original_post":"555","footnotes":""},"class_list":["post-1214","page","type-page","status-publish","hentry","fr-FR"],"_links":{"self":[{"href":"https:\/\/earsandeyes.noblogs.org\/wp-json\/wp\/v2\/pages\/1214","targetHints":{"allow":["GET"]}}],"collection":[{"href":"https:\/\/earsandeyes.noblogs.org\/wp-json\/wp\/v2\/pages"}],"about":[{"href":"https:\/\/earsandeyes.noblogs.org\/wp-json\/wp\/v2\/types\/page"}],"author":[{"embeddable":true,"href":"https:\/\/earsandeyes.noblogs.org\/wp-json\/wp\/v2\/users\/13290"}],"replies":[{"embeddable":true,"href":"https:\/\/earsandeyes.noblogs.org\/wp-json\/wp\/v2\/comments?post=1214"}],"version-history":[{"count":6,"href":"https:\/\/earsandeyes.noblogs.org\/wp-json\/wp\/v2\/pages\/1214\/revisions"}],"predecessor-version":[{"id":2175,"href":"https:\/\/earsandeyes.noblogs.org\/wp-json\/wp\/v2\/pages\/1214\/revisions\/2175"}],"wp:attachment":[{"href":"https:\/\/earsandeyes.noblogs.org\/wp-json\/wp\/v2\/media?parent=1214"}],"curies":[{"name":"wp","href":"https:\/\/api.w.org\/{rel}","templated":true}]}}