{"id":1211,"date":"2019-11-07T10:45:38","date_gmt":"2019-11-07T09:45:38","guid":{"rendered":"https:\/\/earsandeyes.noblogs.org\/?page_id=1211"},"modified":"2021-03-26T07:40:57","modified_gmt":"2021-03-26T06:40:57","slug":"griff-comm","status":"publish","type":"page","link":"https:\/\/earsandeyes.noblogs.org\/fr\/griff-comm\/","title":{"rendered":"Griff Comm"},"content":{"rendered":"<p><em>Cette entreprise est \u00e9galement list\u00e9e sur : <a href=\"https:\/\/buggedplanet.info\/index.php?title=GRIFFCOMM\">Bugged Planet<\/a><\/em><\/p>\n<p>Ancienne entreprise britannique qui commercialisait des syst\u00e8mes de surveillance audio, vid\u00e9o, et par localisation \u00e0 des agences du maintien de l&rsquo;ordre. Elle a fait faillite en 2011. De nombreux <a href=\"https:\/\/search.wikileaks.org\/?q=GRIFFCOMM\">documents<\/a> des Spy Files (un grand ensemble de documents divulgu\u00e9s par Wikileaks entre 2011 et 2014) d\u00e9crivent leurs produits.<\/p>\n","protected":false},"excerpt":{"rendered":"<p>Cette entreprise est \u00e9galement list\u00e9e sur : Bugged Planet Ancienne entreprise britannique qui commercialisait des syst\u00e8mes de surveillance audio, vid\u00e9o, et par localisation \u00e0 des agences du maintien de l&rsquo;ordre. Elle a fait faillite en 2011. De nombreux documents des &hellip; <a href=\"https:\/\/earsandeyes.noblogs.org\/fr\/griff-comm\/\">Continuer la lecture <span class=\"meta-nav\">&rarr;<\/span><\/a><\/p>\n","protected":false},"author":13290,"featured_media":0,"parent":0,"menu_order":0,"comment_status":"closed","ping_status":"closed","template":"","meta":{"_locale":"fr_FR","_original_post":"395","footnotes":""},"class_list":["post-1211","page","type-page","status-publish","hentry","fr-FR"],"_links":{"self":[{"href":"https:\/\/earsandeyes.noblogs.org\/wp-json\/wp\/v2\/pages\/1211","targetHints":{"allow":["GET"]}}],"collection":[{"href":"https:\/\/earsandeyes.noblogs.org\/wp-json\/wp\/v2\/pages"}],"about":[{"href":"https:\/\/earsandeyes.noblogs.org\/wp-json\/wp\/v2\/types\/page"}],"author":[{"embeddable":true,"href":"https:\/\/earsandeyes.noblogs.org\/wp-json\/wp\/v2\/users\/13290"}],"replies":[{"embeddable":true,"href":"https:\/\/earsandeyes.noblogs.org\/wp-json\/wp\/v2\/comments?post=1211"}],"version-history":[{"count":2,"href":"https:\/\/earsandeyes.noblogs.org\/wp-json\/wp\/v2\/pages\/1211\/revisions"}],"predecessor-version":[{"id":2173,"href":"https:\/\/earsandeyes.noblogs.org\/wp-json\/wp\/v2\/pages\/1211\/revisions\/2173"}],"wp:attachment":[{"href":"https:\/\/earsandeyes.noblogs.org\/wp-json\/wp\/v2\/media?parent=1211"}],"curies":[{"name":"wp","href":"https:\/\/api.w.org\/{rel}","templated":true}]}}