{"id":1209,"date":"2019-11-07T10:45:38","date_gmt":"2019-11-07T09:45:38","guid":{"rendered":"https:\/\/earsandeyes.noblogs.org\/?page_id=1209"},"modified":"2021-03-26T07:40:43","modified_gmt":"2021-03-26T06:40:43","slug":"gr-sistemi","status":"publish","type":"page","link":"https:\/\/earsandeyes.noblogs.org\/fr\/gr-sistemi\/","title":{"rendered":"GR SISTEMI"},"content":{"rendered":"<p><strong>Site officiel<\/strong> : <a href=\"https:\/\/grsistemi.it\">grsistemi.it<\/a><br \/>\n<strong>Adresse<\/strong> : Via P. Calamandrei, 61, 20862 Arcore MB, Italie<br \/>\n<strong>T\u00e9l\u00e9phone<\/strong> : +39 039 614 265<br \/>\n<strong>Email<\/strong> : info@grsistemi.it<\/p>\n<p><strong>Statut l\u00e9gal<\/strong> : Entreprise italienne fond\u00e9e en 2002.<br \/>\n<strong>Clients<\/strong> : Agences du maintien de l&rsquo;ordre (d&rsquo;apr\u00e8s leur site web).<br \/>\n<strong>Produits<\/strong> : Syst\u00e8mes de surveillance audio, vid\u00e9o, et par localisation. Un r\u00e9sum\u00e9 tr\u00e8s bref de leurs produits de surveillance est donn\u00e9 sur une <a href=\"https:\/\/web.archive.org\/web\/20181117163821\/http:\/\/www.grsistemi.it:80\/?p=29\">version archiv\u00e9e d&rsquo;une page de leur site web<\/a> dat\u00e9e de 2018.<\/p>\n","protected":false},"excerpt":{"rendered":"<p>Site officiel : grsistemi.it Adresse : Via P. Calamandrei, 61, 20862 Arcore MB, Italie T\u00e9l\u00e9phone : +39 039 614 265 Email : info@grsistemi.it Statut l\u00e9gal : Entreprise italienne fond\u00e9e en 2002. Clients : Agences du maintien de l&rsquo;ordre (d&rsquo;apr\u00e8s leur &hellip; <a href=\"https:\/\/earsandeyes.noblogs.org\/fr\/gr-sistemi\/\">Continuer la lecture <span class=\"meta-nav\">&rarr;<\/span><\/a><\/p>\n","protected":false},"author":13290,"featured_media":0,"parent":0,"menu_order":0,"comment_status":"closed","ping_status":"closed","template":"","meta":{"_locale":"fr_FR","_original_post":"343","footnotes":""},"class_list":["post-1209","page","type-page","status-publish","hentry","fr-FR"],"_links":{"self":[{"href":"https:\/\/earsandeyes.noblogs.org\/wp-json\/wp\/v2\/pages\/1209","targetHints":{"allow":["GET"]}}],"collection":[{"href":"https:\/\/earsandeyes.noblogs.org\/wp-json\/wp\/v2\/pages"}],"about":[{"href":"https:\/\/earsandeyes.noblogs.org\/wp-json\/wp\/v2\/types\/page"}],"author":[{"embeddable":true,"href":"https:\/\/earsandeyes.noblogs.org\/wp-json\/wp\/v2\/users\/13290"}],"replies":[{"embeddable":true,"href":"https:\/\/earsandeyes.noblogs.org\/wp-json\/wp\/v2\/comments?post=1209"}],"version-history":[{"count":2,"href":"https:\/\/earsandeyes.noblogs.org\/wp-json\/wp\/v2\/pages\/1209\/revisions"}],"predecessor-version":[{"id":2171,"href":"https:\/\/earsandeyes.noblogs.org\/wp-json\/wp\/v2\/pages\/1209\/revisions\/2171"}],"wp:attachment":[{"href":"https:\/\/earsandeyes.noblogs.org\/wp-json\/wp\/v2\/media?parent=1209"}],"curies":[{"name":"wp","href":"https:\/\/api.w.org\/{rel}","templated":true}]}}