{"id":1205,"date":"2019-11-07T10:45:38","date_gmt":"2019-11-07T09:45:38","guid":{"rendered":"https:\/\/earsandeyes.noblogs.org\/?page_id=1205"},"modified":"2022-07-24T01:16:12","modified_gmt":"2022-07-23T23:16:12","slug":"gedion","status":"publish","type":"page","link":"https:\/\/earsandeyes.noblogs.org\/fr\/gedion\/","title":{"rendered":"Gedion"},"content":{"rendered":"<p><strong>Site officiel<\/strong> : <a href=\"https:\/\/www.gedion.lt\">gedion.lt<\/a><br \/>\n<strong>Address<\/strong> : Gedion, Ltd. Ukmerges 369a, Vilnius, LT-12142, Lituanie (d&rsquo;apr\u00e8s les documents non-dat\u00e9s qui d\u00e9crivent leurs produits)<br \/>\n<strong>T\u00e9l\u00e9phone<\/strong> : +370 689 24 965<br \/>\n<strong>Email<\/strong> : info@gedion.lt<\/p>\n<p><strong>Statut l\u00e9gal<\/strong> : Entreprise lituanienne enregistr\u00e9e sous le nom de Bio Solutions.<br \/>\n<strong>Clients<\/strong> : Agences du maintien de l&rsquo;ordre gouvernementales (d&rsquo;apr\u00e8s leur site web).<br \/>\n<strong>Produits<\/strong> : Dispositifs de surveillance audio, vid\u00e9o, et par localisation. Leur site web ne donne pas beaucoup de d\u00e9tails \u00e0 propos de leurs produits.<\/p>\n<p>Leur <a href=\"https:\/\/earsandeyes.noblogs.org\/files\/2022\/07\/Gedion-2021-catalog.pdf\">catalogue de 2021<\/a> a \u00e9t\u00e9 publi\u00e9 en 2022 par le collectif DDoSecrets.<\/p>\n<p>Plusieurs documents, plus vieux et non dat\u00e9s d\u00e9crivent leurs dispositifs de surveillance, avec des sp\u00e9cifications techniques et des photos. Les liens vers ces documents sont donn\u00e9s plus bas.<\/p>\n<p>Leurs dispositifs de surveillance audio incluent :<\/p>\n<ul>\n<li>Un appareil appel\u00e9 <a href=\"https:\/\/earsandeyes.noblogs.org\/files\/2019\/10\/Gedion-Kabuto.pdf\">Kabuto<\/a> capable d&rsquo;enregistrer l&rsquo;audio et de stocker les enregistrements sur une m\u00e9moire interne, sans les transmettre.<\/li>\n<li>Des appareils appel\u00e9s <a href=\"https:\/\/earsandeyes.noblogs.org\/files\/2019\/10\/Gedion-MicroWi.pdf\">MicroWi<\/a> et <a href=\"https:\/\/earsandeyes.noblogs.org\/files\/2019\/10\/Gedion-Katana-FT1.pdf\">Katana FT-1<\/a> capables d&rsquo;enregistrer l&rsquo;audio, de stocker les enregistrements sur une m\u00e9moire interne, et de transmettre les enregistrements soit par Wi-Fi soit par le r\u00e9seau t\u00e9l\u00e9phonique 3G.<\/li>\n<\/ul>\n<p>L&rsquo;entreprise commercialise un dispositif de surveillance vid\u00e9o appel\u00e9 <a href=\"https:\/\/earsandeyes.noblogs.org\/files\/2019\/10\/Gedion-Micro-Ip-Camera.pdf\">Micro IP Camera<\/a> capable d&rsquo;enregistrer la vid\u00e9o et l&rsquo;audio sur une m\u00e9moire interne, et de transmettre les enregistrements par Wi-Fi, ethernet, ou par le r\u00e9seau t\u00e9l\u00e9phonique 3G.<\/p>\n<p>Leurs dispositifs de surveillance par localisation incluent :<\/p>\n<ul>\n<li>Un appareil appel\u00e9 <a href=\"https:\/\/earsandeyes.noblogs.org\/files\/2019\/10\/Gedion-MAGAV-300.pdf\">MAGAV-300<\/a> capable d&rsquo;obtenir sa propre position en utilisant le GPS, et de transmettre les donn\u00e9es de localisation sur le r\u00e9seau GSM. Il est aliment\u00e9 par une batterie et inclut un capteur de mouvement afin de fonctionner seulement lorsqu&rsquo;un v\u00e9hicule est en mouvement. Il inclut aussi un capteur de d\u00e9tachement avec alarme (\u00ab\u00a0detach alarm sensor\u00a0\u00bb) capable de d\u00e9tecter lorsque l&rsquo;appareil est retir\u00e9 de sa position.<\/li>\n<li>Un appareil appel\u00e9 <a href=\"https:\/\/earsandeyes.noblogs.org\/files\/2019\/10\/Gedion-Hadasa.pdf\">Hadasa<\/a> capable d&rsquo;obtenir sa propre position en utilisant soit le GPS, soit les identifiants des antennes-relais auxquelles il se connecte, et de transmettre les donn\u00e9es de localisation sur le r\u00e9seau GSM. Il peut \u00eatre aliment\u00e9 par une batterie ou connect\u00e9 au syst\u00e8me \u00e9lectrique d&rsquo;un v\u00e9hicule, et inclut un acc\u00e9l\u00e9rom\u00e8tre avec de fonctionner seulement lorsqu&rsquo;un v\u00e9hicule est en mouvement. Il peut aussi enregistrer l&rsquo;audio.<\/li>\n<li>Un appareil appel\u00e9 Shamir. Le seul document disponible \u00e0 propos de cet appareil est son <a href=\"https:\/\/earsandeyes.noblogs.org\/files\/2019\/10\/Gedion-Shamir.pdf\">manuel d&rsquo;installation<\/a>.<\/li>\n<\/ul>\n<p>L&rsquo;entreprise commercialise aussi un appareil appel\u00e9 <a href=\"https:\/\/earsandeyes.noblogs.org\/files\/2019\/10\/Gedion-Urken-IS-1.pdf\">Urken IS-1<\/a> con\u00e7u pour g\u00e9rer les alimentations \u00e9lectriques des autres appareils afin d&rsquo;\u00e9conomiser de l&rsquo;\u00e9nergie.<\/p>\n","protected":false},"excerpt":{"rendered":"<p>Site officiel : gedion.lt Address : Gedion, Ltd. Ukmerges 369a, Vilnius, LT-12142, Lituanie (d&rsquo;apr\u00e8s les documents non-dat\u00e9s qui d\u00e9crivent leurs produits) T\u00e9l\u00e9phone : +370 689 24 965 Email : info@gedion.lt Statut l\u00e9gal : Entreprise lituanienne enregistr\u00e9e sous le nom de &hellip; <a href=\"https:\/\/earsandeyes.noblogs.org\/fr\/gedion\/\">Continuer la lecture <span class=\"meta-nav\">&rarr;<\/span><\/a><\/p>\n","protected":false},"author":13290,"featured_media":0,"parent":0,"menu_order":0,"comment_status":"closed","ping_status":"closed","template":"","meta":{"_locale":"fr_FR","_original_post":"540","footnotes":""},"class_list":["post-1205","page","type-page","status-publish","hentry","fr-FR"],"_links":{"self":[{"href":"https:\/\/earsandeyes.noblogs.org\/wp-json\/wp\/v2\/pages\/1205","targetHints":{"allow":["GET"]}}],"collection":[{"href":"https:\/\/earsandeyes.noblogs.org\/wp-json\/wp\/v2\/pages"}],"about":[{"href":"https:\/\/earsandeyes.noblogs.org\/wp-json\/wp\/v2\/types\/page"}],"author":[{"embeddable":true,"href":"https:\/\/earsandeyes.noblogs.org\/wp-json\/wp\/v2\/users\/13290"}],"replies":[{"embeddable":true,"href":"https:\/\/earsandeyes.noblogs.org\/wp-json\/wp\/v2\/comments?post=1205"}],"version-history":[{"count":5,"href":"https:\/\/earsandeyes.noblogs.org\/wp-json\/wp\/v2\/pages\/1205\/revisions"}],"predecessor-version":[{"id":2480,"href":"https:\/\/earsandeyes.noblogs.org\/wp-json\/wp\/v2\/pages\/1205\/revisions\/2480"}],"wp:attachment":[{"href":"https:\/\/earsandeyes.noblogs.org\/wp-json\/wp\/v2\/media?parent=1205"}],"curies":[{"name":"wp","href":"https:\/\/api.w.org\/{rel}","templated":true}]}}