{"id":1202,"date":"2019-11-07T10:45:38","date_gmt":"2019-11-07T09:45:38","guid":{"rendered":"https:\/\/earsandeyes.noblogs.org\/?page_id=1202"},"modified":"2021-03-26T07:40:24","modified_gmt":"2021-03-26T06:40:24","slug":"gamma-group","status":"publish","type":"page","link":"https:\/\/earsandeyes.noblogs.org\/fr\/gamma-group\/","title":{"rendered":"Gamma Group"},"content":{"rendered":"<p><em>Cette entreprise est \u00e9galement list\u00e9e sur : <a href=\"https:\/\/buggedplanet.info\/index.php?title=GAMMA\">Bugged Planet<\/a>, <a href=\"https:\/\/en.wikipedia.org\/wiki\/Gamma_Group\">Wikipedia (en)<\/a><\/em><\/p>\n<p><strong>Site officiel<\/strong> : <a href=\"https:\/\/gammagroup.com\">https:\/\/gammagroup.com<\/a><br \/>\n<strong>Adresse<\/strong> : ?<br \/>\n<strong>T\u00e9l\u00e9phone<\/strong> : +44 7801497916 (d&rsquo;apr\u00e8s la <a href=\"https:\/\/www.ctsf.org.uk\/index.php\/en\/companies\/90\">description de leur entreprise<\/a> en tant que membre du Covert Technology Suppliers Forum)<br \/>\n<strong>Email<\/strong> : info@gammagroup.com<\/p>\n<p><strong>Statut l\u00e9gal<\/strong> : Entreprise britannique et allemande connue pour vendre des logiciels de surveillance \u00e0 des \u00ab\u00a0r\u00e9gimes non-d\u00e9mocratiques\u00a0\u00bb. Gamma Group est un partenaire \u00e9troit de l&rsquo;entreprise allemande <a href=\"https:\/\/earsandeyes.noblogs.org\/fr\/elaman\">Elaman<\/a>.<br \/>\n<strong>Clients<\/strong> : Agences du maintien de l&rsquo;ordre et gouvernements (d&rsquo;apr\u00e8s leur site web).<br \/>\n<strong>Produits<\/strong> : Grande gamme de syst\u00e8mes de surveillance. De nombreux documents des Spy Files (un grand ensemble de documents divulgu\u00e9s par Wikileaks entre 2011 et 2014) dat\u00e9s de 2011 d\u00e9crivent leurs produits, avec des catalogues et des sp\u00e9cifications techniques. Une page sp\u00e9ciale d\u00e9taille les <a href=\"https:\/\/earsandeyes.noblogs.org\/produits-elaman-gamma-group\">dispositifs de surveillance commercialis\u00e9s par Gamma Group \/ Elaman<\/a>.<\/p>\n<p>Une <a href=\"https:\/\/www.burojansen.nl\/politie\/gamma-group-louthean-nelson-arms-dealers-to-the-core-english-translation-of-article-from-observant-69\/\">analyse de l&rsquo;entreprise (en anglais)<\/a> a \u00e9t\u00e9 publi\u00e9e en septembre 2020 par l&rsquo;agence de recherche n\u00e9erlandaise <em>Buro Jansen &amp; Janssen<\/em>.<\/p>\n","protected":false},"excerpt":{"rendered":"<p>Cette entreprise est \u00e9galement list\u00e9e sur : Bugged Planet, Wikipedia (en) Site officiel : https:\/\/gammagroup.com Adresse : ? T\u00e9l\u00e9phone : +44 7801497916 (d&rsquo;apr\u00e8s la description de leur entreprise en tant que membre du Covert Technology Suppliers Forum) Email : info@gammagroup.com &hellip; <a href=\"https:\/\/earsandeyes.noblogs.org\/fr\/gamma-group\/\">Continuer la lecture <span class=\"meta-nav\">&rarr;<\/span><\/a><\/p>\n","protected":false},"author":13290,"featured_media":0,"parent":0,"menu_order":0,"comment_status":"closed","ping_status":"closed","template":"","meta":{"_locale":"fr_FR","_original_post":"391","footnotes":""},"class_list":["post-1202","page","type-page","status-publish","hentry","fr-FR"],"_links":{"self":[{"href":"https:\/\/earsandeyes.noblogs.org\/wp-json\/wp\/v2\/pages\/1202","targetHints":{"allow":["GET"]}}],"collection":[{"href":"https:\/\/earsandeyes.noblogs.org\/wp-json\/wp\/v2\/pages"}],"about":[{"href":"https:\/\/earsandeyes.noblogs.org\/wp-json\/wp\/v2\/types\/page"}],"author":[{"embeddable":true,"href":"https:\/\/earsandeyes.noblogs.org\/wp-json\/wp\/v2\/users\/13290"}],"replies":[{"embeddable":true,"href":"https:\/\/earsandeyes.noblogs.org\/wp-json\/wp\/v2\/comments?post=1202"}],"version-history":[{"count":3,"href":"https:\/\/earsandeyes.noblogs.org\/wp-json\/wp\/v2\/pages\/1202\/revisions"}],"predecessor-version":[{"id":2167,"href":"https:\/\/earsandeyes.noblogs.org\/wp-json\/wp\/v2\/pages\/1202\/revisions\/2167"}],"wp:attachment":[{"href":"https:\/\/earsandeyes.noblogs.org\/wp-json\/wp\/v2\/media?parent=1202"}],"curies":[{"name":"wp","href":"https:\/\/api.w.org\/{rel}","templated":true}]}}