{"id":1200,"date":"2019-11-07T10:45:38","date_gmt":"2019-11-07T09:45:38","guid":{"rendered":"https:\/\/earsandeyes.noblogs.org\/?page_id=1200"},"modified":"2020-11-26T03:00:08","modified_gmt":"2020-11-26T02:00:08","slug":"forsolution","status":"publish","type":"page","link":"https:\/\/earsandeyes.noblogs.org\/fr\/forsolution\/","title":{"rendered":"Forsolution"},"content":{"rendered":"<p><strong>Site officiel<\/strong> : <a href=\"https:\/\/forsolution.cz\">forsolution.cz<\/a><br \/>\n<strong>Adresse<\/strong> : Forsolution Ltd. Podnikatelska 553. 190 11 Prague 9, R\u00e9publique Tch\u00e8que<br \/>\n<strong>T\u00e9l\u00e9phone<\/strong> : +420 775 253 333<br \/>\n<strong>Email<\/strong> : info@forsolution.cz<\/p>\n<p><strong>Statut l\u00e9gal<\/strong> : Entreprise bas\u00e9e en R\u00e9publique Tch\u00e8que.<br \/>\n<strong>Clients<\/strong> : Agences du maintien de l&rsquo;ordre et gouvernements (d&rsquo;apr\u00e8s leur site web).<br \/>\n<strong>Produits<\/strong> : Dispositifs de surveillance audio et vid\u00e9o. Une <a href=\"https:\/\/web.archive.org\/web\/20190728154918\/https:\/\/www.forsolution.cz\/produkty-a-slu%C5%BEby.php\">version archiv\u00e9e d&rsquo;une page de leur site web<\/a> indique que l&rsquo;entreprise commercialise des enregistreurs audio miniatures et des enregistreurs vid\u00e9o miniatures, mais ne donne pas plus d&rsquo;informations.<\/p>\n","protected":false},"excerpt":{"rendered":"<p>Site officiel : forsolution.cz Adresse : Forsolution Ltd. Podnikatelska 553. 190 11 Prague 9, R\u00e9publique Tch\u00e8que T\u00e9l\u00e9phone : +420 775 253 333 Email : info@forsolution.cz Statut l\u00e9gal : Entreprise bas\u00e9e en R\u00e9publique Tch\u00e8que. Clients : Agences du maintien de l&rsquo;ordre &hellip; <a href=\"https:\/\/earsandeyes.noblogs.org\/fr\/forsolution\/\">Continuer la lecture <span class=\"meta-nav\">&rarr;<\/span><\/a><\/p>\n","protected":false},"author":13290,"featured_media":0,"parent":0,"menu_order":0,"comment_status":"closed","ping_status":"closed","template":"","meta":{"_locale":"fr_FR","_original_post":"679","footnotes":""},"class_list":["post-1200","page","type-page","status-publish","hentry","fr-FR"],"_links":{"self":[{"href":"https:\/\/earsandeyes.noblogs.org\/wp-json\/wp\/v2\/pages\/1200","targetHints":{"allow":["GET"]}}],"collection":[{"href":"https:\/\/earsandeyes.noblogs.org\/wp-json\/wp\/v2\/pages"}],"about":[{"href":"https:\/\/earsandeyes.noblogs.org\/wp-json\/wp\/v2\/types\/page"}],"author":[{"embeddable":true,"href":"https:\/\/earsandeyes.noblogs.org\/wp-json\/wp\/v2\/users\/13290"}],"replies":[{"embeddable":true,"href":"https:\/\/earsandeyes.noblogs.org\/wp-json\/wp\/v2\/comments?post=1200"}],"version-history":[{"count":3,"href":"https:\/\/earsandeyes.noblogs.org\/wp-json\/wp\/v2\/pages\/1200\/revisions"}],"predecessor-version":[{"id":1815,"href":"https:\/\/earsandeyes.noblogs.org\/wp-json\/wp\/v2\/pages\/1200\/revisions\/1815"}],"wp:attachment":[{"href":"https:\/\/earsandeyes.noblogs.org\/wp-json\/wp\/v2\/media?parent=1200"}],"curies":[{"name":"wp","href":"https:\/\/api.w.org\/{rel}","templated":true}]}}