{"id":1196,"date":"2019-11-07T10:45:38","date_gmt":"2019-11-07T09:45:38","guid":{"rendered":"https:\/\/earsandeyes.noblogs.org\/?page_id=1196"},"modified":"2019-11-07T10:45:38","modified_gmt":"2019-11-07T09:45:38","slug":"fgh-security","status":"publish","type":"page","link":"https:\/\/earsandeyes.noblogs.org\/fr\/fgh-security\/","title":{"rendered":"FGH Security"},"content":{"rendered":"<p><strong>Site officiel<\/strong> : <a href=\"https:\/\/fgh-security.com\">https:\/\/fgh-security.com<\/a><br \/>\n<strong>Adresse<\/strong> : (en 2013) Route de petit Pont, 45600 SULLY SUR LOIRE, France<br \/>\n<strong>T\u00e9l\u00e9phone<\/strong> : (en 2013) +33 2 38 38 12 83<br \/>\n<strong>Email<\/strong> : (en 2013) fgh.security@gmail.com<\/p>\n<p><strong>Statut l\u00e9gal<\/strong> : Entreprise fran\u00e7aise.<br \/>\n<strong>Clients<\/strong> : Agences gouvernementales, d&rsquo;apr\u00e8s un <a href=\"http:\/\/www.tc-gestion.com\/fichier_bdd\/1364393605.pdf\">document de 2013<\/a>, \u00e0 la page 60.<br \/>\n<strong>Produits<\/strong> : Syst\u00e8mes de surveillance audio, vid\u00e9o, et par localisation. D&rsquo;apr\u00e8s un document de 2013, \u00e0 la page 60, FGH Security distribue des produits commercialis\u00e9s par d&rsquo;autres entreprises, comme <a href=\"https:\/\/earsandeyes.noblogs.org\/fr\/domo-tactical-communications\">Domo Tactical Communications<\/a>, <a href=\"https:\/\/earsandeyes.noblogs.org\/fr\/ovation-systems\">Ovation Systems<\/a>, <a href=\"https:\/\/earsandeyes.noblogs.org\/fr\/providence-itf\">Providence ITF<\/a>, <a href=\"https:\/\/earsandeyes.noblogs.org\/fr\/innova\">Innova<\/a>, <a href=\"https:\/\/earsandeyes.noblogs.org\/fr\/wireonair\">WireOnAir<\/a>.<\/p>\n","protected":false},"excerpt":{"rendered":"<p>Site officiel : https:\/\/fgh-security.com Adresse : (en 2013) Route de petit Pont, 45600 SULLY SUR LOIRE, France T\u00e9l\u00e9phone : (en 2013) +33 2 38 38 12 83 Email : (en 2013) fgh.security@gmail.com Statut l\u00e9gal : Entreprise fran\u00e7aise. Clients : Agences &hellip; <a href=\"https:\/\/earsandeyes.noblogs.org\/fr\/fgh-security\/\">Continuer la lecture <span class=\"meta-nav\">&rarr;<\/span><\/a><\/p>\n","protected":false},"author":13290,"featured_media":0,"parent":0,"menu_order":0,"comment_status":"closed","ping_status":"closed","template":"","meta":{"_locale":"fr_FR","_original_post":"603","footnotes":""},"class_list":["post-1196","page","type-page","status-publish","hentry","fr-FR"],"_links":{"self":[{"href":"https:\/\/earsandeyes.noblogs.org\/wp-json\/wp\/v2\/pages\/1196","targetHints":{"allow":["GET"]}}],"collection":[{"href":"https:\/\/earsandeyes.noblogs.org\/wp-json\/wp\/v2\/pages"}],"about":[{"href":"https:\/\/earsandeyes.noblogs.org\/wp-json\/wp\/v2\/types\/page"}],"author":[{"embeddable":true,"href":"https:\/\/earsandeyes.noblogs.org\/wp-json\/wp\/v2\/users\/13290"}],"replies":[{"embeddable":true,"href":"https:\/\/earsandeyes.noblogs.org\/wp-json\/wp\/v2\/comments?post=1196"}],"version-history":[{"count":1,"href":"https:\/\/earsandeyes.noblogs.org\/wp-json\/wp\/v2\/pages\/1196\/revisions"}],"predecessor-version":[{"id":1197,"href":"https:\/\/earsandeyes.noblogs.org\/wp-json\/wp\/v2\/pages\/1196\/revisions\/1197"}],"wp:attachment":[{"href":"https:\/\/earsandeyes.noblogs.org\/wp-json\/wp\/v2\/media?parent=1196"}],"curies":[{"name":"wp","href":"https:\/\/api.w.org\/{rel}","templated":true}]}}