{"id":1193,"date":"2019-11-07T10:45:38","date_gmt":"2019-11-07T09:45:38","guid":{"rendered":"https:\/\/earsandeyes.noblogs.org\/?page_id=1193"},"modified":"2020-11-26T02:56:10","modified_gmt":"2020-11-26T01:56:10","slug":"exavision","status":"publish","type":"page","link":"https:\/\/earsandeyes.noblogs.org\/fr\/exavision\/","title":{"rendered":"Exavision"},"content":{"rendered":"<p><strong>Site officiel<\/strong> : <a href=\"http:\/\/www.exavision.com\">exavision.com<\/a><br \/>\n<strong>Adresse<\/strong> : Exavision SAS, ZAC Trajectoire, 8 Avenue Ernest Boffa, 30540 Milhaud, France<br \/>\n<strong>T\u00e9l\u00e9phone<\/strong> : +33 (0)4 66 74 66 00<br \/>\n<strong>Fax<\/strong> : +33 (0)4 66 74 66 10<br \/>\n<strong>Email<\/strong> : contact<span class=\"\">@exavision.co<\/span>m<\/p>\n<p><strong>Statut l\u00e9gal<\/strong> : Entreprise fran\u00e7aise fond\u00e9e en 1990.<br \/>\n<strong>Clients<\/strong> : Agences du maintien de l&rsquo;ordre et gouvernements (d&rsquo;apr\u00e8s leur site web).<br \/>\n<strong>Produits<\/strong> : Dispositifs de surveillance vid\u00e9o. Une <a href=\"https:\/\/exavision.com\/our-solutions\/homeland-security\/\">page de leur site web<\/a> liste les dispositifs de surveillance vid\u00e9o con\u00e7us pour \u00eatre cach\u00e9s commercialis\u00e9s par l&rsquo;entreprise, sans donner beaucoup de d\u00e9tails.<\/p>\n","protected":false},"excerpt":{"rendered":"<p>Site officiel : exavision.com Adresse : Exavision SAS, ZAC Trajectoire, 8 Avenue Ernest Boffa, 30540 Milhaud, France T\u00e9l\u00e9phone : +33 (0)4 66 74 66 00 Fax : +33 (0)4 66 74 66 10 Email : contact@exavision.com Statut l\u00e9gal : Entreprise &hellip; <a href=\"https:\/\/earsandeyes.noblogs.org\/fr\/exavision\/\">Continuer la lecture <span class=\"meta-nav\">&rarr;<\/span><\/a><\/p>\n","protected":false},"author":13290,"featured_media":0,"parent":0,"menu_order":0,"comment_status":"closed","ping_status":"closed","template":"","meta":{"_locale":"fr_FR","_original_post":"707","footnotes":""},"class_list":["post-1193","page","type-page","status-publish","hentry","fr-FR"],"_links":{"self":[{"href":"https:\/\/earsandeyes.noblogs.org\/wp-json\/wp\/v2\/pages\/1193","targetHints":{"allow":["GET"]}}],"collection":[{"href":"https:\/\/earsandeyes.noblogs.org\/wp-json\/wp\/v2\/pages"}],"about":[{"href":"https:\/\/earsandeyes.noblogs.org\/wp-json\/wp\/v2\/types\/page"}],"author":[{"embeddable":true,"href":"https:\/\/earsandeyes.noblogs.org\/wp-json\/wp\/v2\/users\/13290"}],"replies":[{"embeddable":true,"href":"https:\/\/earsandeyes.noblogs.org\/wp-json\/wp\/v2\/comments?post=1193"}],"version-history":[{"count":2,"href":"https:\/\/earsandeyes.noblogs.org\/wp-json\/wp\/v2\/pages\/1193\/revisions"}],"predecessor-version":[{"id":1810,"href":"https:\/\/earsandeyes.noblogs.org\/wp-json\/wp\/v2\/pages\/1193\/revisions\/1810"}],"wp:attachment":[{"href":"https:\/\/earsandeyes.noblogs.org\/wp-json\/wp\/v2\/media?parent=1193"}],"curies":[{"name":"wp","href":"https:\/\/api.w.org\/{rel}","templated":true}]}}