{"id":1185,"date":"2019-11-07T10:45:38","date_gmt":"2019-11-07T09:45:38","guid":{"rendered":"https:\/\/earsandeyes.noblogs.org\/?page_id=1185"},"modified":"2021-03-26T07:50:00","modified_gmt":"2021-03-26T06:50:00","slug":"euromicron","status":"publish","type":"page","link":"https:\/\/earsandeyes.noblogs.org\/fr\/euromicron\/","title":{"rendered":"euromicron"},"content":{"rendered":"<p><strong>Sites officiels<\/strong> : <a href=\"https:\/\/www.euromicron.de\">euromicron.de<\/a>, <a href=\"https:\/\/www.sim-secure.de\">sim-secure.de<\/a>, <a href=\"http:\/\/atecsag.com\">atecsag.com<\/a><br \/>\n<strong>Adresse de SIM Secure Information Management<\/strong> : Secure Information Management GmbH, Chemnitzer Stra\u00dfe 2, D- 67433 Neustadt a.d.W., Allemagne<br \/>\n<strong>Adresse de ATECS AG<\/strong> : Advanced Technology Solutions, <span class=\"contact-street\">Baarerstrasse 69 <\/span> <span class=\"contact-postcode\"> CH-6300 Zug<\/span><span class=\"contact-country\">, Suisse<\/span><br \/>\n<strong>Email<\/strong> : info@sim-secure.de, info@atecsag.com<\/p>\n<p><strong>Statut l\u00e9gal<\/strong> : Consortium allemand fond\u00e9 en 1998, enregistr\u00e9 sous le nom d&rsquo;euromicron AG. Plusieurs entreprises int\u00e9ressantes font partie du groupe euromicron : l&rsquo;entreprise allemande SIM Secure Information Management et sa filliale SIM Asia, et l&rsquo;entreprise ATECS AG, bas\u00e9e en Suisse.<br \/>\n<strong>Clients<\/strong> : Agences du maintien de l&rsquo;ordre et gouvernements (d&rsquo;apr\u00e8s les sites web des entreprises).<br \/>\n<strong>Produits<\/strong> : Syst\u00e8mes de surveillance audio, vid\u00e9o, et par localisation. Une <a href=\"https:\/\/www.sim-secure.de\/en\/products\">page<\/a> du site web de SIM Secure Information Management et une autre <a href=\"http:\/\/atecsag.com\/products\/\">page<\/a> du site web d&rsquo;ATECS AG listent les syst\u00e8mes de surveillance commercialis\u00e9s par ces entreprises, sans donner beaucoup de d\u00e9tails. Les deux sites web listent exactement les m\u00eame produits.<\/p>\n<p>Le <a href=\"https:\/\/earsandeyes.noblogs.org\/files\/2019\/10\/SIM-catalogue-2018.pdf\">catalogue de 2018<\/a> de SIM Secure Information Management est disponible. Il d\u00e9taille les syst\u00e8mes de surveillance commercialis\u00e9s par l&rsquo;entreprise, avec des sp\u00e9cifications techniques et des photos.<\/p>\n","protected":false},"excerpt":{"rendered":"<p>Sites officiels : euromicron.de, sim-secure.de, atecsag.com Adresse de SIM Secure Information Management : Secure Information Management GmbH, Chemnitzer Stra\u00dfe 2, D- 67433 Neustadt a.d.W., Allemagne Adresse de ATECS AG : Advanced Technology Solutions, Baarerstrasse 69 CH-6300 Zug, Suisse Email : &hellip; <a href=\"https:\/\/earsandeyes.noblogs.org\/fr\/euromicron\/\">Continuer la lecture <span class=\"meta-nav\">&rarr;<\/span><\/a><\/p>\n","protected":false},"author":13290,"featured_media":0,"parent":0,"menu_order":0,"comment_status":"closed","ping_status":"closed","template":"","meta":{"_locale":"fr_FR","_original_post":"584","footnotes":""},"class_list":["post-1185","page","type-page","status-publish","hentry","fr-FR"],"_links":{"self":[{"href":"https:\/\/earsandeyes.noblogs.org\/wp-json\/wp\/v2\/pages\/1185","targetHints":{"allow":["GET"]}}],"collection":[{"href":"https:\/\/earsandeyes.noblogs.org\/wp-json\/wp\/v2\/pages"}],"about":[{"href":"https:\/\/earsandeyes.noblogs.org\/wp-json\/wp\/v2\/types\/page"}],"author":[{"embeddable":true,"href":"https:\/\/earsandeyes.noblogs.org\/wp-json\/wp\/v2\/users\/13290"}],"replies":[{"embeddable":true,"href":"https:\/\/earsandeyes.noblogs.org\/wp-json\/wp\/v2\/comments?post=1185"}],"version-history":[{"count":6,"href":"https:\/\/earsandeyes.noblogs.org\/wp-json\/wp\/v2\/pages\/1185\/revisions"}],"predecessor-version":[{"id":2205,"href":"https:\/\/earsandeyes.noblogs.org\/wp-json\/wp\/v2\/pages\/1185\/revisions\/2205"}],"wp:attachment":[{"href":"https:\/\/earsandeyes.noblogs.org\/wp-json\/wp\/v2\/media?parent=1185"}],"curies":[{"name":"wp","href":"https:\/\/api.w.org\/{rel}","templated":true}]}}