{"id":1182,"date":"2019-11-07T10:45:38","date_gmt":"2019-11-07T09:45:38","guid":{"rendered":"https:\/\/earsandeyes.noblogs.org\/?page_id=1182"},"modified":"2021-03-26T07:49:50","modified_gmt":"2021-03-26T06:49:50","slug":"eskan","status":"publish","type":"page","link":"https:\/\/earsandeyes.noblogs.org\/fr\/eskan\/","title":{"rendered":"Eskan"},"content":{"rendered":"<p><strong>Site officiel<\/strong> : <a href=\"https:\/\/eskan.com\">eskan.com<\/a><br \/>\n<strong>Adresse<\/strong> : Eskan Electronics Ltd, 3B Kelvin Industrial Estate, Long Drive, Greenford, UB6 8WA, Royaume-Uni<br \/>\n<strong>T\u00e9l\u00e9phone<\/strong> : (0)44 20 8813 0776<br \/>\n<strong>Fax<\/strong> : (0)44 20 8833 7053<br \/>\n<strong>Email<\/strong> : info@eskan.com<\/p>\n<p><strong>Statut l\u00e9gal<\/strong> : Entreprise britannique fond\u00e9e en 2010, enregistr\u00e9e sous le nom d&rsquo;Eskan Electronics.<br \/>\n<strong>Clients<\/strong> : Agences du maintien de l&rsquo;ordre, gouvernements et l&rsquo;arm\u00e9e (d&rsquo;apr\u00e8s leur site web).<br \/>\n<strong>Produits<\/strong> : Syst\u00e8mes de surveillance audio. Une <a href=\"https:\/\/eskan.com\/product-category\/surveillance\/\">page de leur site web<\/a> liste les dispositifs de surveillance audio commercialis\u00e9s par l&rsquo;entreprise, sans donner beaucoup de d\u00e9tails aux utilisateurs non-enregistr\u00e9s.<\/p>\n<p>Leur <a href=\"https:\/\/wikileaks.org\/spyfiles\/docs\/ESKAN-2011-ElecSurvCoun-en.pdf\">catalogue<\/a> a fuit\u00e9 dans les Spy Files (un grand ensemble de documents divulgu\u00e9s par Wikileaks entre 2011 et 2014) en 2011. Il d\u00e9crit tous les syst\u00e8mes de surveillance audio commercialis\u00e9s par l&rsquo;entreprise, avec des sp\u00e9cifications techniques et des photos.<\/p>\n","protected":false},"excerpt":{"rendered":"<p>Site officiel : eskan.com Adresse : Eskan Electronics Ltd, 3B Kelvin Industrial Estate, Long Drive, Greenford, UB6 8WA, Royaume-Uni T\u00e9l\u00e9phone : (0)44 20 8813 0776 Fax : (0)44 20 8833 7053 Email : info@eskan.com Statut l\u00e9gal : Entreprise britannique fond\u00e9e &hellip; <a href=\"https:\/\/earsandeyes.noblogs.org\/fr\/eskan\/\">Continuer la lecture <span class=\"meta-nav\">&rarr;<\/span><\/a><\/p>\n","protected":false},"author":13290,"featured_media":0,"parent":0,"menu_order":0,"comment_status":"closed","ping_status":"closed","template":"","meta":{"_locale":"fr_FR","_original_post":"534","footnotes":""},"class_list":["post-1182","page","type-page","status-publish","hentry","fr-FR"],"_links":{"self":[{"href":"https:\/\/earsandeyes.noblogs.org\/wp-json\/wp\/v2\/pages\/1182","targetHints":{"allow":["GET"]}}],"collection":[{"href":"https:\/\/earsandeyes.noblogs.org\/wp-json\/wp\/v2\/pages"}],"about":[{"href":"https:\/\/earsandeyes.noblogs.org\/wp-json\/wp\/v2\/types\/page"}],"author":[{"embeddable":true,"href":"https:\/\/earsandeyes.noblogs.org\/wp-json\/wp\/v2\/users\/13290"}],"replies":[{"embeddable":true,"href":"https:\/\/earsandeyes.noblogs.org\/wp-json\/wp\/v2\/comments?post=1182"}],"version-history":[{"count":2,"href":"https:\/\/earsandeyes.noblogs.org\/wp-json\/wp\/v2\/pages\/1182\/revisions"}],"predecessor-version":[{"id":2203,"href":"https:\/\/earsandeyes.noblogs.org\/wp-json\/wp\/v2\/pages\/1182\/revisions\/2203"}],"wp:attachment":[{"href":"https:\/\/earsandeyes.noblogs.org\/wp-json\/wp\/v2\/media?parent=1182"}],"curies":[{"name":"wp","href":"https:\/\/api.w.org\/{rel}","templated":true}]}}