{"id":1175,"date":"2019-11-07T10:45:38","date_gmt":"2019-11-07T09:45:38","guid":{"rendered":"https:\/\/earsandeyes.noblogs.org\/?page_id=1175"},"modified":"2019-11-07T10:45:38","modified_gmt":"2019-11-07T09:45:38","slug":"elkron","status":"publish","type":"page","link":"https:\/\/earsandeyes.noblogs.org\/fr\/elkron\/","title":{"rendered":"Elkron"},"content":{"rendered":"<p><strong>Site officiel<\/strong> : <a href=\"https:\/\/www.elkron.it\">elkron.it<\/a><br \/>\n<strong>Adresse<\/strong> : Via Bologna, 188\/c, 10154 Torino, Italie<br \/>\n<strong>T\u00e9l\u00e9phone<\/strong> : +39 011 398 67 11<br \/>\n<strong>Fax<\/strong> : +39 011 398 67 03<br \/>\n<strong>Email<\/strong> : info@elkron.it<\/p>\n<p><strong>Statut l\u00e9gal<\/strong> : Entreprise italienne fond\u00e9e en 1974. En 2012, Elkron est devenue une filliale de l&rsquo;entreprise italienne Urmet.<br \/>\n<strong>Clients<\/strong> : Leurs produits ont \u00e9t\u00e9 retrouv\u00e9s en train de surveiller un squat en Italie, ce qui indique qu&rsquo;ils sont probablement utilis\u00e9s par des agences du maintien de l&rsquo;ordre.<br \/>\n<strong>Produits<\/strong> : Syst\u00e8mes de surveillance vid\u00e9o. Leur <a href=\"https:\/\/www.elkron.it\/it-it\/prodottiesoluzioni\/catalogoonline.aspx\">catalogue en ligne (italien)<\/a> liste les dispositifs de surveillance commercialis\u00e9s par l&rsquo;entreprise, dont des cam\u00e9ras miniatures dans la cat\u00e9gorie \u00ab\u00a0Videosorveglianza &gt; Sistemi analogici &gt; Appariti di ripresa &gt; Telecamere speciali\u00a0\u00bb, avec des sp\u00e9cifications techniques incompl\u00e8tes et des photos.<\/p>\n<p>Leur <a href=\"https:\/\/earsandeyes.noblogs.org\/files\/2019\/11\/Elkron-Video-surveillance-catalogue.pdf\">catalogue de 2010 d\u00e9di\u00e9 \u00e0 la vid\u00e9o-surveillance<\/a> est disponible. Il d\u00e9crit leurs dispositifs de surveillance, dont des cam\u00e9ras miniatures aux pages 26-28, avec des sp\u00e9cifications techniques et des photos.<\/p>\n<p><strong>Dispositifs retrouv\u00e9s<\/strong> : En juin 2014 \u00e0 G\u00eanes, Italie, trois de leurs cam\u00e9ras miniatures ont \u00e9t\u00e9 retrouv\u00e9es cach\u00e9es dans les ruelles autour d&rsquo;un squat. Ce cas est list\u00e9 dans notre <a href=\"https:\/\/earsandeyes.noblogs.org\/downloads\/\">liste d&rsquo;exemples de dispositifs de surveillance retrouv\u00e9s<\/a>, avec des photos de l&rsquo;<a href=\"https:\/\/earsandeyes.noblogs.org\/files\/2019\/11\/Genoa-2014-Elkron-cameras-front.jpg\">avant<\/a> et de l&rsquo;<a href=\"https:\/\/earsandeyes.noblogs.org\/files\/2019\/11\/Genoa-2014-Elkron-cameras-back.jpg\">arri\u00e8re<\/a> des cam\u00e9ras.<\/p>\n","protected":false},"excerpt":{"rendered":"<p>Site officiel : elkron.it Adresse : Via Bologna, 188\/c, 10154 Torino, Italie T\u00e9l\u00e9phone : +39 011 398 67 11 Fax : +39 011 398 67 03 Email : info@elkron.it Statut l\u00e9gal : Entreprise italienne fond\u00e9e en 1974. En 2012, Elkron &hellip; <a href=\"https:\/\/earsandeyes.noblogs.org\/fr\/elkron\/\">Continuer la lecture <span class=\"meta-nav\">&rarr;<\/span><\/a><\/p>\n","protected":false},"author":13290,"featured_media":0,"parent":0,"menu_order":0,"comment_status":"closed","ping_status":"closed","template":"","meta":{"_locale":"fr_FR","_original_post":"976","footnotes":""},"class_list":["post-1175","page","type-page","status-publish","hentry","fr-FR"],"_links":{"self":[{"href":"https:\/\/earsandeyes.noblogs.org\/wp-json\/wp\/v2\/pages\/1175","targetHints":{"allow":["GET"]}}],"collection":[{"href":"https:\/\/earsandeyes.noblogs.org\/wp-json\/wp\/v2\/pages"}],"about":[{"href":"https:\/\/earsandeyes.noblogs.org\/wp-json\/wp\/v2\/types\/page"}],"author":[{"embeddable":true,"href":"https:\/\/earsandeyes.noblogs.org\/wp-json\/wp\/v2\/users\/13290"}],"replies":[{"embeddable":true,"href":"https:\/\/earsandeyes.noblogs.org\/wp-json\/wp\/v2\/comments?post=1175"}],"version-history":[{"count":1,"href":"https:\/\/earsandeyes.noblogs.org\/wp-json\/wp\/v2\/pages\/1175\/revisions"}],"predecessor-version":[{"id":1178,"href":"https:\/\/earsandeyes.noblogs.org\/wp-json\/wp\/v2\/pages\/1175\/revisions\/1178"}],"wp:attachment":[{"href":"https:\/\/earsandeyes.noblogs.org\/wp-json\/wp\/v2\/media?parent=1175"}],"curies":[{"name":"wp","href":"https:\/\/api.w.org\/{rel}","templated":true}]}}