{"id":1155,"date":"2019-11-07T10:45:38","date_gmt":"2019-11-07T09:45:38","guid":{"rendered":"https:\/\/earsandeyes.noblogs.org\/?page_id=1155"},"modified":"2019-11-07T10:45:38","modified_gmt":"2019-11-07T09:45:38","slug":"produits-elaman-gamma-group","status":"publish","type":"page","link":"https:\/\/earsandeyes.noblogs.org\/fr\/produits-elaman-gamma-group\/","title":{"rendered":"Produits d&rsquo;Elaman \/ Gamma Group"},"content":{"rendered":"<p><em>Note : cette page d\u00e9taille les produits commercialis\u00e9s par l&rsquo;entreprise allemande <a href=\"https:\/\/earsandeyes.noblogs.org\/fr\/elaman\">Elaman<\/a> et la multinationale <a href=\"https:\/\/earsandeyes.noblogs.org\/fr\/gamma-group\">Gamma Group<\/a>.<br \/>\n<\/em><\/p>\n<p>D&rsquo;apr\u00e8s des documents des Spy Files (un grand ensemble de documents divulgu\u00e9s par Wikileaks entre 2011 et 2014) dat\u00e9s de 2011, il semble qu&rsquo;Elaman et Gamma Group (\u00e0 travers sa filliale Gamma Technical Surveillance Equipment) commercialisent exactement les m\u00eame dispositifs de surveillance. Par exemple, la <a href=\"https:\/\/www.wikileaks.org\/spyfiles\/files\/0\/186_201106-ISS-ELAMAN1.pdf\">newsletter d&rsquo;Elaman du premier trimestre de 2011<\/a> et la <a href=\"https:\/\/www.wikileaks.org\/spyfiles\/files\/0\/186_201106-ISS-ELAMAN1.pdf\">newsletter correspondante de Gamma Group<\/a> sont presque identiques et pr\u00e9sentent les m\u00eame produits. Par cons\u00e9quent, sur cette page on va consid\u00e9rer que les deux entreprises commercialisent les m\u00eame dispositifs de surveillance et ne pas les diff\u00e9rencier.<\/p>\n<h2>Catalogue de 2011<\/h2>\n<p>Le catalogue de 2011 d&rsquo;Elaman a fuit\u00e9 dans les Spy Files en 2011. Il peut \u00eatre t\u00e9l\u00e9charg\u00e9 sous la forme d&rsquo;<a href=\"https:\/\/www.wikileaks.org\/spyfiles\/files\/0\/124_ELAMAN-200805-CATALOGUE-P1.zip\">une archive d&rsquo;environ 200 Mo<\/a>. L&rsquo;archive contient les catalogues des produits commercialis\u00e9s par l&rsquo;entreprise, et les sp\u00e9cifications techniques de centaines de produits. Ces produits incluent des dispositifs de surveillance physiques : des syst\u00e8mes de surveillance audio, vid\u00e9o, et par localisation, mais aussi des v\u00e9hicules de surveillance, des m\u00e9todes et outils pour outrepasser les verrous et alarmes, et du mat\u00e9riel de contre-surveillance.<\/p>\n<p>Dans cette section, on va s&rsquo;int\u00e9resser aux dispositifs de surveillance physiques commercialis\u00e9s par Elaman \/ Gamma Group dans le catalogue d&rsquo;Elaman de 2011. Toutes les mentions de num\u00e9ros de page font r\u00e9f\u00e9rence au catalogue d&rsquo;\u00e9quipement de surveillance technique (\u00ab\u00a0Technical Surveillance Equipment Catalogue\u00a0\u00bb), accessible dans l&rsquo;archive \u00e0 \u00ab\u00a0elamancat\/C\/2_Technical Surveillance Equipment Catalogue.pdf\u00a0\u00bb.<\/p>\n<h3>Dispositifs de surveillance audio<\/h3>\n<div id=\"attachment_252\" style=\"width: 270px\" class=\"wp-caption alignright\"><a href=\"https:\/\/earsandeyes.noblogs.org\/files\/2019\/10\/Elaman-small-covert-microphone.png\"><img loading=\"lazy\" decoding=\"async\" aria-describedby=\"caption-attachment-252\" class=\"wp-image-252\" src=\"https:\/\/earsandeyes.noblogs.org\/files\/2019\/10\/Elaman-small-covert-microphone.png\" alt=\"\" width=\"260\" height=\"92\" srcset=\"https:\/\/earsandeyes.noblogs.org\/files\/2019\/10\/Elaman-small-covert-microphone.png 404w, https:\/\/earsandeyes.noblogs.org\/files\/2019\/10\/Elaman-small-covert-microphone-300x106.png 300w\" sizes=\"auto, (max-width: 260px) 100vw, 260px\" \/><\/a><p id=\"caption-attachment-252\" class=\"wp-caption-text\">Un des plus petits micros du catalogue (14.5 x 7.2 x 3.5 mm sans le c\u00e2ble). Il peut transmettre des donn\u00e9es par fr\u00e9quences radio mais n\u00e9cessite une alimentation \u00e9lectrique externe et n&rsquo;a pas de m\u00e9moire interne.<\/p><\/div>\n<p>Les dispositifs de surveillance audio sont d\u00e9crits aux pages 67-87, 95-123 et 127-152. Ils sont con\u00e7us pour \u00eatre cach\u00e9s dans des b\u00e2timents, des v\u00e9hicules, ou dehors. Ils offrent une large gamme de fonctionnalit\u00e9s :<\/p>\n<ul>\n<li>Acquisition sonore :\n<ul>\n<li>La plupart des dispositifs incluent des microphones standards qui convertissent le son en un signal \u00e9lectrique par induction \u00e9lectromagn\u00e9tique.<\/li>\n<li>Quelques dispositifs incluent des microphones optiques qui convertissent le son en un signal \u00e9lectrique en utilisant de la fibre optique pour capter les changements d&rsquo;intensit\u00e9 lumineuse. Ces dispositifs sont immunis\u00e9s aux interf\u00e9rences \u00e9lectromagn\u00e9tiques. Leurs composants \u00e9lectroniques peuvent \u00eatre s\u00e9par\u00e9s de la t\u00eate du microphone par jusqu&rsquo;\u00e0 1km de fibre optique : la t\u00eate du microphone ne contenant pas de parties m\u00e9talliques, elle ne peut pas \u00eatre d\u00e9tect\u00e9e avec des \u00e9quipements de d\u00e9tection standards tels que des d\u00e9tecteurs de jonction non-lin\u00e9aire (en anglais nonlinear junction detector ou NLJD).<\/li>\n<li>Quelques dispositifs incluent des microphones de contact qui convertissent le son en un signal \u00e9lectrique en captant les vibrations sonores au contact d&rsquo;objets solides. Ces dispositifs sont capables d&rsquo;\u00e9couter \u00e0 travers des murs, des portes, des fen\u00eatres ou d&rsquo;autres obstacles. Le dispositif de ce type le plus avanc\u00e9 peut \u00e9couter \u00e0 travers des murs jusqu&rsquo;\u00e0 80cm d&rsquo;\u00e9paisseur.<\/li>\n<li>Quelques dispositifs permettent la mise sur \u00e9coute des lignes du r\u00e9seau t\u00e9l\u00e9phonique commut\u00e9 (r\u00e9seau historique des t\u00e9l\u00e9phones fixes).<\/li>\n<\/ul>\n<\/li>\n<li>Transmission des donn\u00e9es : les donn\u00e9es sonores enregistr\u00e9es par les dispositifs peuvent \u00eatre transmises :\n<ul>\n<li>Par fr\u00e9quences radio (jusqu&rsquo;\u00e0 2 kilom\u00e8tres)<\/li>\n<li>Sur le r\u00e9seau GSM, soit par la voix &#8211; en appelant un num\u00e9ro de t\u00e9l\u00e9phone d\u00e9termin\u00e9 \u00e0 l&rsquo;avance lorsque du son est d\u00e9tect\u00e9 &#8211; soit par les donn\u00e9es<\/li>\n<li>En utilisant le courant porteur en ligne (CPL, en anglais power-line communication ou PLC) pour transmettre les donn\u00e9es \u00e0 travers les c\u00e2bles du r\u00e9seau \u00e9lectrique d&rsquo;un b\u00e2timent. En utilisant le CPL, un dispositif de surveillance connect\u00e9 au r\u00e9seau \u00e9lectrique d&rsquo;un b\u00e2timent peut transmettre des donn\u00e9es \u00e0 un r\u00e9cepteur connect\u00e9 \u00e0 un autre endroit du m\u00eame r\u00e9seau \u00e9lectrique, permettant la transmission des donn\u00e9es sans utiliser de fr\u00e9quences radio.<\/li>\n<\/ul>\n<\/li>\n<li>Source d&rsquo;\u00e9nergie : les dispositifs peuvent \u00eatre aliment\u00e9s par des batteries ou des alimentations \u00e9lectriques externes. Des tr\u00e8s petits adaptateurs \u00e9lectriques qui peuvent \u00eatre utilis\u00e9s pour alimenter les dispositifs \u00e0 partir d&rsquo;un syst\u00e8me \u00e9lectrique sont document\u00e9s aux pages 78-80. Certaines dispositifs sont con\u00e7us pour \u00eatre aliment\u00e9s par des batteries de v\u00e9hicules.<\/li>\n<li>\u00c9conomie d&rsquo;\u00e9nergie : afin d&rsquo;\u00e9conomiser l&rsquo;\u00e9nergie de leur batterie, certains dispositifs sont capables d&rsquo;enregistrer seulement lorsque du son est d\u00e9tect\u00e9.<\/li>\n<li>Fonctionnalit\u00e9s de contr\u00f4le \u00e0 distance : de nombreux dispositifs peuvent \u00eatre contr\u00f4l\u00e9s \u00e0 distance (par fr\u00e9quences radio ou par le r\u00e9seau GSM) afin de :\n<ul>\n<li>Allumer ou \u00e9teindre le dispositif, pour \u00e9conomiser la batterie ou \u00e9viter d&rsquo;\u00eatre d\u00e9tect\u00e9<\/li>\n<li>R\u00e9cup\u00e9rer les donn\u00e9es audio stock\u00e9es sur la m\u00e9moire interne du dispositif<\/li>\n<li>Changer les fr\u00e9quences de fonctionnement du dispositif, pour \u00e9viter des interf\u00e9rences ou contrecarrer des tentatives de d\u00e9tection<\/li>\n<li>R\u00e9cup\u00e9rer des informations sur l&rsquo;\u00e9tat du dispositif, comme l&rsquo;\u00e9tat de sa batterie<\/li>\n<\/ul>\n<\/li>\n<li>R\u00e9p\u00e9teurs : des appareils appel\u00e9s r\u00e9p\u00e9teurs peuvent \u00eatre utilis\u00e9s pour recevoir les donn\u00e9es d&rsquo;un dispositif de surveillance audio par fr\u00e9quences radio et les transmettre :\n<ul>\n<li>Par fr\u00e9quences radio, \u00e9tendant ainsi la port\u00e9e de transmission<\/li>\n<li>Sur le r\u00e9seau GSM<\/li>\n<li>Sur une ligne t\u00e9l\u00e9phonique classique du r\u00e9seau t\u00e9l\u00e9phonique commut\u00e9<\/li>\n<\/ul>\n<\/li>\n<li>D\u00e9tection de d\u00e9couverte : quelques dispositifs sont \u00e9quipp\u00e9s de capteurs de luminosit\u00e9 afin de d\u00e9tecter quand le dispositif est d\u00e9couvert et d&rsquo;envoyer une alarme \u00e0 l&rsquo;utilisateur du dispositif par SMS<\/li>\n<li>Capteur de mouvement : certaines dispositifs con\u00e7us pour \u00eatre cach\u00e9s dans des v\u00e9hicules ou autres objets en mouvement incluent un capteur de mouvement qui active le dispositif lorsque le v\u00e9hicule ou l&rsquo;objet se met en mouvement<\/li>\n<\/ul>\n<p>En plus de ces fonctionnalit\u00e9s, certains types sp\u00e9ciaux de dispositifs de surveillance audio apparaissent dans le catalogue :<\/p>\n<ul>\n<li>Les t\u00e9l\u00e9phones espions (\u00e0 la page 85) sont des t\u00e9l\u00e9phones portables sp\u00e9ciaux qui peuvent \u00eatre contr\u00f4l\u00e9s \u00e0 distance afin d&rsquo;intercepter les SMS et les appels passant par le t\u00e9l\u00e9phone. Ils peuvent \u00e9galement \u00eatre activ\u00e9s \u00e0 distance afin d&rsquo;enregistrer l&rsquo;audio sans que le t\u00e9l\u00e9phone ne montre aucun signe de cette activation. Il est \u00e0 noter que ces t\u00e9l\u00e9phones espions sont sp\u00e9cialement con\u00e7us \u00e0 cet effet, et que le catalogue d&rsquo;inclut pas de moyen de transformer des t\u00e9l\u00e9phones portables standards en t\u00e9l\u00e9phones espions.<\/li>\n<li>Des microphones tr\u00e8s fins (\u00e0 la page 139) sont con\u00e7us pour \u00eatre ins\u00e9r\u00e9s dans des murs en pl\u00e2tre, ou d&rsquo;autres murs apr\u00e8s y avoir perc\u00e9 un petit trou.<\/li>\n<li>Des matrices de microphones (aux pages 141-146) utilisent un grand nombre de micros afin d&rsquo;enregistrer avec pr\u00e9cision le son provenant d&rsquo;une r\u00e9gion sp\u00e9cifique de l&rsquo;espace entourant la matrice.<\/li>\n<\/ul>\n<h3>Dispositifs de surveillance vid\u00e9o<\/h3>\n<div id=\"attachment_264\" style=\"width: 181px\" class=\"wp-caption alignright\"><a href=\"https:\/\/earsandeyes.noblogs.org\/files\/2019\/10\/Elaman-small-covert-camera.png\"><img loading=\"lazy\" decoding=\"async\" aria-describedby=\"caption-attachment-264\" class=\"wp-image-264\" src=\"https:\/\/earsandeyes.noblogs.org\/files\/2019\/10\/Elaman-small-covert-camera.png\" alt=\"\" width=\"171\" height=\"154\" \/><\/a><p id=\"caption-attachment-264\" class=\"wp-caption-text\">Une des plus petites cam\u00e9ras du catalogue (14 x 15 x 9 mm). Elle n\u00e9cessite une alimentation \u00e9lectrique externe et une connexion par c\u00e2ble pour transmettre l&rsquo;enregistrement vid\u00e9o.<\/p><\/div>\n<p>Les dispositifs de surveillance vid\u00e9o sont d\u00e9crits aux pages 199-231 et 302-329. Ils sont con\u00e7us pour \u00eatre cach\u00e9s dans des b\u00e2timents, des v\u00e9hicules, ou dehors. Ils offrent les fonctionnalit\u00e9s suivantes :<\/p>\n<ul>\n<li>Enregistrement vid\u00e9o en couleur ou en noir et blanc &#8211; \u00e0 fonctionnalit\u00e9s identiques, les cam\u00e9ras couleur sont g\u00e9n\u00e9ralement un peu plus grosses que les cam\u00e9ras noir et blanc<\/li>\n<li>Des microphones peuvent \u00eatre connect\u00e9s aux dispositifs de surveillance vid\u00e9o pour enregistrer l&rsquo;audio en plus de la vid\u00e9o<\/li>\n<li>Transmission de donn\u00e9es par c\u00e2ble, fr\u00e9quences radios (jusqu&rsquo;\u00e0 4km) ou sur le r\u00e9seau GSM<\/li>\n<li>Certaines dispositifs sont capables de zoomer sur les images avec un zoom jusqu&rsquo;\u00e0 220x<\/li>\n<li>Afin d&rsquo;enregistrer seulement lorsque cela est n\u00e9cessaire, certains dispositifs peuvent \u00eatre activ\u00e9s par des capteurs :\n<ul>\n<li>Des capteurs infrarouge passifs (en anglais passive infrared sensors ou PIR) d\u00e9tectent le mouvement m\u00eame \u00ab\u00a0dans le noir\u00a0\u00bb<\/li>\n<li>Capteurs de vibration<\/li>\n<li>Capteurs de pression qui peuvent \u00eatre cach\u00e9s sous des paillassons ou des tapis<\/li>\n<\/ul>\n<\/li>\n<\/ul>\n<p>Un dispositif (\u00e0 la page 104) est con\u00e7u pour \u00eatre cach\u00e9 derri\u00e8re des murs dans le coin d&rsquo;une pi\u00e8ce. Pour fonctionner correctement, la cam\u00e9ra a seulement besoin qu&rsquo;un trou de 0.8mm de diam\u00e8tre soit perc\u00e9 dans le mur.<\/p>\n<h3>Dispositifs de localisation<\/h3>\n<div id=\"attachment_262\" style=\"width: 253px\" class=\"wp-caption alignright\"><a href=\"https:\/\/earsandeyes.noblogs.org\/files\/2019\/10\/Elaman-container-GPS-tracker.png\"><img loading=\"lazy\" decoding=\"async\" aria-describedby=\"caption-attachment-262\" class=\"wp-image-262\" src=\"https:\/\/earsandeyes.noblogs.org\/files\/2019\/10\/Elaman-container-GPS-tracker.png\" alt=\"\" width=\"243\" height=\"130\" srcset=\"https:\/\/earsandeyes.noblogs.org\/files\/2019\/10\/Elaman-container-GPS-tracker.png 494w, https:\/\/earsandeyes.noblogs.org\/files\/2019\/10\/Elaman-container-GPS-tracker-300x161.png 300w\" sizes=\"auto, (max-width: 243px) 100vw, 243px\" \/><\/a><p id=\"caption-attachment-262\" class=\"wp-caption-text\">Balise GPS commercialis\u00e9e par Elaman \/ Gamma Group &#8211; en forme de plaque de m\u00e9tal, elle est con\u00e7ue pour \u00eatre cach\u00e9e sur un container.<\/p><\/div>\n<p>Les dispositifs de localisation sont d\u00e9crits aux pages 50-63. Ils sont con\u00e7us pour \u00eatre cach\u00e9s \u00e0 l&rsquo;int\u00e9rieur ou attach\u00e9s \u00e0 l&rsquo;ext\u00e9rieur d&rsquo;un v\u00e9hicule ou autre objet en mouvement. Ils offrent une large gamme de fonctionnalit\u00e9s :<\/p>\n<ul>\n<li>M\u00e9thodes de localisation :\n<ul>\n<li>Le dispositif envoie un signal sur des fr\u00e9quences radio qui est re\u00e7u par l&rsquo;utilisateur du dispositif (juqu&rsquo;\u00e0 3 kilom\u00e8tres) et utilis\u00e9 pour estimer sa propre position<\/li>\n<li>Le dispositif utilise le GPS pour obtenir sa propre position<\/li>\n<li>Le dispositif utilise les identifiants des antennes-relais t\u00e9l\u00e9phoniques auxquelles il se connecte pour obtenir sa propre position<\/li>\n<\/ul>\n<\/li>\n<li>Transmission de donn\u00e9es : les donn\u00e9es de localisation peuvent \u00eatre transmises :\n<ul>\n<li>Par fr\u00e9quences radio re\u00e7ues par l&rsquo;utilisateur (jusqu&rsquo;\u00e0 3 kilom\u00e8tres)<\/li>\n<li>Sur le r\u00e9seau GSM \u00e0 des num\u00e9ros de t\u00e9l\u00e9phone d\u00e9termin\u00e9s \u00e0 l&rsquo;avance, soit par SMS soit par donn\u00e9es<\/li>\n<\/ul>\n<\/li>\n<li>Fr\u00e9quence de transmission des donn\u00e9es : les donn\u00e9es de localisation stock\u00e9es dans le dispositif (jusqu&rsquo;\u00e0 300.000 positions) peuvent \u00eatre transmises :\n<ul>\n<li>Selon des intervalles de temps choisies par l&rsquo;utilisateur<\/li>\n<li>Selon un calendrier horaire choisi par l&rsquo;utilisateur<\/li>\n<li>\u00c0 la demande, lorsque l&rsquo;utilisateur commande au dispositif de transmettre les donn\u00e9es &#8211; le dispositif peut \u00eatre command\u00e9 par fr\u00e9quences radio ou par le r\u00e9seau GSM<\/li>\n<li>Lorsqu&rsquo;une alarme est d\u00e9clench\u00e9e par \u00ab\u00a0geofencing\u00a0\u00bb &#8211; c&rsquo;est-\u00e0-dire lorsque le dispositif entre ou quitte certaines zones sp\u00e9cifiques choisies par l&rsquo;utilisateur<\/li>\n<\/ul>\n<\/li>\n<li>Source d&rsquo;alimentation : les dispositifs peuvent \u00eatre aliment\u00e9s par des batteries non-rechargeables, des batteries rechargeables, ou connect\u00e9s au syst\u00e8me \u00e9lectrique du v\u00e9hicule &#8211; par exemple, un dispositif est con\u00e7u pour \u00eatre connect\u00e9 \u00e0 l&rsquo;allume-cigare d&rsquo;une voiture<\/li>\n<li>\u00c9conomie d&rsquo;\u00e9nergie : afin d&rsquo;\u00e9conomiser de l&rsquo;\u00e9nergie, certains dispositifs peuvent entrer en \u00ab\u00a0mode veille\u00a0\u00bb :\n<ul>\n<li>Lorsque le v\u00e9hicule ou l&rsquo;objet n&rsquo;est pas en mouvement (gr\u00e2ce \u00e0 un d\u00e9tecteur de mouvement inclut dans le dispositif)<\/li>\n<li>\u00c0 des moments sp\u00e9cifiques choisis par l&rsquo;utilisateur<\/li>\n<li>Jusqu&rsquo;\u00e0 ce que l&rsquo;utilisateur commande au dispositif de sortir du mode veille<\/li>\n<\/ul>\n<\/li>\n<li>Installation rapide : certains dispositifs incluent un aimant afin d&rsquo;\u00eatre attach\u00e9s rapidement \u00e0 un v\u00e9hicule cible<\/li>\n<li>Enregistrement audio : des microphones peuvent \u00eatre connect\u00e9s \u00e0 certains dispositifs afin d&rsquo;enregistrer l&rsquo;audio, qui peut \u00eatre transmis en m\u00eame temps que les donn\u00e9es de localisation<\/li>\n<\/ul>\n<h3>Autres dispositifs de surveillance<\/h3>\n<p>Les pages 369 et 371-373 d\u00e9crivent des dispositifs con\u00e7us pour \u00eatre connect\u00e9s \u00e0 un clavier d&rsquo;ordinateur ou cach\u00e9s \u00e0 l&rsquo;int\u00e9rieur du clavier afin d&rsquo;enregistrer toutes les touches tap\u00e9es sur le clavier. Les touches enregistr\u00e9es peuvent \u00eatre stock\u00e9es dans la m\u00e9moire interne du dispositif, ou transmises par fr\u00e9quences radio ou sur le r\u00e9seau GSM.<\/p>\n","protected":false},"excerpt":{"rendered":"<p>Note : cette page d\u00e9taille les produits commercialis\u00e9s par l&rsquo;entreprise allemande Elaman et la multinationale Gamma Group. D&rsquo;apr\u00e8s des documents des Spy Files (un grand ensemble de documents divulgu\u00e9s par Wikileaks entre 2011 et 2014) dat\u00e9s de 2011, il semble &hellip; <a href=\"https:\/\/earsandeyes.noblogs.org\/fr\/produits-elaman-gamma-group\/\">Continuer la lecture <span class=\"meta-nav\">&rarr;<\/span><\/a><\/p>\n","protected":false},"author":13290,"featured_media":0,"parent":0,"menu_order":0,"comment_status":"closed","ping_status":"closed","template":"","meta":{"_locale":"fr_FR","_original_post":"245","footnotes":""},"class_list":["post-1155","page","type-page","status-publish","hentry","fr-FR"],"_links":{"self":[{"href":"https:\/\/earsandeyes.noblogs.org\/wp-json\/wp\/v2\/pages\/1155","targetHints":{"allow":["GET"]}}],"collection":[{"href":"https:\/\/earsandeyes.noblogs.org\/wp-json\/wp\/v2\/pages"}],"about":[{"href":"https:\/\/earsandeyes.noblogs.org\/wp-json\/wp\/v2\/types\/page"}],"author":[{"embeddable":true,"href":"https:\/\/earsandeyes.noblogs.org\/wp-json\/wp\/v2\/users\/13290"}],"replies":[{"embeddable":true,"href":"https:\/\/earsandeyes.noblogs.org\/wp-json\/wp\/v2\/comments?post=1155"}],"version-history":[{"count":5,"href":"https:\/\/earsandeyes.noblogs.org\/wp-json\/wp\/v2\/pages\/1155\/revisions"}],"predecessor-version":[{"id":1173,"href":"https:\/\/earsandeyes.noblogs.org\/wp-json\/wp\/v2\/pages\/1155\/revisions\/1173"}],"wp:attachment":[{"href":"https:\/\/earsandeyes.noblogs.org\/wp-json\/wp\/v2\/media?parent=1155"}],"curies":[{"name":"wp","href":"https:\/\/api.w.org\/{rel}","templated":true}]}}