{"id":1152,"date":"2019-11-07T10:45:38","date_gmt":"2019-11-07T09:45:38","guid":{"rendered":"https:\/\/earsandeyes.noblogs.org\/?page_id=1152"},"modified":"2021-03-26T07:49:31","modified_gmt":"2021-03-26T06:49:31","slug":"elaman","status":"publish","type":"page","link":"https:\/\/earsandeyes.noblogs.org\/fr\/elaman\/","title":{"rendered":"Elaman"},"content":{"rendered":"<p><em>Cette entreprise est \u00e9galement list\u00e9e sur : <a href=\"https:\/\/buggedplanet.info\/index.php?title=ELAMAN\">Bugged Planet<\/a><\/em><\/p>\n<p><strong>Site officiel<\/strong> : <a href=\"http:\/\/elaman.de\">elaman.de<\/a><br \/>\n<strong>Adresse<\/strong> : Baierbrunner Strasse 15, 81379 Munich<br \/>\n<strong>T\u00e9l\u00e9phone<\/strong> : +49-89-242 09 18-0<br \/>\n<strong>Fax<\/strong> : +49-89-242 09 18-1<br \/>\n<strong>Email<\/strong> : info@elaman.de<\/p>\n<p><strong>Statut l\u00e9gal<\/strong> : Entreprise allemande. Elaman est un partenaire \u00e9troit de <a href=\"https:\/\/earsandeyes.noblogs.org\/fr\/gamma-group\">Gamma Group<\/a>, une entreprise multinationale connue pour vendre des logiciels de surveillance \u00e0 des \u00ab\u00a0r\u00e9gimes non-d\u00e9mocratiques\u00a0\u00bb.<br \/>\n<strong>Clients<\/strong> : Agences du maintien de l&rsquo;ordre et gouvernements (d&rsquo;apr\u00e8s leur site web).<br \/>\n<strong>Products<\/strong> : Grande gamme de syst\u00e8mes de surveillance. De nombreux documents des Spy Files (un grand ensemble de documents divulgu\u00e9s par Wikileaks entre 2011 et 2014) dat\u00e9s de 2011 d\u00e9crivent leurs produits, avec des catalogues et des sp\u00e9cifications techniques. Une page sp\u00e9ciale d\u00e9taille les <a href=\"https:\/\/earsandeyes.noblogs.org\/fr\/produits-elaman-gamma-group\">dispositifs de surveillance commercialis\u00e9s par Elaman \/ Gamma Group<\/a>.<\/p>\n","protected":false},"excerpt":{"rendered":"<p>Cette entreprise est \u00e9galement list\u00e9e sur : Bugged Planet Site officiel : elaman.de Adresse : Baierbrunner Strasse 15, 81379 Munich T\u00e9l\u00e9phone : +49-89-242 09 18-0 Fax : +49-89-242 09 18-1 Email : info@elaman.de Statut l\u00e9gal : Entreprise allemande. Elaman est &hellip; <a href=\"https:\/\/earsandeyes.noblogs.org\/fr\/elaman\/\">Continuer la lecture <span class=\"meta-nav\">&rarr;<\/span><\/a><\/p>\n","protected":false},"author":13290,"featured_media":0,"parent":0,"menu_order":0,"comment_status":"closed","ping_status":"closed","template":"","meta":{"_locale":"fr_FR","_original_post":"369","footnotes":""},"class_list":["post-1152","page","type-page","status-publish","hentry","fr-FR"],"_links":{"self":[{"href":"https:\/\/earsandeyes.noblogs.org\/wp-json\/wp\/v2\/pages\/1152","targetHints":{"allow":["GET"]}}],"collection":[{"href":"https:\/\/earsandeyes.noblogs.org\/wp-json\/wp\/v2\/pages"}],"about":[{"href":"https:\/\/earsandeyes.noblogs.org\/wp-json\/wp\/v2\/types\/page"}],"author":[{"embeddable":true,"href":"https:\/\/earsandeyes.noblogs.org\/wp-json\/wp\/v2\/users\/13290"}],"replies":[{"embeddable":true,"href":"https:\/\/earsandeyes.noblogs.org\/wp-json\/wp\/v2\/comments?post=1152"}],"version-history":[{"count":2,"href":"https:\/\/earsandeyes.noblogs.org\/wp-json\/wp\/v2\/pages\/1152\/revisions"}],"predecessor-version":[{"id":2199,"href":"https:\/\/earsandeyes.noblogs.org\/wp-json\/wp\/v2\/pages\/1152\/revisions\/2199"}],"wp:attachment":[{"href":"https:\/\/earsandeyes.noblogs.org\/wp-json\/wp\/v2\/media?parent=1152"}],"curies":[{"name":"wp","href":"https:\/\/api.w.org\/{rel}","templated":true}]}}