{"id":1146,"date":"2019-11-07T10:45:38","date_gmt":"2019-11-07T09:45:38","guid":{"rendered":"https:\/\/earsandeyes.noblogs.org\/?page_id=1146"},"modified":"2021-03-26T07:49:12","modified_gmt":"2021-03-26T06:49:12","slug":"ebs-systart","status":"publish","type":"page","link":"https:\/\/earsandeyes.noblogs.org\/fr\/ebs-systart\/","title":{"rendered":"EBS-SYSTART"},"content":{"rendered":"<p><em>Cette entreprise est \u00e9galement list\u00e9e sur : <a href=\"https:\/\/buggedplanet.info\/index.php?title=EBS\">Bugged Planet<\/a><\/em><\/p>\n<p><strong>Site officiel<\/strong> : <a href=\"https:\/\/ebs-systart.com\/en\">ebs-systart.com\/en<\/a><br \/>\n<strong>Address<\/strong> : Industriestra\u00dfe 33a, 82194 Gr\u00f6benzell, Allemagne<br \/>\n<strong>T\u00e9l\u00e9phone<\/strong> : +49 (0) 8142 \/ 305050<br \/>\n<strong>Fax<\/strong> : +49 (0) 8142 \/ 305050<br \/>\n<strong>Email<\/strong> : info@ebs-systart.com<\/p>\n<p><strong>Statut l\u00e9gal<\/strong> : Entreprise allemande fond\u00e9e en 2017 en combinant deux entreprises, EBS Electronic et SYSTART.<br \/>\n<strong>Clients<\/strong> : Agences du maintien de l&rsquo;ordre. Un <a href=\"https:\/\/www.wikileaks.org\/spyfiles\/files\/0\/121_EBS_Electronic-200806-GPRSPack_V2_7-Brochure.pdf\">document<\/a> des Spy Files (un grand ensemble de documents divulgu\u00e9s par Wikileaks entre 2011 et 2014) montre qu&rsquo;entre 2006 et 2008, EBS Electronic a d\u00e9velopp\u00e9 un syst\u00e8me de surveillance par localisation en collaboration avec l&rsquo;Office de la police criminelle de l&rsquo;\u00c9tat de Bavi\u00e8re (Bayerisches Landeskriminalamt ou BLKA en allemand). On ne sait pas si l&rsquo;entreprise a continu\u00e9 cette collaboration ou travaill\u00e9 avec d&rsquo;autres agences du maintien de l&rsquo;ordre depuis 2008.<br \/>\n<strong>Produits<\/strong> : Le d\u00e9veloppement et la fabrication de syst\u00e8mes \u00e9lectroniques. Deux documents des Spy Files dat\u00e9s de juin 2008 d\u00e9crivent un syst\u00e8me de surveillance par localisation d\u00e9velopp\u00e9 par l&rsquo;entreprise, avec des sp\u00e9cifications techniques : <a href=\"https:\/\/www.wikileaks.org\/spyfiles\/files\/0\/121_EBS_Electronic-200806-GPRSPack_V2_7-Brochure.pdf\">ici<\/a> et <a href=\"https:\/\/www.wikileaks.org\/spyfiles\/files\/0\/122_EBS_Electronics-200806-Exhibition_News.pdf\">ici<\/a> (en allemand).<\/p>\n","protected":false},"excerpt":{"rendered":"<p>Cette entreprise est \u00e9galement list\u00e9e sur : Bugged Planet Site officiel : ebs-systart.com\/en Address : Industriestra\u00dfe 33a, 82194 Gr\u00f6benzell, Allemagne T\u00e9l\u00e9phone : +49 (0) 8142 \/ 305050 Fax : +49 (0) 8142 \/ 305050 Email : info@ebs-systart.com Statut l\u00e9gal : &hellip; <a href=\"https:\/\/earsandeyes.noblogs.org\/fr\/ebs-systart\/\">Continuer la lecture <span class=\"meta-nav\">&rarr;<\/span><\/a><\/p>\n","protected":false},"author":13290,"featured_media":0,"parent":0,"menu_order":0,"comment_status":"closed","ping_status":"closed","template":"","meta":{"_locale":"fr_FR","_original_post":"367","footnotes":""},"class_list":["post-1146","page","type-page","status-publish","hentry","fr-FR"],"_links":{"self":[{"href":"https:\/\/earsandeyes.noblogs.org\/wp-json\/wp\/v2\/pages\/1146","targetHints":{"allow":["GET"]}}],"collection":[{"href":"https:\/\/earsandeyes.noblogs.org\/wp-json\/wp\/v2\/pages"}],"about":[{"href":"https:\/\/earsandeyes.noblogs.org\/wp-json\/wp\/v2\/types\/page"}],"author":[{"embeddable":true,"href":"https:\/\/earsandeyes.noblogs.org\/wp-json\/wp\/v2\/users\/13290"}],"replies":[{"embeddable":true,"href":"https:\/\/earsandeyes.noblogs.org\/wp-json\/wp\/v2\/comments?post=1146"}],"version-history":[{"count":2,"href":"https:\/\/earsandeyes.noblogs.org\/wp-json\/wp\/v2\/pages\/1146\/revisions"}],"predecessor-version":[{"id":2197,"href":"https:\/\/earsandeyes.noblogs.org\/wp-json\/wp\/v2\/pages\/1146\/revisions\/2197"}],"wp:attachment":[{"href":"https:\/\/earsandeyes.noblogs.org\/wp-json\/wp\/v2\/media?parent=1146"}],"curies":[{"name":"wp","href":"https:\/\/api.w.org\/{rel}","templated":true}]}}