{"id":1141,"date":"2019-11-07T10:45:38","date_gmt":"2019-11-07T09:45:38","guid":{"rendered":"https:\/\/earsandeyes.noblogs.org\/?page_id=1141"},"modified":"2021-03-26T07:49:00","modified_gmt":"2021-03-26T06:49:00","slug":"dyplex-communications","status":"publish","type":"page","link":"https:\/\/earsandeyes.noblogs.org\/fr\/dyplex-communications\/","title":{"rendered":"DYPLEX Communications"},"content":{"rendered":"<p><strong>Site officiel<\/strong> : <a href=\"https:\/\/www.dyplex.com\">dyplex.com<\/a><br \/>\n<strong>Adresse<\/strong> : 107 Woodbine Downs Blvd, Unit 6, Toronto, ON, Canada M9W 6Y1<br \/>\n<strong>T\u00e9l\u00e9phone<\/strong> : 416-675-2002<br \/>\n<strong>Fax<\/strong> : 416-675-1822<\/p>\n<p><strong>Statut l\u00e9gal<\/strong> : Entreprise canadienne fond\u00e9e en 1983.<br \/>\n<strong>Clients<\/strong> : Agences du maintien de l&rsquo;ordre et l&rsquo;arm\u00e9e. D&rsquo;apr\u00e8s la <a href=\"https:\/\/www.dyplex.com\/about-dyplex-communications-ltd\">page \u00ab\u00a0\u00e0 propos\u00a0\u00bb<\/a> de leur site web, \u00ab\u00a0[leur] base de clients est compos\u00e9e \u00e0 environ 90% de s\u00e9curit\u00e9 publique, agences f\u00e9d\u00e9rales, arm\u00e9e\u00a0\u00bb (\u00ab\u00a0[their] customer base is comprised of approximately 90% public safety, federal agency groups. military\u00a0\u00bb).<br \/>\n<strong>Produits<\/strong> : Dispositifs de surveillance audio et vid\u00e9o. Sur leur site web, une page liste les <a href=\"https:\/\/www.dyplex.com\/product-category\/video-tx-rx\">transmetteurs vid\u00e9o destin\u00e9s \u00e0 \u00eatre cach\u00e9s<\/a> commercialis\u00e9s par l&rsquo;entreprise, et une autre liste les <a href=\"https:\/\/www.dyplex.com\/product-category\/cameras\">cam\u00e9ras<\/a> commercialis\u00e9es par l&rsquo;entreprise, dont certaines destin\u00e9es \u00e0 \u00eatre cach\u00e9es. Les listes incluent des sp\u00e9cifications techniques incompl\u00e8tes des appareils. D&rsquo;apr\u00e8s leur <a href=\"https:\/\/www.dyplex.com\/manufacturers\">page fournisseurs<\/a>, l&rsquo;entreprise distribue des dispositifs commercialis\u00e9s par d&rsquo;autres entreprises, comme <a href=\"https:\/\/earsandeyes.noblogs.org\/fr\/commesh\">Commesh<\/a>, <a href=\"https:\/\/earsandeyes.noblogs.org\/fr\/covidence\">Covidence<\/a>, <a href=\"https:\/\/earsandeyes.noblogs.org\/fr\/gedion\">Gedion<\/a>, <a href=\"https:\/\/earsandeyes.noblogs.org\/fr\/innova\">Innova<\/a>, <a href=\"https:\/\/earsandeyes.noblogs.org\/fr\/metocean-telematics\">MetOcean Telematics<\/a>, <a href=\"https:\/\/earsandeyes.noblogs.org\/fr\/seartech\">Seartech<\/a>, <a href=\"https:\/\/earsandeyes.noblogs.org\/fr\/seven-technologies-group\">Seven Technologies Group<\/a>, <a href=\"https:\/\/earsandeyes.noblogs.org\/fr\/sonic-communications\">Sonic Communications<\/a>, <a href=\"https:\/\/earsandeyes.noblogs.org\/fr\/timespace-technology\">Timespace Technology<\/a>, et <a href=\"https:\/\/earsandeyes.noblogs.org\/fr\/wireonair\">WireOnAir<\/a>.<\/p>\n","protected":false},"excerpt":{"rendered":"<p>Site officiel : dyplex.com Adresse : 107 Woodbine Downs Blvd, Unit 6, Toronto, ON, Canada M9W 6Y1 T\u00e9l\u00e9phone : 416-675-2002 Fax : 416-675-1822 Statut l\u00e9gal : Entreprise canadienne fond\u00e9e en 1983. Clients : Agences du maintien de l&rsquo;ordre et l&rsquo;arm\u00e9e. &hellip; <a href=\"https:\/\/earsandeyes.noblogs.org\/fr\/dyplex-communications\/\">Continuer la lecture <span class=\"meta-nav\">&rarr;<\/span><\/a><\/p>\n","protected":false},"author":13290,"featured_media":0,"parent":0,"menu_order":0,"comment_status":"closed","ping_status":"closed","template":"","meta":{"_locale":"fr_FR","_original_post":"728","footnotes":""},"class_list":["post-1141","page","type-page","status-publish","hentry","fr-FR"],"_links":{"self":[{"href":"https:\/\/earsandeyes.noblogs.org\/wp-json\/wp\/v2\/pages\/1141","targetHints":{"allow":["GET"]}}],"collection":[{"href":"https:\/\/earsandeyes.noblogs.org\/wp-json\/wp\/v2\/pages"}],"about":[{"href":"https:\/\/earsandeyes.noblogs.org\/wp-json\/wp\/v2\/types\/page"}],"author":[{"embeddable":true,"href":"https:\/\/earsandeyes.noblogs.org\/wp-json\/wp\/v2\/users\/13290"}],"replies":[{"embeddable":true,"href":"https:\/\/earsandeyes.noblogs.org\/wp-json\/wp\/v2\/comments?post=1141"}],"version-history":[{"count":2,"href":"https:\/\/earsandeyes.noblogs.org\/wp-json\/wp\/v2\/pages\/1141\/revisions"}],"predecessor-version":[{"id":2195,"href":"https:\/\/earsandeyes.noblogs.org\/wp-json\/wp\/v2\/pages\/1141\/revisions\/2195"}],"wp:attachment":[{"href":"https:\/\/earsandeyes.noblogs.org\/wp-json\/wp\/v2\/media?parent=1141"}],"curies":[{"name":"wp","href":"https:\/\/api.w.org\/{rel}","templated":true}]}}