{"id":1118,"date":"2019-11-07T10:45:38","date_gmt":"2019-11-07T09:45:38","guid":{"rendered":"https:\/\/earsandeyes.noblogs.org\/?page_id=1118"},"modified":"2020-11-26T02:31:31","modified_gmt":"2020-11-26T01:31:31","slug":"dse","status":"publish","type":"page","link":"https:\/\/earsandeyes.noblogs.org\/fr\/dse\/","title":{"rendered":"DSE"},"content":{"rendered":"<p><strong>Sites officiels<\/strong> : <a href=\"https:\/\/dseitalia.it\">dseitalia.it<\/a> (en italien), <a href=\"http:\/\/www.dsecctv.com\">dsecctv.com<\/a> (en anglais)<br \/>\n<strong>Adresse des bureaux<\/strong> : Via La Valle 51, 10099 San Mauro Torinese (TO), Italie<br \/>\n<strong>Adresse de l&rsquo;entrep\u00f4t<\/strong> : Via Sineo 7\/5, 10100 Torino (TO), Italie<br \/>\n<strong>T\u00e9l\u00e9phone<\/strong> : +39 011 19821054, +39 011 19118317<br \/>\n<strong>Email<\/strong> : info@dse.eu, servizio.clienti@dseitalia.it, supporto.tecnico@dseitalia.it, personale@dse.eu<\/p>\n<p><strong>Statut l\u00e9gal<\/strong> : Entreprise italienne fond\u00e9e en 1996, enregistr\u00e9e sous le nom de Digital Surveillance Equipment.<br \/>\n<strong>Clients<\/strong> : Agences du maintien de l&rsquo;ordre. Selon une <a href=\"https:\/\/www.dsecctv.com\/chisiamo.htm\">page de leur site web<\/a>, certains de leurs produits sont con\u00e7us pour la police et les d\u00e9tectives (\u00ab\u00a0police and detectives\u00a0\u00bb).<br \/>\n<strong>Produits<\/strong> : Dispositifs de surveillance vid\u00e9o. Leur <a href=\"http:\/\/www.dsecctv.com\">site officiel<\/a> liste les dispositifs de surveillance commercialis\u00e9s par l&rsquo;entreprise dans l&rsquo;onglet \u00ab\u00a0SPY\u00a0\u00bb, avec des sp\u00e9cifications techniques et des photos. Une <a href=\"https:\/\/www.dsecctv.com\/manuali.htm\">page de leur site web<\/a> permet aussi de t\u00e9l\u00e9charger les manuels d&rsquo;utilisation de tous leurs produits.<\/p>\n<p><strong>Dispositifs retrouv\u00e9s<\/strong> : En juin 2019 \u00e0 Cuneo, Italie, un dispositif de surveillance commercialis\u00e9 par DSE a \u00e9t\u00e9 retrouv\u00e9 dehors, pendant un rassemblement devant une prison. Ce cas est list\u00e9 dans notre <a href=\"https:\/\/earsandeyes.noblogs.org\/fr\/telechargements\">liste d&rsquo;exemples de dispositifs de surveillance retrouv\u00e9s<\/a>, avec une <a href=\"https:\/\/earsandeyes.noblogs.org\/files\/2019\/10\/img4.jpg\">photo<\/a> qui montre qu&rsquo;un enregistreur vid\u00e9o de mod\u00e8le <a href=\"https:\/\/www.dsecctv.com\/files\/Istruzioni%20DK-PV500E.pdf\">DK-PV500E<\/a>, commercialis\u00e9 par DSE, faisait partie du dispositif de surveillance.<\/p>\n","protected":false},"excerpt":{"rendered":"<p>Sites officiels : dseitalia.it (en italien), dsecctv.com (en anglais) Adresse des bureaux : Via La Valle 51, 10099 San Mauro Torinese (TO), Italie Adresse de l&rsquo;entrep\u00f4t : Via Sineo 7\/5, 10100 Torino (TO), Italie T\u00e9l\u00e9phone : +39 011 19821054, +39 &hellip; <a href=\"https:\/\/earsandeyes.noblogs.org\/fr\/dse\/\">Continuer la lecture <span class=\"meta-nav\">&rarr;<\/span><\/a><\/p>\n","protected":false},"author":13290,"featured_media":0,"parent":0,"menu_order":0,"comment_status":"closed","ping_status":"closed","template":"","meta":{"_locale":"fr_FR","_original_post":"988","footnotes":""},"class_list":["post-1118","page","type-page","status-publish","hentry","fr-FR"],"_links":{"self":[{"href":"https:\/\/earsandeyes.noblogs.org\/wp-json\/wp\/v2\/pages\/1118","targetHints":{"allow":["GET"]}}],"collection":[{"href":"https:\/\/earsandeyes.noblogs.org\/wp-json\/wp\/v2\/pages"}],"about":[{"href":"https:\/\/earsandeyes.noblogs.org\/wp-json\/wp\/v2\/types\/page"}],"author":[{"embeddable":true,"href":"https:\/\/earsandeyes.noblogs.org\/wp-json\/wp\/v2\/users\/13290"}],"replies":[{"embeddable":true,"href":"https:\/\/earsandeyes.noblogs.org\/wp-json\/wp\/v2\/comments?post=1118"}],"version-history":[{"count":2,"href":"https:\/\/earsandeyes.noblogs.org\/wp-json\/wp\/v2\/pages\/1118\/revisions"}],"predecessor-version":[{"id":1794,"href":"https:\/\/earsandeyes.noblogs.org\/wp-json\/wp\/v2\/pages\/1118\/revisions\/1794"}],"wp:attachment":[{"href":"https:\/\/earsandeyes.noblogs.org\/wp-json\/wp\/v2\/media?parent=1118"}],"curies":[{"name":"wp","href":"https:\/\/api.w.org\/{rel}","templated":true}]}}