{"id":1107,"date":"2019-11-07T10:45:38","date_gmt":"2019-11-07T09:45:38","guid":{"rendered":"https:\/\/earsandeyes.noblogs.org\/?page_id=1107"},"modified":"2021-03-26T07:48:50","modified_gmt":"2021-03-26T06:48:50","slug":"domo-tactical-communications","status":"publish","type":"page","link":"https:\/\/earsandeyes.noblogs.org\/fr\/domo-tactical-communications\/","title":{"rendered":"Domo Tactical Communications"},"content":{"rendered":"<p><em>Cette entreprise est \u00e9galement list\u00e9e sur : <a href=\"https:\/\/buggedplanet.info\/index.php?title=COBHAM\">Bugged Planet<\/a><\/em><\/p>\n<p><strong>Site officiel<\/strong> : <a href=\"http:\/\/domotactical.com\">domotactical.com<\/a><br \/>\n<strong>Adresse au Danemark<\/strong> : Haraldsvej 64B, DK-8960 Randers S\u00d8<br \/>\n<strong>Adresse au Royaume-Uni<\/strong> : 1100 Parkway, Whiteley, Fareham PO15 7AB<br \/>\n<strong>Adresse aux \u00c9tats-Unis<\/strong> : 3845 Gateway Centre Blvd, Pinellas Park, FL 33782<br \/>\n<strong>Adresse \u00e0 Singapour<\/strong> : 21 Media Circle #05-06, Infinite Studios, Singapore 138562<\/p>\n<p><strong>Statut l\u00e9gal<\/strong> : Entreprise multinationale form\u00e9e en 2016 \u00e0 partir de Cobham TCS, filliale de Cobham, une entreprise britannique dans le secteur de l&rsquo;industrie a\u00e9rospatiale. Domo Tactical Communications inclut aussi Spectronic Denmark A\/S et Micromill Electronics, qui \u00e9taient des filliales de Cobham TCS. En mai 2018, la branche de l&rsquo;entreprise travaillant sur la localisation de cibles en mouvement a \u00e9t\u00e9 transf\u00e9r\u00e9e \u00e0 l&rsquo;entreprise <a href=\"https:\/\/earsandeyes.noblogs.org\/fr\/metocean-telematics\">MetOcean Telematics<\/a>.<br \/>\n<strong>Clients<\/strong> : Agences du maintien de l&rsquo;ordre et organisations militaires (d&rsquo;apr\u00e8s leur site web). D&rsquo;apr\u00e8s une <a href=\"https:\/\/www.wikileaks.org\/spyfiles\/files\/0\/202_COBHAM-SURVEILLANCE.pdf\">brochure publicitaire de 2011<\/a>, leur \u00e9quipement de surveillance est utilis\u00e9 par 125 agences du maintien de l&rsquo;ordre dans plus de 80 pays.<br \/>\n<strong>Products<\/strong> : Grande gamme de syst\u00e8mes de surveillance. De nombreux documents des Spy Files (un grand ensemble de documents divulgu\u00e9s entre 2011 et 2014 par Wikileaks) d\u00e9crivent leurs produits, avec des catalogues et des sp\u00e9cifications techniques.<\/p>\n<h2>Catalogue de 2011<\/h2>\n<p>En 2011 et 2013, un nombre important de documents concernant Cobham TCS ont fuit\u00e9 dans les Spy Files, y compris leur <a href=\"https:\/\/www.wikileaks.org\/spyfiles\/docs\/COBHAM-2011-CataofTact-en.pdf\">catalogue de 2011<\/a>, et des sp\u00e9cifications techniques de diff\u00e9rents produits commercialis\u00e9s par l&rsquo;entreprise \u00e0 l&rsquo;\u00e9poque. Des sp\u00e9cifications techniques sont disponibles sur :<\/p>\n<ul>\n<li>Des syst\u00e8mes de surveillance audio con\u00e7us pour \u00eatre dissimul\u00e9s dans des b\u00e2timents ou des v\u00e9hicules. Les syst\u00e8mes ont diff\u00e9rents cas d&rsquo;utilisation et capacit\u00e9s de transmission :\n<ul>\n<li>Le syst\u00e8me \u00ab\u00a0Beowulf\u00a0\u00bb enregistre l&rsquo;audio et stocke les donn\u00e9es sur une m\u00e9moire interne sans les transmettre. Des documents sont disponibles sur deux enregistreurs Beowulf con\u00e7us pour \u00eatre dissimul\u00e9s, un <a href=\"https:\/\/www.wikileaks.org\/spyfiles\/docs\/COBHAM-2011-BeowIIBoar-en.pdf\">sous la forme d&rsquo;un petit circuit imprim\u00e9<\/a>, l&rsquo;autre <a href=\"https:\/\/www.wikileaks.org\/spyfiles\/docs\/COBHAM-2011-BeowIISoli-en.pdf\">en forme de c\u00e2ble<\/a>, et sur un enregistreur <a href=\"https:\/\/www.wikileaks.org\/spyfiles\/docs\/COBHAM-2011-BeowIIBubb-en.pdf\">con\u00e7u pour \u00eatre l\u00e2ch\u00e9 rapidement dans l&rsquo;endroit \u00e0 surveiller<\/a>.<\/li>\n<li>Le syst\u00e8me \u00ab\u00a0INCA\u00a0\u00bb enregistre l&rsquo;audio et le transmet sur des fr\u00e9quences radio. Un document est disponible sur le <a href=\"http:\/\/www.wikileaks.org\/spyfiles\/docs\/COBHAM-2011-INCARepeFour-en.pdf\">r\u00e9p\u00e9teur INCA<\/a>, utilis\u00e9 pour amplifier le signal d&rsquo;un transmetteur INCA.<\/li>\n<li>Le syst\u00e8me \u00ab\u00a0Thor\u00a0\u00bb enregistre l&rsquo;audio et le transmet sur des fr\u00e9quences radio, par Ethernet, ou sur le r\u00e9seau GSM. Il propose une grande gamme de fonctionnalit\u00e9s. Des documents sont disponibles sur le <a href=\"https:\/\/www.wikileaks.org\/spyfiles\/docs\/COBHAM-2011-ThorMiniRece-en.pdf\">r\u00e9cepteur miniature Thor<\/a>, sur <a href=\"https:\/\/www.wikileaks.org\/spyfiles\/docs\/COBHAM-2011-ThorDigiSurv-en.pdf\">tous les autres produits Thor<\/a>, et sur un appareil de contr\u00f4le destin\u00e9 \u00e0 \u00eatre utilis\u00e9 avec le syst\u00e8me Thor appel\u00e9 <a href=\"https:\/\/www.wikileaks.org\/spyfiles\/docs\/COBHAM-2011-InteThor-en.pdf\">InterCom<\/a>.<\/li>\n<li>Le syst\u00e8me \u00ab\u00a0Loke\u00a0\u00bb enregistre l&rsquo;audio et le transmet sur des fr\u00e9quences radio ou sur le r\u00e9seau GSM. Il inclut un appareil portable, tenu \u00e0 la main pour contr\u00f4ler \u00e0 distance les op\u00e9rations de surveillance. Des documents sont disponibles sur deux enregistreurs Loke con\u00e7us pour \u00eatre dissimul\u00e9s, un <a href=\"https:\/\/www.wikileaks.org\/spyfiles\/docs\/COBHAM-2011-LokeIIITX-en.pdf\">tr\u00e8s petit en forme de rectangle<\/a>, un autre <a href=\"https:\/\/www.wikileaks.org\/spyfiles\/docs\/COBHAM-2011-LokeNanoTran-en.pdf\">en forme de c\u00e2ble<\/a>, et sur un enregistreur <a href=\"https:\/\/www.wikileaks.org\/spyfiles\/docs\/COBHAM-2011-LokeIIIBubb-en.pdf\">con\u00e7u pour \u00eatre l\u00e2ch\u00e9 rapidement dans l&rsquo;endroit \u00e0 surveiller<\/a>.<\/li>\n<li><a href=\"https:\/\/www.wikileaks.org\/spyfiles\/docs\/COBHAM-2011-CAPs256Elem-en.pdf\">CAPsure<\/a> est une matrice de micros en forme de grand carr\u00e9 d&rsquo;environ 40x40x4cm, con\u00e7ue pour \u00eatre dissimul\u00e9e. Elle enregistre l&rsquo;audio en utilisant 256 micros et transmet les donn\u00e9es sur des fr\u00e9quences radio. Le grand nombre de micros permet d&rsquo;amplifier un son sp\u00e9cifique et de supprimer le bruit ambiant.<\/li>\n<li>Le syst\u00e8me \u00ab\u00a0Heimdal\u00a0\u00bb enregistre l&rsquo;audio depuis le r\u00e9seau t\u00e9l\u00e9phonique commut\u00e9 (r\u00e9seau historique des t\u00e9l\u00e9phones fixes).<\/li>\n<\/ul>\n<\/li>\n<li>Des syst\u00e8mes de surveillance vid\u00e9o, \u00e9galement con\u00e7us pour \u00eatre dissimul\u00e9s dans des b\u00e2timents ou des v\u00e9hicules. L&rsquo;entreprise propose deux syst\u00e8mes diff\u00e9rents :\n<ul>\n<li>Le syst\u00e8me \u00ab\u00a0Freja\u00a0\u00bb enregistre la vid\u00e9o et l&rsquo;audio et stocke les donn\u00e9es sur une m\u00e9moire interne sans les transmettre. Un document disponible d\u00e9crit <a href=\"https:\/\/www.wikileaks.org\/spyfiles\/docs\/COBHAM-2011-FrejVideReco-en.pdf\">tous les produits Freja<\/a>. Un document est aussi disponible sur le <a href=\"https:\/\/www.wikileaks.org\/spyfiles\/docs\/COBHAM-2011-BifrWireHIgh-en.pdf\">syst\u00e8me \u00ab\u00a0Bifrost\u00a0\u00bb<\/a>, qui peut \u00eatre utilis\u00e9 combin\u00e9 avec Freja pour transmettre les donn\u00e9es sur des fr\u00e9quences radio.<\/li>\n<li>Le syst\u00e8me \u00ab\u00a0Omega\u00a0\u00bb enregistre la vid\u00e9o et l&rsquo;audio et transmet les donn\u00e9es sur des fr\u00e9quences radio. Les donn\u00e9es sont ensuite possiblement transmises sur Internet par un r\u00e9cepteur. Un document est disponible sur le <a href=\"https:\/\/www.wikileaks.org\/spyfiles\/docs\/COBHAM-2011-OmegRecoTran-en.pdf\">transmetteur Omega<\/a>.<\/li>\n<\/ul>\n<\/li>\n<\/ul>\n<p>Les documents des Spy Files incluent aussi une <a href=\"https:\/\/www.wikileaks.org\/spyfiles\/files\/0\/112_COBHAM-BROCHURES-201110.pdf\">brochure g\u00e9n\u00e9rale sur les activit\u00e9s de surveillance de Cobham<\/a>, une brochure publicitaire intitul\u00e9e <a href=\"https:\/\/www.wikileaks.org\/spyfiles\/files\/0\/202_COBHAM-SURVEILLANCE.pdf\">\u00ab\u00a0Cobham &#8211; au coeur de la surveillance\u00a0\u00bb<\/a> (\u00ab\u00a0Cobham &#8211; at the heart of surveillance\u00a0\u00bb), et une description de <a href=\"https:\/\/www.wikileaks.org\/spyfiles\/files\/0\/114_COBHAM-NETLINK_STORM.pdf\">NETLink Storm<\/a>, un appareil utilis\u00e9 pour contr\u00f4ler des op\u00e9rations de surveillance complexes.<\/p>\n<h2>Catalogue de 2014<\/h2>\n<p>En 2016, le <a href=\"https:\/\/assets.documentcloud.org\/documents\/3038285\/2014-Cobham-TCS-Catalog.pdf\">catalogue de 2014 de Cobham TCS<\/a> a \u00e9t\u00e9 divulgu\u00e9 par le journal en ligne The Intercept. Certains des dispositifs de surveillance qui apparaissent dans ce catalogue n&rsquo;\u00e9taient pas pr\u00e9sents dans le catalogue de 2011. Les fonctionnalit\u00e9s int\u00e9ressantes qui apparaissent dans ce catalogue incluent :<\/p>\n<ul>\n<li>Page 10, une t\u00eate de cam\u00e9ra infrarouge optionnelle pour cam\u00e9ras de surveillance est capable d&rsquo;enregistrer des vid\u00e9os aussi bien en couleurs normales qu&rsquo;en infrarouge (lui permettant de \u00ab\u00a0voir dans le noir\u00a0\u00bb), et passe automatiquement d&rsquo;un mode \u00e0 l&rsquo;autre en fonction de la luminosit\u00e9 ambiante.<\/li>\n<li>La page 19 montre que la communication par courants porteurs en ligne (ou CPL, en anglais Power-Line Communication ou PLC) peut \u00eatre utilis\u00e9e par un dispositif de surveillance pour transmettre des donn\u00e9es \u00e0 travers les c\u00e2bles du syst\u00e8me \u00e9lectrique d&rsquo;un b\u00e2timent. En utilisant le CPL, un dispositif de surveillance connect\u00e9 au syst\u00e8me \u00e9lectrique d&rsquo;un b\u00e2timent peut transmettre des donn\u00e9es \u00e0 un r\u00e9cepteur connect\u00e9 \u00e0 un autre endroit du m\u00eame syst\u00e8me \u00e9lectrique, permettant donc de transmettre des donn\u00e9es sans utiliser de fr\u00e9quences radio.<\/li>\n<li>La page 19 montre \u00e9galement que l&rsquo;alimentation \u00e9lectrique par c\u00e2ble ethernet (en anglais Power over Ethernet ou PoE) peut \u00eatre utilis\u00e9e par un dispositif de surveillance pour recevoir du courant \u00e9lectrique par un c\u00e2ble ethernet, retirant le besoin d&rsquo;une alimentation \u00e9lectrique standard. En utilisant l&rsquo;alimentation \u00e9lectrique par c\u00e2ble ethernet, le c\u00e2ble ethernet peut toujours \u00eatre utilis\u00e9 pour transmettre des donn\u00e9es.<\/li>\n<li>Les pages 20-21 montrent que les dispositifs de surveillance vid\u00e9o sont con\u00e7us pour \u00eatre dissimul\u00e9s dans des objets ordinaires, comme des radios, des sacs \u00e0 dos, des poubelles, des d\u00e9tecteurs de fum\u00e9e, etc.<\/li>\n<li>La page 22 montre plusieurs mod\u00e8les d&rsquo;objectifs pour des cam\u00e9ras de surveillance cach\u00e9es. L&rsquo;un a un bout pointu, pour \u00eatre facilement dissimul\u00e9 dans des objets ou derri\u00e8re des surfaces.<\/li>\n<li>Page 24, un d\u00e9tecteur de mouvement passif \u00e0 infrarouge peut \u00eatre connect\u00e9 \u00e0 une cam\u00e9ra de surveillance afin d&rsquo;enregistrer la vid\u00e9o seulement lorsqu&rsquo;un mouvement est d\u00e9tect\u00e9. En utilisant l&rsquo;infrarouge, le mouvement peut \u00eatre d\u00e9tect\u00e9 m\u00eame \u00ab\u00a0dans le noir\u00a0\u00bb.<\/li>\n<li>Les pages 58-60 d\u00e9crivent divers capteurs qui peuvent \u00eatre int\u00e9gr\u00e9s aux syst\u00e8mes de surveillance. Un capteur magn\u00e9tique d\u00e9tecte les perturbations dans les champs magn\u00e9tiques et peut \u00eatre utilis\u00e9 pour d\u00e9tecter les portes qui s&rsquo;ouvrent, le mouvement d&rsquo;un conteneur, les v\u00e9hicules (\u00ab\u00a0opening doors, container movement, vehicles\u00a0\u00bb). Un capteur de vibrations peut d\u00e9tecter les vibrations dans le sol g\u00e9n\u00e9r\u00e9es par des personnes ou des v\u00e9hicules. Un capteur de type \u00ab\u00a0trip wire\u00a0\u00bb, attach\u00e9 \u00e0 un c\u00e2ble fin, peut d\u00e9tecter quand le c\u00e2ble se casse.<\/li>\n<\/ul>\n","protected":false},"excerpt":{"rendered":"<p>Cette entreprise est \u00e9galement list\u00e9e sur : Bugged Planet Site officiel : domotactical.com Adresse au Danemark : Haraldsvej 64B, DK-8960 Randers S\u00d8 Adresse au Royaume-Uni : 1100 Parkway, Whiteley, Fareham PO15 7AB Adresse aux \u00c9tats-Unis : 3845 Gateway Centre Blvd, &hellip; <a href=\"https:\/\/earsandeyes.noblogs.org\/fr\/domo-tactical-communications\/\">Continuer la lecture <span class=\"meta-nav\">&rarr;<\/span><\/a><\/p>\n","protected":false},"author":13290,"featured_media":0,"parent":0,"menu_order":0,"comment_status":"closed","ping_status":"closed","template":"","meta":{"_locale":"fr_FR","_original_post":"226","footnotes":""},"class_list":["post-1107","page","type-page","status-publish","hentry","fr-FR"],"_links":{"self":[{"href":"https:\/\/earsandeyes.noblogs.org\/wp-json\/wp\/v2\/pages\/1107","targetHints":{"allow":["GET"]}}],"collection":[{"href":"https:\/\/earsandeyes.noblogs.org\/wp-json\/wp\/v2\/pages"}],"about":[{"href":"https:\/\/earsandeyes.noblogs.org\/wp-json\/wp\/v2\/types\/page"}],"author":[{"embeddable":true,"href":"https:\/\/earsandeyes.noblogs.org\/wp-json\/wp\/v2\/users\/13290"}],"replies":[{"embeddable":true,"href":"https:\/\/earsandeyes.noblogs.org\/wp-json\/wp\/v2\/comments?post=1107"}],"version-history":[{"count":4,"href":"https:\/\/earsandeyes.noblogs.org\/wp-json\/wp\/v2\/pages\/1107\/revisions"}],"predecessor-version":[{"id":2193,"href":"https:\/\/earsandeyes.noblogs.org\/wp-json\/wp\/v2\/pages\/1107\/revisions\/2193"}],"wp:attachment":[{"href":"https:\/\/earsandeyes.noblogs.org\/wp-json\/wp\/v2\/media?parent=1107"}],"curies":[{"name":"wp","href":"https:\/\/api.w.org\/{rel}","templated":true}]}}