{"id":1105,"date":"2019-11-07T10:45:38","date_gmt":"2019-11-07T09:45:38","guid":{"rendered":"https:\/\/earsandeyes.noblogs.org\/?page_id=1105"},"modified":"2021-03-26T07:40:11","modified_gmt":"2021-03-26T06:40:11","slug":"digivox","status":"publish","type":"page","link":"https:\/\/earsandeyes.noblogs.org\/fr\/digivox\/","title":{"rendered":"DigiVox"},"content":{"rendered":"<p><em>Cette entreprise est \u00e9galement list\u00e9e sur : <a href=\"https:\/\/buggedplanet.info\/index.php?title=DIGIVOX\">Bugged Planet<\/a><\/em><\/p>\n<p><strong>Site officiel<\/strong> : <a href=\"https:\/\/digivox.nl\">digivox.nl<\/a><br \/>\n<strong>Adresse \u00e0 Rotterdam<\/strong> : Javastraat 12, 3016 CE Rotterdam, Pays-Bas<br \/>\n<strong>Adresse \u00e0 Amsterdam<\/strong> : Herengracht 493, 1017 BT Amsterdam, Pays-Bas<\/p>\n<p><strong>Statut l\u00e9gal<\/strong> : Entreprise n\u00e9erlandaise fond\u00e9e en 1990.<br \/>\n<strong>Clients<\/strong> : Agences du maintien de l&rsquo;ordre (d&rsquo;apr\u00e8s leur site web).<br \/>\n<strong>Produits<\/strong> : Syst\u00e8mes de surveillance par localisation (d&rsquo;apr\u00e8s leur site web).<\/p>\n","protected":false},"excerpt":{"rendered":"<p>Cette entreprise est \u00e9galement list\u00e9e sur : Bugged Planet Site officiel : digivox.nl Adresse \u00e0 Rotterdam : Javastraat 12, 3016 CE Rotterdam, Pays-Bas Adresse \u00e0 Amsterdam : Herengracht 493, 1017 BT Amsterdam, Pays-Bas Statut l\u00e9gal : Entreprise n\u00e9erlandaise fond\u00e9e en &hellip; <a href=\"https:\/\/earsandeyes.noblogs.org\/fr\/digivox\/\">Continuer la lecture <span class=\"meta-nav\">&rarr;<\/span><\/a><\/p>\n","protected":false},"author":13290,"featured_media":0,"parent":0,"menu_order":0,"comment_status":"closed","ping_status":"closed","template":"","meta":{"_locale":"fr_FR","_original_post":"352","footnotes":""},"class_list":["post-1105","page","type-page","status-publish","hentry","fr-FR"],"_links":{"self":[{"href":"https:\/\/earsandeyes.noblogs.org\/wp-json\/wp\/v2\/pages\/1105","targetHints":{"allow":["GET"]}}],"collection":[{"href":"https:\/\/earsandeyes.noblogs.org\/wp-json\/wp\/v2\/pages"}],"about":[{"href":"https:\/\/earsandeyes.noblogs.org\/wp-json\/wp\/v2\/types\/page"}],"author":[{"embeddable":true,"href":"https:\/\/earsandeyes.noblogs.org\/wp-json\/wp\/v2\/users\/13290"}],"replies":[{"embeddable":true,"href":"https:\/\/earsandeyes.noblogs.org\/wp-json\/wp\/v2\/comments?post=1105"}],"version-history":[{"count":3,"href":"https:\/\/earsandeyes.noblogs.org\/wp-json\/wp\/v2\/pages\/1105\/revisions"}],"predecessor-version":[{"id":2165,"href":"https:\/\/earsandeyes.noblogs.org\/wp-json\/wp\/v2\/pages\/1105\/revisions\/2165"}],"wp:attachment":[{"href":"https:\/\/earsandeyes.noblogs.org\/wp-json\/wp\/v2\/media?parent=1105"}],"curies":[{"name":"wp","href":"https:\/\/api.w.org\/{rel}","templated":true}]}}