{"id":1103,"date":"2019-11-07T10:45:38","date_gmt":"2019-11-07T09:45:38","guid":{"rendered":"https:\/\/earsandeyes.noblogs.org\/?page_id=1103"},"modified":"2021-03-26T07:39:59","modified_gmt":"2021-03-26T06:39:59","slug":"deveryware","status":"publish","type":"page","link":"https:\/\/earsandeyes.noblogs.org\/fr\/deveryware\/","title":{"rendered":"Deveryware"},"content":{"rendered":"<p><strong>Site officiel<\/strong> : <a href=\"https:\/\/www.deveryware.com\/en\">deveryware.com<\/a><br \/>\n<strong>Adresse<\/strong> : 43 rue Taitbout, 75009 Paris, France<br \/>\n<strong>T\u00e9l\u00e9phone<\/strong> : +33 1 80 90 54 80<\/p>\n<p><strong>Statut l\u00e9gal<\/strong> : Entreprise fran\u00e7aise fond\u00e9e en 2003.<br \/>\n<strong>Clients<\/strong> : Agences du maintien de l&rsquo;ordre et le gouvernement fran\u00e7ais. D&rsquo;apr\u00e8s <a href=\"https:\/\/www.deveryware.com\/qui-sommes-nous\/\">leur site web<\/a>, l&rsquo;entreprise \u00ab\u00a0[met] \u00e0 disposition des forces de l\u2019ordre et de s\u00e9curit\u00e9 les outils de g\u00e9olocalisation indispensables \u00e0 l\u2019obtention de renseignements, \u00e0 la d\u00e9tection des menaces ainsi qu\u2019\u00e0 l\u2019\u00e9lucidation des affaires criminelles\u00a0\u00bb.<br \/>\n<strong>Produits<\/strong> : Dispositifs de surveillance par localisation. Une <a href=\"https:\/\/deveryware.com\/en\/our-beacons\/\">page de leur site web<\/a> liste les appareils de localisation commercialis\u00e9s par l&rsquo;entreprise, avec des sp\u00e9cifications techniques et des photos.<\/p>\n","protected":false},"excerpt":{"rendered":"<p>Site officiel : deveryware.com Adresse : 43 rue Taitbout, 75009 Paris, France T\u00e9l\u00e9phone : +33 1 80 90 54 80 Statut l\u00e9gal : Entreprise fran\u00e7aise fond\u00e9e en 2003. Clients : Agences du maintien de l&rsquo;ordre et le gouvernement fran\u00e7ais. D&rsquo;apr\u00e8s &hellip; <a href=\"https:\/\/earsandeyes.noblogs.org\/fr\/deveryware\/\">Continuer la lecture <span class=\"meta-nav\">&rarr;<\/span><\/a><\/p>\n","protected":false},"author":13290,"featured_media":0,"parent":0,"menu_order":0,"comment_status":"closed","ping_status":"closed","template":"","meta":{"_locale":"fr_FR","_original_post":"703","footnotes":""},"class_list":["post-1103","page","type-page","status-publish","hentry","fr-FR"],"_links":{"self":[{"href":"https:\/\/earsandeyes.noblogs.org\/wp-json\/wp\/v2\/pages\/1103","targetHints":{"allow":["GET"]}}],"collection":[{"href":"https:\/\/earsandeyes.noblogs.org\/wp-json\/wp\/v2\/pages"}],"about":[{"href":"https:\/\/earsandeyes.noblogs.org\/wp-json\/wp\/v2\/types\/page"}],"author":[{"embeddable":true,"href":"https:\/\/earsandeyes.noblogs.org\/wp-json\/wp\/v2\/users\/13290"}],"replies":[{"embeddable":true,"href":"https:\/\/earsandeyes.noblogs.org\/wp-json\/wp\/v2\/comments?post=1103"}],"version-history":[{"count":5,"href":"https:\/\/earsandeyes.noblogs.org\/wp-json\/wp\/v2\/pages\/1103\/revisions"}],"predecessor-version":[{"id":2163,"href":"https:\/\/earsandeyes.noblogs.org\/wp-json\/wp\/v2\/pages\/1103\/revisions\/2163"}],"wp:attachment":[{"href":"https:\/\/earsandeyes.noblogs.org\/wp-json\/wp\/v2\/media?parent=1103"}],"curies":[{"name":"wp","href":"https:\/\/api.w.org\/{rel}","templated":true}]}}