{"id":1100,"date":"2019-11-07T10:45:38","date_gmt":"2019-11-07T09:45:38","guid":{"rendered":"https:\/\/earsandeyes.noblogs.org\/?page_id=1100"},"modified":"2020-11-26T02:08:14","modified_gmt":"2020-11-26T01:08:14","slug":"dem-solutions","status":"publish","type":"page","link":"https:\/\/earsandeyes.noblogs.org\/fr\/dem-solutions\/","title":{"rendered":"DEM Solutions"},"content":{"rendered":"<p><strong>Site officiel<\/strong> : <a href=\"http:\/\/www.dem-solutions.it\">dem-solutions.it<\/a><br \/>\n<strong>Adresse<\/strong> : ?<br \/>\n<strong>T\u00e9l\u00e9phone<\/strong> : +39 392 1780314<br \/>\n<strong>Email<\/strong> : sales@dem-solutions.it<\/p>\n<p><strong>Statut l\u00e9gal<\/strong> : Entreprise italienne.<br \/>\n<strong>Clients<\/strong> : Agences du maintien de l&rsquo;ordre et gouvernements (selon leur site web).<br \/>\n<strong>Produits<\/strong> : Syst\u00e8mes de surveillance audio. Des versions archiv\u00e9es de pages de leur site web d\u00e9crivent trois syst\u00e8mes de surveillance audio commercialis\u00e9s par l&rsquo;entreprise, appel\u00e9s <a href=\"https:\/\/web.archive.org\/web\/20190204125313\/http:\/\/www.dem-solutions.it\/portfolio\/digital-spread\/\">Digital Spread<\/a>, <a href=\"https:\/\/web.archive.org\/web\/20190204164529\/http:\/\/www.dem-solutions.it\/portfolio\/puma-plus\/\">Puma Plus<\/a> et <a href=\"https:\/\/web.archive.org\/web\/20190203231628\/http:\/\/www.dem-solutions.it\/portfolio\/sei\/\">\u00ab\u00a06\u00a0\u00bb<\/a>, sans donner beaucoup de d\u00e9tails.<\/p>\n<p>Un <a href=\"https:\/\/earsandeyes.noblogs.org\/files\/2019\/10\/DEM-Solutions-Digital-Spread.pdf\">document qui d\u00e9crit leur syst\u00e8me de surveillance audio Digital Spread<\/a> est disponible. Le document d\u00e9crit le syst\u00e8me complet : transmetteur, r\u00e9cepteur, alimentation \u00e9lectrique, logiciel associ\u00e9, avec des sp\u00e9cifications techniques et des photos des appareils.<\/p>\n","protected":false},"excerpt":{"rendered":"<p>Site officiel : dem-solutions.it Adresse : ? T\u00e9l\u00e9phone : +39 392 1780314 Email : sales@dem-solutions.it Statut l\u00e9gal : Entreprise italienne. Clients : Agences du maintien de l&rsquo;ordre et gouvernements (selon leur site web). Produits : Syst\u00e8mes de surveillance audio. Des &hellip; <a href=\"https:\/\/earsandeyes.noblogs.org\/fr\/dem-solutions\/\">Continuer la lecture <span class=\"meta-nav\">&rarr;<\/span><\/a><\/p>\n","protected":false},"author":13290,"featured_media":0,"parent":0,"menu_order":0,"comment_status":"closed","ping_status":"closed","template":"","meta":{"_locale":"fr_FR","_original_post":"528","footnotes":""},"class_list":["post-1100","page","type-page","status-publish","hentry","fr-FR"],"_links":{"self":[{"href":"https:\/\/earsandeyes.noblogs.org\/wp-json\/wp\/v2\/pages\/1100","targetHints":{"allow":["GET"]}}],"collection":[{"href":"https:\/\/earsandeyes.noblogs.org\/wp-json\/wp\/v2\/pages"}],"about":[{"href":"https:\/\/earsandeyes.noblogs.org\/wp-json\/wp\/v2\/types\/page"}],"author":[{"embeddable":true,"href":"https:\/\/earsandeyes.noblogs.org\/wp-json\/wp\/v2\/users\/13290"}],"replies":[{"embeddable":true,"href":"https:\/\/earsandeyes.noblogs.org\/wp-json\/wp\/v2\/comments?post=1100"}],"version-history":[{"count":4,"href":"https:\/\/earsandeyes.noblogs.org\/wp-json\/wp\/v2\/pages\/1100\/revisions"}],"predecessor-version":[{"id":1785,"href":"https:\/\/earsandeyes.noblogs.org\/wp-json\/wp\/v2\/pages\/1100\/revisions\/1785"}],"wp:attachment":[{"href":"https:\/\/earsandeyes.noblogs.org\/wp-json\/wp\/v2\/media?parent=1100"}],"curies":[{"name":"wp","href":"https:\/\/api.w.org\/{rel}","templated":true}]}}