{"id":1098,"date":"2019-11-07T10:45:38","date_gmt":"2019-11-07T09:45:38","guid":{"rendered":"https:\/\/earsandeyes.noblogs.org\/?page_id=1098"},"modified":"2021-03-26T07:39:50","modified_gmt":"2021-03-26T06:39:50","slug":"david-horn-communications","status":"publish","type":"page","link":"https:\/\/earsandeyes.noblogs.org\/fr\/david-horn-communications\/","title":{"rendered":"David Horn Communications"},"content":{"rendered":"<p><strong>Site officiel<\/strong> : <a href=\"http:\/\/davidhorncommunications.com\">davidhorncommunications.com<\/a><br \/>\n<strong>Adresse<\/strong> : Comtec House, Bramingham Business Park, Enterprise Way, LUTON, LU3 4BU, Royaume-Uni<br \/>\n<strong>T\u00e9l\u00e9phone<\/strong> : +44 (0)1582 490300<br \/>\n<strong>Fax<\/strong> : +44 (0)1582 490700<br \/>\n<strong>Email<\/strong> : sales@dhcltd.co.uk<\/p>\n<p><strong>Statut l\u00e9gal<\/strong> : Entreprise britannique fond\u00e9e en 1985.<br \/>\n<strong>Clients<\/strong> : Agences de maintien de l&rsquo;ordre et agences gouvernementales (selon leur site web).<br \/>\n<strong>Produits<\/strong> : Dispositifs de surveillance audio et vid\u00e9o. Une <a href=\"http:\/\/www.davidhorncommunications.com\/products\/police\/covert-audio-video\/\">page de leur site web<\/a> d\u00e9crit les produits commercialis\u00e9s par l&rsquo;entreprise, sans donner beaucoup de d\u00e9tails. Au vu de la <a href=\"http:\/\/www.davidhorncommunications.com\/news\/\">page d&rsquo;actualit\u00e9s<\/a> de leur site web, il semble que l&rsquo;entreprise distribue au Royaume-Uni des produits commercialis\u00e9s par d&rsquo;autres entreprises, comme <a href=\"https:\/\/earsandeyes.noblogs.org\/fr\/covidence\">Covidence<\/a>, <a href=\"https:\/\/earsandeyes.noblogs.org\/fr\/reconyx\">Reconyx<\/a>, <a href=\"https:\/\/earsandeyes.noblogs.org\/fr\/wireonair\">WireOnAir<\/a>.<\/p>\n","protected":false},"excerpt":{"rendered":"<p>Site officiel : davidhorncommunications.com Adresse : Comtec House, Bramingham Business Park, Enterprise Way, LUTON, LU3 4BU, Royaume-Uni T\u00e9l\u00e9phone : +44 (0)1582 490300 Fax : +44 (0)1582 490700 Email : sales@dhcltd.co.uk Statut l\u00e9gal : Entreprise britannique fond\u00e9e en 1985. Clients : &hellip; <a href=\"https:\/\/earsandeyes.noblogs.org\/fr\/david-horn-communications\/\">Continuer la lecture <span class=\"meta-nav\">&rarr;<\/span><\/a><\/p>\n","protected":false},"author":13290,"featured_media":0,"parent":0,"menu_order":0,"comment_status":"closed","ping_status":"closed","template":"","meta":{"_locale":"fr_FR","_original_post":"606","footnotes":""},"class_list":["post-1098","page","type-page","status-publish","hentry","fr-FR"],"_links":{"self":[{"href":"https:\/\/earsandeyes.noblogs.org\/wp-json\/wp\/v2\/pages\/1098","targetHints":{"allow":["GET"]}}],"collection":[{"href":"https:\/\/earsandeyes.noblogs.org\/wp-json\/wp\/v2\/pages"}],"about":[{"href":"https:\/\/earsandeyes.noblogs.org\/wp-json\/wp\/v2\/types\/page"}],"author":[{"embeddable":true,"href":"https:\/\/earsandeyes.noblogs.org\/wp-json\/wp\/v2\/users\/13290"}],"replies":[{"embeddable":true,"href":"https:\/\/earsandeyes.noblogs.org\/wp-json\/wp\/v2\/comments?post=1098"}],"version-history":[{"count":3,"href":"https:\/\/earsandeyes.noblogs.org\/wp-json\/wp\/v2\/pages\/1098\/revisions"}],"predecessor-version":[{"id":2161,"href":"https:\/\/earsandeyes.noblogs.org\/wp-json\/wp\/v2\/pages\/1098\/revisions\/2161"}],"wp:attachment":[{"href":"https:\/\/earsandeyes.noblogs.org\/wp-json\/wp\/v2\/media?parent=1098"}],"curies":[{"name":"wp","href":"https:\/\/api.w.org\/{rel}","templated":true}]}}