{"id":1092,"date":"2019-11-07T10:45:38","date_gmt":"2019-11-07T09:45:38","guid":{"rendered":"https:\/\/earsandeyes.noblogs.org\/?page_id=1092"},"modified":"2020-11-26T01:59:47","modified_gmt":"2020-11-26T00:59:47","slug":"covidence","status":"publish","type":"page","link":"https:\/\/earsandeyes.noblogs.org\/fr\/covidence\/","title":{"rendered":"Covidence"},"content":{"rendered":"<p><strong>Official website<\/strong> : <a href=\"https:\/\/covidence.com\">covidence.com<\/a><br \/>\n<strong>Adresse<\/strong> : Covidence A\/S, Strandvejen 2A, 8410 Roende, DK, Danemark<br \/>\n<strong>T\u00e9l\u00e9phone<\/strong> : +45 8880 9000<br \/>\n<strong>Email<\/strong> : sales@covidence.com, info@covidence.com<\/p>\n<p><strong>Statut l\u00e9gal<\/strong> : Entreprise danoise.<br \/>\n<strong>Clients<\/strong> : Agences du maintien de l&rsquo;ordre et gouvernements (d&rsquo;apr\u00e8s leur site web).<br \/>\n<strong>Produits<\/strong> : Dispositifs de surveillance vid\u00e9o. D&rsquo;apr\u00e8s une <a href=\"http:\/\/www.davidhorncommunications.com\/products\/police\/covert-audio-video\/\">description de l&rsquo;entreprise<\/a> sur le site web de l&rsquo;entreprise britannique <a href=\"https:\/\/earsandeyes.noblogs.org\/fr\/david-horn-communications\">David Horn Communications<\/a>, \u00ab\u00a0les syst\u00e8mes de vid\u00e9o secrets commercialis\u00e9s par Covidence incluent des enregistreurs micro HD avec des cam\u00e9ras jour\/nuit et une grande gamme d&rsquo;accessoires interchangeables\u00a0\u00bb (\u00ab\u00a0Covidence covert video systems feature micro HD recorders with day\/night cameras and a wide range of interchangeable accessories\u00a0\u00bb).<\/p>\n","protected":false},"excerpt":{"rendered":"<p>Official website : covidence.com Adresse : Covidence A\/S, Strandvejen 2A, 8410 Roende, DK, Danemark T\u00e9l\u00e9phone : +45 8880 9000 Email : sales@covidence.com, info@covidence.com Statut l\u00e9gal : Entreprise danoise. Clients : Agences du maintien de l&rsquo;ordre et gouvernements (d&rsquo;apr\u00e8s leur site &hellip; <a href=\"https:\/\/earsandeyes.noblogs.org\/fr\/covidence\/\">Continuer la lecture <span class=\"meta-nav\">&rarr;<\/span><\/a><\/p>\n","protected":false},"author":13290,"featured_media":0,"parent":0,"menu_order":0,"comment_status":"closed","ping_status":"closed","template":"","meta":{"_locale":"fr_FR","_original_post":"599","footnotes":""},"class_list":["post-1092","page","type-page","status-publish","hentry","fr-FR"],"_links":{"self":[{"href":"https:\/\/earsandeyes.noblogs.org\/wp-json\/wp\/v2\/pages\/1092","targetHints":{"allow":["GET"]}}],"collection":[{"href":"https:\/\/earsandeyes.noblogs.org\/wp-json\/wp\/v2\/pages"}],"about":[{"href":"https:\/\/earsandeyes.noblogs.org\/wp-json\/wp\/v2\/types\/page"}],"author":[{"embeddable":true,"href":"https:\/\/earsandeyes.noblogs.org\/wp-json\/wp\/v2\/users\/13290"}],"replies":[{"embeddable":true,"href":"https:\/\/earsandeyes.noblogs.org\/wp-json\/wp\/v2\/comments?post=1092"}],"version-history":[{"count":5,"href":"https:\/\/earsandeyes.noblogs.org\/wp-json\/wp\/v2\/pages\/1092\/revisions"}],"predecessor-version":[{"id":1781,"href":"https:\/\/earsandeyes.noblogs.org\/wp-json\/wp\/v2\/pages\/1092\/revisions\/1781"}],"wp:attachment":[{"href":"https:\/\/earsandeyes.noblogs.org\/wp-json\/wp\/v2\/media?parent=1092"}],"curies":[{"name":"wp","href":"https:\/\/api.w.org\/{rel}","templated":true}]}}