{"id":1085,"date":"2019-11-07T10:45:38","date_gmt":"2019-11-07T09:45:38","guid":{"rendered":"https:\/\/earsandeyes.noblogs.org\/?page_id=1085"},"modified":"2019-11-07T10:45:38","modified_gmt":"2019-11-07T09:45:38","slug":"coverttrack-group","status":"publish","type":"page","link":"https:\/\/earsandeyes.noblogs.org\/fr\/coverttrack-group\/","title":{"rendered":"CovertTrack Group"},"content":{"rendered":"<p><strong>Site officiel<\/strong> : <a href=\"https:\/\/corporate.coverttrack.com\">corporate.coverttrack.com<\/a><br \/>\n<strong>Adresse<\/strong> : 15600 N. 78th Street Scottsdale, AZ 85260, \u00c9tats-Unis<br \/>\n<strong>T\u00e9l\u00e9phone<\/strong> : (480) 661-1916 \/ (480) 451-5421<\/p>\n<p><strong>Statut l\u00e9gal<\/strong> : Entreprise bas\u00e9e aux \u00c9tats-Unis fond\u00e9e en 2006. En 2012, l&rsquo;entreprise a chang\u00e9 son nom de GPS Intelligence \u00e0 CovertTrack, comme montr\u00e9 par des versions archiv\u00e9es de leur ancien site web gpsintel.com <a href=\"https:\/\/web.archive.org\/web\/20120712213452\/http:\/\/www.gpsintel.com\/\">avant<\/a> et <a href=\"https:\/\/web.archive.org\/web\/20121013131842\/http:\/\/www.gpsintel.com\/\">apr\u00e8s<\/a> le changement de nom.<br \/>\n<strong>Clients<\/strong> : Agences du maintien de l&rsquo;ordre et organisations militaires (selon leur site web).<br \/>\n<strong>Produits<\/strong> : Syst\u00e8mes de surveillance par localisation.<\/p>\n<p>Deux documents sont disponibles \u00e0 propos de leurs produits. Un <a href=\"https:\/\/earsandeyes.noblogs.org\/files\/2019\/10\/Doral-Police-Department-GPS-trackers.pdf\">document dat\u00e9 de 2012<\/a> montre que l&rsquo;entreprise a vendu un appareil de localisation \u00e0 une section locale de la police en Floride. Quelques informations concernant l&rsquo;appareil se trouvent \u00e0 la page 9 du document. Un <a href=\"https:\/\/earsandeyes.noblogs.org\/files\/2019\/10\/CovertTrack-RECON-II-User-Manual.pdf\">manuel d&rsquo;utilisation dat\u00e9 de 2014<\/a> contient les sp\u00e9cifications techniques d&rsquo;un autre appareil de localisation commercialis\u00e9 par l&rsquo;entreprise.<\/p>\n","protected":false},"excerpt":{"rendered":"<p>Site officiel : corporate.coverttrack.com Adresse : 15600 N. 78th Street Scottsdale, AZ 85260, \u00c9tats-Unis T\u00e9l\u00e9phone : (480) 661-1916 \/ (480) 451-5421 Statut l\u00e9gal : Entreprise bas\u00e9e aux \u00c9tats-Unis fond\u00e9e en 2006. En 2012, l&rsquo;entreprise a chang\u00e9 son nom de GPS &hellip; <a href=\"https:\/\/earsandeyes.noblogs.org\/fr\/coverttrack-group\/\">Continuer la lecture <span class=\"meta-nav\">&rarr;<\/span><\/a><\/p>\n","protected":false},"author":13290,"featured_media":0,"parent":0,"menu_order":0,"comment_status":"closed","ping_status":"closed","template":"","meta":{"_locale":"fr_FR","_original_post":"383","footnotes":""},"class_list":["post-1085","page","type-page","status-publish","hentry","fr-FR"],"_links":{"self":[{"href":"https:\/\/earsandeyes.noblogs.org\/wp-json\/wp\/v2\/pages\/1085","targetHints":{"allow":["GET"]}}],"collection":[{"href":"https:\/\/earsandeyes.noblogs.org\/wp-json\/wp\/v2\/pages"}],"about":[{"href":"https:\/\/earsandeyes.noblogs.org\/wp-json\/wp\/v2\/types\/page"}],"author":[{"embeddable":true,"href":"https:\/\/earsandeyes.noblogs.org\/wp-json\/wp\/v2\/users\/13290"}],"replies":[{"embeddable":true,"href":"https:\/\/earsandeyes.noblogs.org\/wp-json\/wp\/v2\/comments?post=1085"}],"version-history":[{"count":3,"href":"https:\/\/earsandeyes.noblogs.org\/wp-json\/wp\/v2\/pages\/1085\/revisions"}],"predecessor-version":[{"id":1090,"href":"https:\/\/earsandeyes.noblogs.org\/wp-json\/wp\/v2\/pages\/1085\/revisions\/1090"}],"wp:attachment":[{"href":"https:\/\/earsandeyes.noblogs.org\/wp-json\/wp\/v2\/media?parent=1085"}],"curies":[{"name":"wp","href":"https:\/\/api.w.org\/{rel}","templated":true}]}}