{"id":1082,"date":"2019-11-07T10:45:38","date_gmt":"2019-11-07T09:45:38","guid":{"rendered":"https:\/\/earsandeyes.noblogs.org\/?page_id=1082"},"modified":"2019-11-07T10:45:38","modified_gmt":"2019-11-07T09:45:38","slug":"covert-law-enforcement","status":"publish","type":"page","link":"https:\/\/earsandeyes.noblogs.org\/fr\/covert-law-enforcement\/","title":{"rendered":"Covert Law Enforcement"},"content":{"rendered":"<p><strong>Site officiel<\/strong> : <a href=\"https:\/\/covertlawenforcement.com\">covertlawenforcement.com<\/a><br \/>\n<strong>Adresse<\/strong> : 3000 N Main St. Ste #3, North Logan, UT 84341, \u00c9tats-Unis<br \/>\n<strong>T\u00e9l\u00e9phone<\/strong> : 888-621-5558<br \/>\n<strong>Email<\/strong> : sales@covertlawenforcement.com<\/p>\n<p><strong>Statut l\u00e9gal<\/strong> : Entreprise bas\u00e9e aux \u00c9tats-Unis enregistr\u00e9e sous le nom de Valorence.<br \/>\n<strong>Clients<\/strong> : Agencies du maintien de l&rsquo;ordre (selon leur site web).<br \/>\n<strong>Produits<\/strong> : Dispositifs de surveillance audio, vid\u00e9o, et par localisation. L&rsquo;entreprise commercialise principalement des cam\u00e9ras, mais aussi quelques dispositifs de surveillance audio et par localisation. Leur site officiel liste <a href=\"https:\/\/www.covertlawenforcement.com\/?s=&amp;post_type=product\">tous leurs produits<\/a>, avec des descriptions courtes, mais pas de manuels ou de sp\u00e9cifications techniques pr\u00e9cises.<\/p>\n","protected":false},"excerpt":{"rendered":"<p>Site officiel : covertlawenforcement.com Adresse : 3000 N Main St. Ste #3, North Logan, UT 84341, \u00c9tats-Unis T\u00e9l\u00e9phone : 888-621-5558 Email : sales@covertlawenforcement.com Statut l\u00e9gal : Entreprise bas\u00e9e aux \u00c9tats-Unis enregistr\u00e9e sous le nom de Valorence. Clients : Agencies du &hellip; <a href=\"https:\/\/earsandeyes.noblogs.org\/fr\/covert-law-enforcement\/\">Continuer la lecture <span class=\"meta-nav\">&rarr;<\/span><\/a><\/p>\n","protected":false},"author":13290,"featured_media":0,"parent":0,"menu_order":0,"comment_status":"closed","ping_status":"closed","template":"","meta":{"_locale":"fr_FR","_original_post":"389","footnotes":""},"class_list":["post-1082","page","type-page","status-publish","hentry","fr-FR"],"_links":{"self":[{"href":"https:\/\/earsandeyes.noblogs.org\/wp-json\/wp\/v2\/pages\/1082","targetHints":{"allow":["GET"]}}],"collection":[{"href":"https:\/\/earsandeyes.noblogs.org\/wp-json\/wp\/v2\/pages"}],"about":[{"href":"https:\/\/earsandeyes.noblogs.org\/wp-json\/wp\/v2\/types\/page"}],"author":[{"embeddable":true,"href":"https:\/\/earsandeyes.noblogs.org\/wp-json\/wp\/v2\/users\/13290"}],"replies":[{"embeddable":true,"href":"https:\/\/earsandeyes.noblogs.org\/wp-json\/wp\/v2\/comments?post=1082"}],"version-history":[{"count":3,"href":"https:\/\/earsandeyes.noblogs.org\/wp-json\/wp\/v2\/pages\/1082\/revisions"}],"predecessor-version":[{"id":1133,"href":"https:\/\/earsandeyes.noblogs.org\/wp-json\/wp\/v2\/pages\/1082\/revisions\/1133"}],"wp:attachment":[{"href":"https:\/\/earsandeyes.noblogs.org\/wp-json\/wp\/v2\/media?parent=1082"}],"curies":[{"name":"wp","href":"https:\/\/api.w.org\/{rel}","templated":true}]}}