{"id":1076,"date":"2019-11-07T10:45:38","date_gmt":"2019-11-07T09:45:38","guid":{"rendered":"https:\/\/earsandeyes.noblogs.org\/?page_id=1076"},"modified":"2021-03-26T07:38:29","modified_gmt":"2021-03-26T06:38:29","slug":"commesh-uab","status":"publish","type":"page","link":"https:\/\/earsandeyes.noblogs.org\/fr\/commesh-uab\/","title":{"rendered":"Commesh UAB"},"content":{"rendered":"<p><strong>Site officiel<\/strong> : <a href=\"http:\/\/www.commesh.com\">commesh.com<\/a><br \/>\n<strong>Adresse en Lituanie<\/strong> : A.Tum\u0117no g. 4, 01109, Vilnius, Lituanie<br \/>\n<strong>Adresse au Royaume-Uni<\/strong> : 14 Hanover st., London W1S1YH, Royaume-Uni (en 2014, selon un <a href=\"https:\/\/wikileaks.org\/hackingteam\/emails\/emailid\/541236\">email fuit\u00e9<\/a>)<\/p>\n<p><strong>Statut l\u00e9gal<\/strong> : Entreprise lituanienne.<br \/>\n<strong>Clients<\/strong> : Commesh prend r\u00e9guli\u00e8rement part \u00e0 des salons professionnels et des \u00e9v\u00e8nements r\u00e9serv\u00e9s aux professionnels des industries de la s\u00e9curit\u00e9 ou de la d\u00e9fense, comme les \u00e9v\u00e8nements <a href=\"https:\/\/www.issworldtraining.com\">ISS World<\/a> ou <a href=\"https:\/\/en.milipol.com\">Milipol Paris<\/a>. Cela indique que l&rsquo;entreprise a des clients parmis les agences gouvernementales et les agences de maintien de l&rsquo;ordre.<br \/>\n<strong>Produits<\/strong> : On a pas pu trouver d&rsquo;informations claires concernant les produits commercialis\u00e9s par Commesh. Cependant, plusieurs indices montrent que l&rsquo;entreprise commercialise probablement des dispositifs physiques de surveillance :<\/p>\n<ul>\n<li>La <a href=\"https:\/\/earsandeyes.noblogs.org\/files\/2019\/10\/Brochure-ISS-World-Asia-2014.pdf\">brochure de l&rsquo;\u00e9v\u00e8nement ISS World Asia 2014<\/a> montre que Commesh a donn\u00e9 une conf\u00e9rence intitul\u00e9e \u00ab\u00a0Surveillance secr\u00e8te audio et vid\u00e9o\u00a0\u00bb (\u00ab\u00a0Covert Audio and Video Surveillance\u00a0\u00bb).<\/li>\n<li>Commesh est <a href=\"https:\/\/en.milipol.com\/Catalogue-2019\/Liste-des-exposants\/COMMESH\">list\u00e9e en tant qu&rsquo;entreprise exposante<\/a> \u00e0 l&rsquo;\u00e9v\u00e8nement Milipol Paris 2019 dans les cat\u00e9gories \u00ab\u00a0Transmetteurs &#8211; R\u00e9cepteurs\u00a0\u00bb (\u00ab\u00a0Transmitters &#8211; Receivers\u00a0\u00bb) et \u00ab\u00a0Surveillance audio \/ Contre-surveillance\u00a0\u00bb (\u00ab\u00a0Audio surveillance \/ Counter surveillance\u00a0\u00bb)<\/li>\n<li>La <a href=\"https:\/\/earsandeyes.noblogs.org\/files\/2019\/10\/Brochure-ISS-World-Europe-Prague-2020.pdf\">brochure de l&rsquo;\u00e9v\u00e8nement ISS World Europe 2020 \u00e0 Prague<\/a> montre que Commesh donnerait une conf\u00e9rence intitul\u00e9e \u00ab\u00a0Un nouveau paradigme pour la surveillance secr\u00e8te audio dans les grands espaces\u00a0\u00bb (\u00ab\u00a0A new paradigm for covert audio surveillance in large areas\u00a0\u00bb).<\/li>\n<\/ul>\n","protected":false},"excerpt":{"rendered":"<p>Site officiel : commesh.com Adresse en Lituanie : A.Tum\u0117no g. 4, 01109, Vilnius, Lituanie Adresse au Royaume-Uni : 14 Hanover st., London W1S1YH, Royaume-Uni (en 2014, selon un email fuit\u00e9) Statut l\u00e9gal : Entreprise lituanienne. Clients : Commesh prend r\u00e9guli\u00e8rement &hellip; <a href=\"https:\/\/earsandeyes.noblogs.org\/fr\/commesh-uab\/\">Continuer la lecture <span class=\"meta-nav\">&rarr;<\/span><\/a><\/p>\n","protected":false},"author":13290,"featured_media":0,"parent":0,"menu_order":0,"comment_status":"closed","ping_status":"closed","template":"","meta":{"_locale":"fr_FR","_original_post":"524","footnotes":""},"class_list":["post-1076","page","type-page","status-publish","hentry","fr-FR"],"_links":{"self":[{"href":"https:\/\/earsandeyes.noblogs.org\/wp-json\/wp\/v2\/pages\/1076","targetHints":{"allow":["GET"]}}],"collection":[{"href":"https:\/\/earsandeyes.noblogs.org\/wp-json\/wp\/v2\/pages"}],"about":[{"href":"https:\/\/earsandeyes.noblogs.org\/wp-json\/wp\/v2\/types\/page"}],"author":[{"embeddable":true,"href":"https:\/\/earsandeyes.noblogs.org\/wp-json\/wp\/v2\/users\/13290"}],"replies":[{"embeddable":true,"href":"https:\/\/earsandeyes.noblogs.org\/wp-json\/wp\/v2\/comments?post=1076"}],"version-history":[{"count":7,"href":"https:\/\/earsandeyes.noblogs.org\/wp-json\/wp\/v2\/pages\/1076\/revisions"}],"predecessor-version":[{"id":2158,"href":"https:\/\/earsandeyes.noblogs.org\/wp-json\/wp\/v2\/pages\/1076\/revisions\/2158"}],"wp:attachment":[{"href":"https:\/\/earsandeyes.noblogs.org\/wp-json\/wp\/v2\/media?parent=1076"}],"curies":[{"name":"wp","href":"https:\/\/api.w.org\/{rel}","templated":true}]}}