{"id":1073,"date":"2019-11-07T10:45:38","date_gmt":"2019-11-07T09:45:38","guid":{"rendered":"https:\/\/earsandeyes.noblogs.org\/?page_id=1073"},"modified":"2020-11-26T01:52:45","modified_gmt":"2020-11-26T00:52:45","slug":"claresys","status":"publish","type":"page","link":"https:\/\/earsandeyes.noblogs.org\/fr\/claresys\/","title":{"rendered":"Claresys"},"content":{"rendered":"<p><strong>Site officiel<\/strong> : <a href=\"https:\/\/claresys.com\">claresys.com<\/a><br \/>\n<strong>Adresse<\/strong> : 154E Brook Drive, Milton Park, Abingdon, Oxon, OX14 4SD, Royaume-Uni<br \/>\n<strong>T\u00e9l\u00e9phone<\/strong> : +44 (0) 235 364580<\/p>\n<p><strong>Statut l\u00e9gal<\/strong> : Entreprise britannique.<br \/>\n<strong>Clients<\/strong> : Agences du maintien de l&rsquo;ordre et l&rsquo;arm\u00e9e (d&rsquo;apr\u00e8s leur site web).<br \/>\n<strong>Produits<\/strong> : Dispositifs de surveillance vid\u00e9o (d&rsquo;apr\u00e8s leur site web).<\/p>\n","protected":false},"excerpt":{"rendered":"<p>Site officiel : claresys.com Adresse : 154E Brook Drive, Milton Park, Abingdon, Oxon, OX14 4SD, Royaume-Uni T\u00e9l\u00e9phone : +44 (0) 235 364580 Statut l\u00e9gal : Entreprise britannique. Clients : Agences du maintien de l&rsquo;ordre et l&rsquo;arm\u00e9e (d&rsquo;apr\u00e8s leur site web). &hellip; <a href=\"https:\/\/earsandeyes.noblogs.org\/fr\/claresys\/\">Continuer la lecture <span class=\"meta-nav\">&rarr;<\/span><\/a><\/p>\n","protected":false},"author":13290,"featured_media":0,"parent":0,"menu_order":0,"comment_status":"closed","ping_status":"closed","template":"","meta":{"_locale":"fr_FR","_original_post":"646","footnotes":""},"class_list":["post-1073","page","type-page","status-publish","hentry","fr-FR"],"_links":{"self":[{"href":"https:\/\/earsandeyes.noblogs.org\/wp-json\/wp\/v2\/pages\/1073","targetHints":{"allow":["GET"]}}],"collection":[{"href":"https:\/\/earsandeyes.noblogs.org\/wp-json\/wp\/v2\/pages"}],"about":[{"href":"https:\/\/earsandeyes.noblogs.org\/wp-json\/wp\/v2\/types\/page"}],"author":[{"embeddable":true,"href":"https:\/\/earsandeyes.noblogs.org\/wp-json\/wp\/v2\/users\/13290"}],"replies":[{"embeddable":true,"href":"https:\/\/earsandeyes.noblogs.org\/wp-json\/wp\/v2\/comments?post=1073"}],"version-history":[{"count":3,"href":"https:\/\/earsandeyes.noblogs.org\/wp-json\/wp\/v2\/pages\/1073\/revisions"}],"predecessor-version":[{"id":1776,"href":"https:\/\/earsandeyes.noblogs.org\/wp-json\/wp\/v2\/pages\/1073\/revisions\/1776"}],"wp:attachment":[{"href":"https:\/\/earsandeyes.noblogs.org\/wp-json\/wp\/v2\/media?parent=1073"}],"curies":[{"name":"wp","href":"https:\/\/api.w.org\/{rel}","templated":true}]}}