{"id":1064,"date":"2019-11-07T10:45:38","date_gmt":"2019-11-07T09:45:38","guid":{"rendered":"https:\/\/earsandeyes.noblogs.org\/?page_id=1064"},"modified":"2019-11-07T10:45:38","modified_gmt":"2019-11-07T09:45:38","slug":"caminos","status":"publish","type":"page","link":"https:\/\/earsandeyes.noblogs.org\/fr\/caminos\/","title":{"rendered":"Caminos"},"content":{"rendered":"<p><strong>Site officiel<\/strong> : <a href=\"https:\/\/www.caminos-online.com\">caminos-online.com<\/a><br \/>\n<strong>Adresse<\/strong> : Stevensstraat 21, 3390 Tielt-Winge, Belgique<br \/>\n<strong>T\u00e9l\u00e9phone<\/strong> : (en 2011) +32 475 28 12 25<br \/>\n<strong>Email<\/strong> : (en 2011) info@caminos-online.com<\/p>\n<p><strong>Statut l\u00e9gal<\/strong> : Entreprise belge.<br \/>\n<strong>Clients<\/strong> : Agences gouvernementales. D&rsquo;apr\u00e8s la description de leur entreprise en tant que membre du European Lockmaster Group dans un <a href=\"https:\/\/earsandeyes.noblogs.org\/files\/2019\/10\/European-Lockmaster-Group-company-profiles.pdf\">document dat\u00e9 de 2011<\/a> \u00e0 la page 8, leurs clients sont des agences gouvernementales, le monde de la s\u00e9curit\u00e9, et n&rsquo;importe quelle entreprise qui a un s\u00e9rieux probl\u00e8me de s\u00e9curit\u00e9 (\u00ab\u00a0governmental agencies, security world and every company which has a serious security problem\u00a0\u00bb).<br \/>\n<strong>Produits<\/strong> : Outils et \u00e9quipement en support d&rsquo;op\u00e9rations secr\u00e8tes de surveillance. Leur site web ne donne aucune information sur leurs produits. Au vu de la description de leur entreprise en tant que membre du European Lockmaster Group dans un <a href=\"https:\/\/earsandeyes.noblogs.org\/files\/2019\/10\/European-Lockmaster-Group-company-profiles.pdf\">document dat\u00e9 de 2011<\/a> \u00e0 la page 8, il semble que l&rsquo;entreprise commercialise des produits pour aider \u00e0 la dissimulation de dispositifs de surveillance.<\/p>\n","protected":false},"excerpt":{"rendered":"<p>Site officiel : caminos-online.com Adresse : Stevensstraat 21, 3390 Tielt-Winge, Belgique T\u00e9l\u00e9phone : (en 2011) +32 475 28 12 25 Email : (en 2011) info@caminos-online.com Statut l\u00e9gal : Entreprise belge. Clients : Agences gouvernementales. D&rsquo;apr\u00e8s la description de leur entreprise &hellip; <a href=\"https:\/\/earsandeyes.noblogs.org\/fr\/caminos\/\">Continuer la lecture <span class=\"meta-nav\">&rarr;<\/span><\/a><\/p>\n","protected":false},"author":13290,"featured_media":0,"parent":0,"menu_order":0,"comment_status":"closed","ping_status":"closed","template":"","meta":{"_locale":"fr_FR","_original_post":"635","footnotes":""},"class_list":["post-1064","page","type-page","status-publish","hentry","fr-FR"],"_links":{"self":[{"href":"https:\/\/earsandeyes.noblogs.org\/wp-json\/wp\/v2\/pages\/1064","targetHints":{"allow":["GET"]}}],"collection":[{"href":"https:\/\/earsandeyes.noblogs.org\/wp-json\/wp\/v2\/pages"}],"about":[{"href":"https:\/\/earsandeyes.noblogs.org\/wp-json\/wp\/v2\/types\/page"}],"author":[{"embeddable":true,"href":"https:\/\/earsandeyes.noblogs.org\/wp-json\/wp\/v2\/users\/13290"}],"replies":[{"embeddable":true,"href":"https:\/\/earsandeyes.noblogs.org\/wp-json\/wp\/v2\/comments?post=1064"}],"version-history":[{"count":3,"href":"https:\/\/earsandeyes.noblogs.org\/wp-json\/wp\/v2\/pages\/1064\/revisions"}],"predecessor-version":[{"id":1130,"href":"https:\/\/earsandeyes.noblogs.org\/wp-json\/wp\/v2\/pages\/1064\/revisions\/1130"}],"wp:attachment":[{"href":"https:\/\/earsandeyes.noblogs.org\/wp-json\/wp\/v2\/media?parent=1064"}],"curies":[{"name":"wp","href":"https:\/\/api.w.org\/{rel}","templated":true}]}}