{"id":1062,"date":"2019-11-07T10:45:38","date_gmt":"2019-11-07T09:45:38","guid":{"rendered":"https:\/\/earsandeyes.noblogs.org\/?page_id=1062"},"modified":"2020-11-26T01:43:28","modified_gmt":"2020-11-26T00:43:28","slug":"brickhouse-security","status":"publish","type":"page","link":"https:\/\/earsandeyes.noblogs.org\/fr\/brickhouse-security\/","title":{"rendered":"BrickHouse Security"},"content":{"rendered":"<p><em>Cette entreprise est \u00e9galement list\u00e9e sur : <a href=\"https:\/\/en.wikipedia.org\/wiki\/BrickHouse_Security\">Wikipedia (en)<\/a><\/em><\/p>\n<p><strong>Site officiel<\/strong> : <a href=\"https:\/\/www.brickhousesecurity.com\">brickhousesecurity.com<\/a><br \/>\n<strong>Adresse \u00e0 New York<\/strong> : 980 Avenue of the Americas, New York, NY 10018, \u00c9tats-Unis<br \/>\n<strong>Adresse \u00e0 Indianapolis<\/strong> : 5718 W. 79th Street, Indianapolis, \u00c9tats-Unis<br \/>\n<strong>T\u00e9l\u00e9phone<\/strong> : 925-326-3688<br \/>\n<strong>Fax<\/strong> : 317-942-0712<\/p>\n<p><strong>Statut l\u00e9gal<\/strong> : Entreprise bas\u00e9e aux \u00c9tats-Unis.<br \/>\n<strong>Clients<\/strong> : Agences du maintien de l&rsquo;ordre. D&rsquo;apr\u00e8s leur site web, l&rsquo;entreprise a la confiance de plus de 2500 agences du maintien de l&rsquo;ordre aux \u00c9tats-Unis (\u00ab\u00a0BrickHouse Security is the trusted resource for over 2,500 law enforcement agencies across the country\u00a0\u00bb).<br \/>\n<strong>Produits<\/strong> : Dispositifs de surveillance vid\u00e9o et par localisation. Une <a href=\"https:\/\/www.brickhousesecurity.com\/industry\/law-enforcement\/\">page de leur site web<\/a> liste les dispositifs de surveillance commercialis\u00e9s par l&rsquo;entreprise, sans donner d&rsquo;informations.<\/p>\n<p>Plusieurs documents qui d\u00e9crivent leurs produits sont disponibles :<\/p>\n<ul>\n<li>Des manuels d&rsquo;utilisation \u00e0 propos d&rsquo;une cam\u00e9ra miniature capable de voir dans le noir appel\u00e9e <a href=\"https:\/\/earsandeyes.noblogs.org\/files\/2019\/10\/BrickHouse-Security-Camscura-Lux.pdf\">Camscura Lux<\/a>, d&rsquo;une cam\u00e9ra cach\u00e9e <a href=\"https:\/\/earsandeyes.noblogs.org\/files\/2019\/10\/BrickHouse-Security-Hat-Hidden-Camera.pdf\">dans une casquette<\/a> et d&rsquo;une autre <a href=\"https:\/\/earsandeyes.noblogs.org\/files\/2019\/10\/BrickHouse-Security-HD-Waterproof-Spy-Watch.pdf\">dans une montre<\/a><\/li>\n<li>Un manuel d&rsquo;utilisation \u00e0 propos d&rsquo;une <a href=\"https:\/\/earsandeyes.noblogs.org\/files\/2019\/10\/BrickHouse-Security-Livewire-GPS-Vehicle-Tracker.pdf\">balise GPS<\/a><\/li>\n<\/ul>\n","protected":false},"excerpt":{"rendered":"<p>Cette entreprise est \u00e9galement list\u00e9e sur : Wikipedia (en) Site officiel : brickhousesecurity.com Adresse \u00e0 New York : 980 Avenue of the Americas, New York, NY 10018, \u00c9tats-Unis Adresse \u00e0 Indianapolis : 5718 W. 79th Street, Indianapolis, \u00c9tats-Unis T\u00e9l\u00e9phone : &hellip; <a href=\"https:\/\/earsandeyes.noblogs.org\/fr\/brickhouse-security\/\">Continuer la lecture <span class=\"meta-nav\">&rarr;<\/span><\/a><\/p>\n","protected":false},"author":13290,"featured_media":0,"parent":0,"menu_order":0,"comment_status":"closed","ping_status":"closed","template":"","meta":{"_locale":"fr_FR","_original_post":"716","footnotes":""},"class_list":["post-1062","page","type-page","status-publish","hentry","fr-FR"],"_links":{"self":[{"href":"https:\/\/earsandeyes.noblogs.org\/wp-json\/wp\/v2\/pages\/1062","targetHints":{"allow":["GET"]}}],"collection":[{"href":"https:\/\/earsandeyes.noblogs.org\/wp-json\/wp\/v2\/pages"}],"about":[{"href":"https:\/\/earsandeyes.noblogs.org\/wp-json\/wp\/v2\/types\/page"}],"author":[{"embeddable":true,"href":"https:\/\/earsandeyes.noblogs.org\/wp-json\/wp\/v2\/users\/13290"}],"replies":[{"embeddable":true,"href":"https:\/\/earsandeyes.noblogs.org\/wp-json\/wp\/v2\/comments?post=1062"}],"version-history":[{"count":4,"href":"https:\/\/earsandeyes.noblogs.org\/wp-json\/wp\/v2\/pages\/1062\/revisions"}],"predecessor-version":[{"id":1773,"href":"https:\/\/earsandeyes.noblogs.org\/wp-json\/wp\/v2\/pages\/1062\/revisions\/1773"}],"wp:attachment":[{"href":"https:\/\/earsandeyes.noblogs.org\/wp-json\/wp\/v2\/media?parent=1062"}],"curies":[{"name":"wp","href":"https:\/\/api.w.org\/{rel}","templated":true}]}}