{"id":1059,"date":"2019-11-07T10:45:38","date_gmt":"2019-11-07T09:45:38","guid":{"rendered":"https:\/\/earsandeyes.noblogs.org\/?page_id=1059"},"modified":"2021-03-26T07:38:19","modified_gmt":"2021-03-26T06:38:19","slug":"bea","status":"publish","type":"page","link":"https:\/\/earsandeyes.noblogs.org\/fr\/bea\/","title":{"rendered":"BEA"},"content":{"rendered":"<p><strong>Site officiel<\/strong> : <a href=\"http:\/\/www.beanet.it\">beanet.it<\/a><br \/>\n<strong>Adresse<\/strong> : Via Santorelli, 8, 10095 Grugliasco (TO), Italie<br \/>\n<strong>T\u00e9l\u00e9phone<\/strong> : +39 011 3285311<br \/>\n<strong>Fax<\/strong> : +39 011 3285312<br \/>\n<strong>Email<\/strong> : info@beanet.it<\/p>\n<p><strong>Statit l\u00e9gal<\/strong> : Entreprise italienne fond\u00e9e en 1993.<br \/>\n<strong>Clients<\/strong> : Agences du maintien de l&rsquo;ordre et gouvernements (d&rsquo;apr\u00e8s leur site web).<br \/>\n<strong>Produits<\/strong> : Grande gamme de syst\u00e8mes de surveillance, y compris des syst\u00e8mes de surveillance audio, des balises GPS, et un appareil de surveillance cach\u00e9 \u00e0 l&rsquo;int\u00e9rieur d&rsquo;un clavier d&rsquo;ordinateur.<\/p>\n<p>Deux documents concernant BEA ont fuit\u00e9 dans les Spy Files (un grand ensemble de documents divulgu\u00e9s par Wikileaks entre 2011 et 2014) : leur <a href=\"https:\/\/www.wikileaks.org\/spyfiles\/files\/0\/108_BEA-Catalogue-200806.pdf\">catalogue de 2008<\/a> et une <a href=\"https:\/\/www.wikileaks.org\/spyfiles\/docs\/BEA-2011-TechSurvequi-en.pdf\">brochure publicitaire de 2011<\/a>. Leur catalogue de 2008 inclut :<\/p>\n<ul>\n<li>Des syst\u00e8mes de surveillance audio et des balises GPS. Selon les produits, les donn\u00e9es collect\u00e9es (donn\u00e9es audio et de localisation) peuvent \u00eatre transmises sur des fr\u00e9quences radio ou sur le r\u00e9seau GSM. Un produit est \u00e9galement capable de transmettre des donn\u00e9es sur le r\u00e9seau satellitaire Thuraya (qui couvre 161 pays en Europe, Afrique et Asie) quand le r\u00e9seau GSM n&rsquo;est pas disponible.<\/li>\n<li>Un appareil appel\u00e9 \u00ab\u00a0QUAD FINDER\u00a0\u00bb qui se connecte au r\u00e9seau GSM afin d&rsquo;obtenir sa propre position en utilisant les identifiants des antennes-relais auxquelles il se connecte, puis transmet les positions collect\u00e9es par SMS. Il est int\u00e9ressant de noter que cet appareil peut \u00eatre utilis\u00e9 pour localiser un v\u00e9hicule en mouvement en utilisant le r\u00e9seau GSM \u00e0 la place du GPS.<\/li>\n<li>Un appareil appel\u00e9 \u00ab\u00a0BE24\u00a0\u00bb qui peut \u00eatre install\u00e9 \u00e0 l&rsquo;int\u00e9rieur d&rsquo;un clavier d&rsquo;ordinateur afin d&rsquo;enregistrer tout ce qui est tap\u00e9 sur le clavier. Les donn\u00e9es collect\u00e9es peuvent soit \u00eatre stock\u00e9es sur l&rsquo;appareil pour \u00eatre r\u00e9cup\u00e9r\u00e9es plus tard, soit transmises sur des fr\u00e9quences radio. Un autre appareil peut \u00eatre utilis\u00e9 en compl\u00e9ment de l&rsquo;appareil \u00ab\u00a0BE24\u00a0\u00bb pour recevoir les donn\u00e9es sur des fr\u00e9quences radio et les re-transmettre sur le r\u00e9seau GSM.<\/li>\n<\/ul>\n","protected":false},"excerpt":{"rendered":"<p>Site officiel : beanet.it Adresse : Via Santorelli, 8, 10095 Grugliasco (TO), Italie T\u00e9l\u00e9phone : +39 011 3285311 Fax : +39 011 3285312 Email : info@beanet.it Statit l\u00e9gal : Entreprise italienne fond\u00e9e en 1993. Clients : Agences du maintien de &hellip; <a href=\"https:\/\/earsandeyes.noblogs.org\/fr\/bea\/\">Continuer la lecture <span class=\"meta-nav\">&rarr;<\/span><\/a><\/p>\n","protected":false},"author":13290,"featured_media":0,"parent":0,"menu_order":0,"comment_status":"closed","ping_status":"closed","template":"","meta":{"_locale":"fr_FR","_original_post":"229","footnotes":""},"class_list":["post-1059","page","type-page","status-publish","hentry","fr-FR"],"_links":{"self":[{"href":"https:\/\/earsandeyes.noblogs.org\/wp-json\/wp\/v2\/pages\/1059","targetHints":{"allow":["GET"]}}],"collection":[{"href":"https:\/\/earsandeyes.noblogs.org\/wp-json\/wp\/v2\/pages"}],"about":[{"href":"https:\/\/earsandeyes.noblogs.org\/wp-json\/wp\/v2\/types\/page"}],"author":[{"embeddable":true,"href":"https:\/\/earsandeyes.noblogs.org\/wp-json\/wp\/v2\/users\/13290"}],"replies":[{"embeddable":true,"href":"https:\/\/earsandeyes.noblogs.org\/wp-json\/wp\/v2\/comments?post=1059"}],"version-history":[{"count":2,"href":"https:\/\/earsandeyes.noblogs.org\/wp-json\/wp\/v2\/pages\/1059\/revisions"}],"predecessor-version":[{"id":2156,"href":"https:\/\/earsandeyes.noblogs.org\/wp-json\/wp\/v2\/pages\/1059\/revisions\/2156"}],"wp:attachment":[{"href":"https:\/\/earsandeyes.noblogs.org\/wp-json\/wp\/v2\/media?parent=1059"}],"curies":[{"name":"wp","href":"https:\/\/api.w.org\/{rel}","templated":true}]}}