{"id":1050,"date":"2019-11-07T10:45:38","date_gmt":"2019-11-07T09:45:38","guid":{"rendered":"https:\/\/earsandeyes.noblogs.org\/?page_id=1050"},"modified":"2019-11-07T10:45:38","modified_gmt":"2019-11-07T09:45:38","slug":"apec-systems","status":"publish","type":"page","link":"https:\/\/earsandeyes.noblogs.org\/fr\/apec-systems\/","title":{"rendered":"Apec Systems"},"content":{"rendered":"<p><strong>Site officiel<\/strong> : <a href=\"https:\/\/apecsystems.co.uk\">apecsystems.co.uk<\/a><br \/>\n<strong>Adresse<\/strong> : Apec Systems, Cavans Way, Theocrest Business Park, Coventry, CV3 2SF, Royaume-Uni<br \/>\n<strong>T\u00e9l\u00e9phone<\/strong> : +44 (0) 2476 445 664<br \/>\n<strong>Email<\/strong> : sales@apecsystems.co.uk<\/p>\n<p><strong>Statut l\u00e9gal<\/strong> : Entreprise britannique.<br \/>\n<strong>Clients<\/strong> : Agences du maintien de l&rsquo;ordre (d&rsquo;apr\u00e8s leur site web).<br \/>\n<strong>Produits<\/strong> : Syst\u00e8mes de surveillance audio et vid\u00e9o. Leur site web ne donne aucune information \u00e0 propos de leurs produits. D&rsquo;apr\u00e8s la <a href=\"https:\/\/earsandeyes.noblogs.org\/files\/2019\/10\/Apec-Systems-at-Security-Policing-2019.png\">description de leur entreprise<\/a> qui accompagnait leur enregistrement en tant qu&rsquo;exposant \u00e0 l&rsquo;\u00e9v\u00e8nement Security &amp; Policing 2019, un salon professionnel d\u00e9di\u00e9 aux industries de la s\u00e9curit\u00e9 et de la d\u00e9fense, l&rsquo;entreprise d\u00e9veloppe et fabrique des syst\u00e8mes de surveillance audio \/ vid\u00e9o destin\u00e9s \u00e0 \u00eatre cach\u00e9s (\u00ab\u00a0Apec Systems are designers and manufacturers of covert audio \/ video surveillance systems\u00a0\u00bb).<\/p>\n","protected":false},"excerpt":{"rendered":"<p>Site officiel : apecsystems.co.uk Adresse : Apec Systems, Cavans Way, Theocrest Business Park, Coventry, CV3 2SF, Royaume-Uni T\u00e9l\u00e9phone : +44 (0) 2476 445 664 Email : sales@apecsystems.co.uk Statut l\u00e9gal : Entreprise britannique. Clients : Agences du maintien de l&rsquo;ordre (d&rsquo;apr\u00e8s &hellip; <a href=\"https:\/\/earsandeyes.noblogs.org\/fr\/apec-systems\/\">Continuer la lecture <span class=\"meta-nav\">&rarr;<\/span><\/a><\/p>\n","protected":false},"author":13290,"featured_media":0,"parent":0,"menu_order":0,"comment_status":"closed","ping_status":"closed","template":"","meta":{"_locale":"fr_FR","_original_post":"625","footnotes":""},"class_list":["post-1050","page","type-page","status-publish","hentry","fr-FR"],"_links":{"self":[{"href":"https:\/\/earsandeyes.noblogs.org\/wp-json\/wp\/v2\/pages\/1050","targetHints":{"allow":["GET"]}}],"collection":[{"href":"https:\/\/earsandeyes.noblogs.org\/wp-json\/wp\/v2\/pages"}],"about":[{"href":"https:\/\/earsandeyes.noblogs.org\/wp-json\/wp\/v2\/types\/page"}],"author":[{"embeddable":true,"href":"https:\/\/earsandeyes.noblogs.org\/wp-json\/wp\/v2\/users\/13290"}],"replies":[{"embeddable":true,"href":"https:\/\/earsandeyes.noblogs.org\/wp-json\/wp\/v2\/comments?post=1050"}],"version-history":[{"count":1,"href":"https:\/\/earsandeyes.noblogs.org\/wp-json\/wp\/v2\/pages\/1050\/revisions"}],"predecessor-version":[{"id":1052,"href":"https:\/\/earsandeyes.noblogs.org\/wp-json\/wp\/v2\/pages\/1050\/revisions\/1052"}],"wp:attachment":[{"href":"https:\/\/earsandeyes.noblogs.org\/wp-json\/wp\/v2\/media?parent=1050"}],"curies":[{"name":"wp","href":"https:\/\/api.w.org\/{rel}","templated":true}]}}