{"id":1046,"date":"2019-11-07T10:45:38","date_gmt":"2019-11-07T09:45:38","guid":{"rendered":"https:\/\/earsandeyes.noblogs.org\/?page_id=1046"},"modified":"2020-11-26T01:15:00","modified_gmt":"2020-11-26T00:15:00","slug":"ammertex","status":"publish","type":"page","link":"https:\/\/earsandeyes.noblogs.org\/fr\/ammertex\/","title":{"rendered":"Ammertex"},"content":{"rendered":"<p><strong>Site officiel<\/strong> : <a href=\"https:\/\/www.ammertex.com\">ammertex.com<\/a><br \/>\n<strong>Adresse<\/strong> : <span class=\"color_15\">21\u00a0Bukit Batok Crescent<\/span>, <span class=\"color_15\">WCEGA Tower\u00a0#29-74<\/span>, <span class=\"color_15\">Singapore 658065<\/span><br \/>\n<strong>T\u00e9l\u00e9phone<\/strong> : +65 81382788<br \/>\n<strong>Email<\/strong> : info@ammertex.com<\/p>\n<p><strong>Statut l\u00e9gal<\/strong> : Entreprise bas\u00e9e \u00e0 Singapour, fond\u00e9e en 2009.<br \/>\n<strong>Clients<\/strong> : Agences du maintien de l&rsquo;ordre. D&rsquo;apr\u00e8s leur site web, leurs clients incluent les industries du maintien de l&rsquo;ordre, de l&rsquo;anti-terrorisme et de la s\u00e9curit\u00e9 (\u00ab\u00a0law enforcement, anti-terrorism and security industries\u00a0\u00bb).<br \/>\n<strong>Produits<\/strong> : Syst\u00e8mes de surveillance audio et vid\u00e9o. D&rsquo;apr\u00e8s leur <a href=\"https:\/\/www.ammertex.com\/partners\">page partenaires<\/a>, l&rsquo;entreprise travaille avec l&rsquo;entreprise russe <a href=\"https:\/\/earsandeyes.noblogs.org\/fr\/set-1\">SET-1<\/a>, qui commercialise des syst\u00e8mes de surveillance audio et vid\u00e9o destin\u00e9s \u00e0 \u00eatre cach\u00e9s. Un <a href=\"https:\/\/earsandeyes.noblogs.org\/files\/2019\/10\/Ammertex-Milipol-Asia-Pacific-2019-presentation.png\">document<\/a> montre que lors de Milipol Asia-Pacific 2019 (un \u00e9v\u00e8nement d\u00e9di\u00e9 \u00e0 la s\u00e9curit\u00e9 int\u00e9rieure des \u00c9tats), l&rsquo;entreprise a pr\u00e9sent\u00e9 un appareil miniature de surveillance vid\u00e9o.<\/p>\n","protected":false},"excerpt":{"rendered":"<p>Site officiel : ammertex.com Adresse : 21\u00a0Bukit Batok Crescent, WCEGA Tower\u00a0#29-74, Singapore 658065 T\u00e9l\u00e9phone : +65 81382788 Email : info@ammertex.com Statut l\u00e9gal : Entreprise bas\u00e9e \u00e0 Singapour, fond\u00e9e en 2009. Clients : Agences du maintien de l&rsquo;ordre. D&rsquo;apr\u00e8s leur site &hellip; <a href=\"https:\/\/earsandeyes.noblogs.org\/fr\/ammertex\/\">Continuer la lecture <span class=\"meta-nav\">&rarr;<\/span><\/a><\/p>\n","protected":false},"author":13290,"featured_media":0,"parent":0,"menu_order":0,"comment_status":"closed","ping_status":"closed","template":"","meta":{"_locale":"fr_FR","_original_post":"896","footnotes":""},"class_list":["post-1046","page","type-page","status-publish","hentry","fr-FR"],"_links":{"self":[{"href":"https:\/\/earsandeyes.noblogs.org\/wp-json\/wp\/v2\/pages\/1046","targetHints":{"allow":["GET"]}}],"collection":[{"href":"https:\/\/earsandeyes.noblogs.org\/wp-json\/wp\/v2\/pages"}],"about":[{"href":"https:\/\/earsandeyes.noblogs.org\/wp-json\/wp\/v2\/types\/page"}],"author":[{"embeddable":true,"href":"https:\/\/earsandeyes.noblogs.org\/wp-json\/wp\/v2\/users\/13290"}],"replies":[{"embeddable":true,"href":"https:\/\/earsandeyes.noblogs.org\/wp-json\/wp\/v2\/comments?post=1046"}],"version-history":[{"count":5,"href":"https:\/\/earsandeyes.noblogs.org\/wp-json\/wp\/v2\/pages\/1046\/revisions"}],"predecessor-version":[{"id":1764,"href":"https:\/\/earsandeyes.noblogs.org\/wp-json\/wp\/v2\/pages\/1046\/revisions\/1764"}],"wp:attachment":[{"href":"https:\/\/earsandeyes.noblogs.org\/wp-json\/wp\/v2\/media?parent=1046"}],"curies":[{"name":"wp","href":"https:\/\/api.w.org\/{rel}","templated":true}]}}