{"id":1042,"date":"2019-11-07T10:45:38","date_gmt":"2019-11-07T09:45:38","guid":{"rendered":"https:\/\/earsandeyes.noblogs.org\/?page_id=1042"},"modified":"2021-03-26T07:37:22","modified_gmt":"2021-03-26T06:37:22","slug":"allwan-security","status":"publish","type":"page","link":"https:\/\/earsandeyes.noblogs.org\/fr\/allwan-security\/","title":{"rendered":"Allwan Security"},"content":{"rendered":"<p><strong>Site officiel<\/strong> : <a href=\"http:\/\/www.allwan.eu\">allwan.eu<\/a><br \/>\n<strong>Adresse<\/strong> : 29 Rue des Potiers, 49070 Saint Lambert La Potherie, France<br \/>\n<strong>T\u00e9l\u00e9phone<\/strong> : +33 2 41 35 01 25<br \/>\n<strong>Email<\/strong> : info@allwan.fr<\/p>\n<p><strong>Statut l\u00e9gal<\/strong> : Entreprise fran\u00e7aise fond\u00e9e en 2002.<br \/>\n<strong>Clients<\/strong> : Agences du maintien de l&rsquo;ordre, gouvernements et l&rsquo;arm\u00e9e (d&rsquo;apr\u00e8s leur site web).<br \/>\n<strong>Produits<\/strong> : Dispositifs de surveillance audio et vid\u00e9o. D&rsquo;apr\u00e8s leur site web, l&rsquo;entreprise commercialise des dispositifs de surveillance commercialis\u00e9s par d&rsquo;autres entreprises, comme <a href=\"https:\/\/earsandeyes.noblogs.org\/fr\/acustek\">Acustek<\/a> et <a href=\"https:\/\/earsandeyes.noblogs.org\/fr\/gedion\">Gedion<\/a>.<\/p>\n<p>Plusieurs pages sur leur site web d\u00e9crivent leurs produits, avec des sp\u00e9cifications techniques et des photos. L&rsquo;entreprise commercialise :<\/p>\n<ul>\n<li>Des <a href=\"http:\/\/www.allwan.eu\/en\/68-audio-recorders\">appareils de surveillance audio<\/a><\/li>\n<li>Des cam\u00e9ras miniatures (<a href=\"http:\/\/www.allwan.eu\/en\/172-camera-espion\">ici<\/a> et <a href=\"http:\/\/www.allwan.eu\/en\/133-mini-cameras\">ici<\/a>), des <a href=\"http:\/\/www.allwan.eu\/en\/100-motorised-ptz-cameras\">cam\u00e9ras motoris\u00e9es destin\u00e9es \u00e0 \u00eatre cach\u00e9es<\/a> et des <a href=\"http:\/\/www.allwan.eu\/fr\/117-surveillance-urbaine\">cam\u00e9ras destin\u00e9es \u00e0 \u00eatre cach\u00e9es dans des environnements urbains<\/a><\/li>\n<li>Des <a href=\"http:\/\/www.allwan.eu\/en\/115-transmission\">syst\u00e8mes de transmission<\/a> pour les dispositifs de surveillance<\/li>\n<\/ul>\n<p><strong>Dispositifs retrouv\u00e9s<\/strong> : An ao\u00fbt 2020 en Loire-Atlantique, France, des cam\u00e9ras cach\u00e9es probablement fournies par Allwan Security ont \u00e9t\u00e9 retrouv\u00e9es pr\u00e8s de la \u201cZAD du Carnet\u201d, une zone de lutte contre la cr\u00e9ation d\u2019une zone industrielle. Voir <a href=\"https:\/\/earsandeyes.noblogs.org\/fr\/post\/2020\/11\/14\/des-cameras-retrouvees-a-la-zad-du-carnet-en-aout-france\/\">notre article \u00e0 ce sujet<\/a>.<\/p>\n","protected":false},"excerpt":{"rendered":"<p>Site officiel : allwan.eu Adresse : 29 Rue des Potiers, 49070 Saint Lambert La Potherie, France T\u00e9l\u00e9phone : +33 2 41 35 01 25 Email : info@allwan.fr Statut l\u00e9gal : Entreprise fran\u00e7aise fond\u00e9e en 2002. Clients : Agences du maintien &hellip; <a href=\"https:\/\/earsandeyes.noblogs.org\/fr\/allwan-security\/\">Continuer la lecture <span class=\"meta-nav\">&rarr;<\/span><\/a><\/p>\n","protected":false},"author":13290,"featured_media":0,"parent":0,"menu_order":0,"comment_status":"closed","ping_status":"closed","template":"","meta":{"_locale":"fr_FR","_original_post":"699","footnotes":""},"class_list":["post-1042","page","type-page","status-publish","hentry","fr-FR"],"_links":{"self":[{"href":"https:\/\/earsandeyes.noblogs.org\/wp-json\/wp\/v2\/pages\/1042","targetHints":{"allow":["GET"]}}],"collection":[{"href":"https:\/\/earsandeyes.noblogs.org\/wp-json\/wp\/v2\/pages"}],"about":[{"href":"https:\/\/earsandeyes.noblogs.org\/wp-json\/wp\/v2\/types\/page"}],"author":[{"embeddable":true,"href":"https:\/\/earsandeyes.noblogs.org\/wp-json\/wp\/v2\/users\/13290"}],"replies":[{"embeddable":true,"href":"https:\/\/earsandeyes.noblogs.org\/wp-json\/wp\/v2\/comments?post=1042"}],"version-history":[{"count":5,"href":"https:\/\/earsandeyes.noblogs.org\/wp-json\/wp\/v2\/pages\/1042\/revisions"}],"predecessor-version":[{"id":2150,"href":"https:\/\/earsandeyes.noblogs.org\/wp-json\/wp\/v2\/pages\/1042\/revisions\/2150"}],"wp:attachment":[{"href":"https:\/\/earsandeyes.noblogs.org\/wp-json\/wp\/v2\/media?parent=1042"}],"curies":[{"name":"wp","href":"https:\/\/api.w.org\/{rel}","templated":true}]}}