{"id":1038,"date":"2019-11-07T10:45:38","date_gmt":"2019-11-07T09:45:38","guid":{"rendered":"https:\/\/earsandeyes.noblogs.org\/?page_id=1038"},"modified":"2021-03-26T07:37:00","modified_gmt":"2021-03-26T06:37:00","slug":"al-fahad-security-systems","status":"publish","type":"page","link":"https:\/\/earsandeyes.noblogs.org\/fr\/al-fahad-security-systems\/","title":{"rendered":"Al Fahad Security Systems"},"content":{"rendered":"<p><strong>Sites officiels<\/strong> : <a href=\"http:\/\/www.etimad.ae\">etimad.ae<\/a>, <a href=\"http:\/\/www.fssys.ae\">fssys.ae<\/a><br \/>\n<strong>Adresse (Etimad Group)<\/strong> : Level 1, Block-A, Abu Dhabi Business Hub, Mussafah<br \/>\n<strong>T\u00e9l\u00e9phone (Al Fahad Security Systems)<\/strong> : 02-4013000<br \/>\n<strong>Email (Etimad Group)<\/strong> : info@etimad.ae<\/p>\n<p><strong>Statut l\u00e9gal<\/strong> : Entreprise bas\u00e9e aux \u00c9mirats arabes unis. Elle fait partie d&rsquo;Etimad Group. L&rsquo;entreprise est aussi connue sous le nom de \u00ab\u00a0Al Fahad Smart System\u00a0\u00bb ou \u00ab\u00a0Al Fahad Smart Systems\u00a0\u00bb, faisant partie d&rsquo;Al Fahad Group.<br \/>\n<strong>Clients<\/strong> : Agences du maintien de l&rsquo;ordre et agences gouvernementales (selon leur site web).<br \/>\n<strong>Produits<\/strong> : Dispositifs de surveillance audio, vid\u00e9o, et par localisation. Une <a href=\"https:\/\/web.archive.org\/web\/20150209101011\/http:\/\/fssys.ae\/solutions\/defense-and-intelligence.html\">page archiv\u00e9e<\/a> du site web d&rsquo;Al Fahad Smart System donne une vue d&rsquo;ensemble des dispositifs de surveillance commercialis\u00e9s par l&rsquo;entreprise, avec peu d&rsquo;informations. D&rsquo;apr\u00e8s une <a href=\"http:\/\/www.etimad.ae\/solutions?tab=tab26\">page<\/a> du site web d&rsquo;Etimad Group, l&rsquo;entreprise commercialise de l&rsquo;\u00e9quipement destin\u00e9 \u00e0 \u00eatre cach\u00e9 (\u00ab\u00a0covert equipment\u00a0\u00bb).<\/p>\n","protected":false},"excerpt":{"rendered":"<p>Sites officiels : etimad.ae, fssys.ae Adresse (Etimad Group) : Level 1, Block-A, Abu Dhabi Business Hub, Mussafah T\u00e9l\u00e9phone (Al Fahad Security Systems) : 02-4013000 Email (Etimad Group) : info@etimad.ae Statut l\u00e9gal : Entreprise bas\u00e9e aux \u00c9mirats arabes unis. Elle fait &hellip; <a href=\"https:\/\/earsandeyes.noblogs.org\/fr\/al-fahad-security-systems\/\">Continuer la lecture <span class=\"meta-nav\">&rarr;<\/span><\/a><\/p>\n","protected":false},"author":13290,"featured_media":0,"parent":0,"menu_order":0,"comment_status":"closed","ping_status":"closed","template":"","meta":{"_locale":"fr_FR","_original_post":"866","footnotes":""},"class_list":["post-1038","page","type-page","status-publish","hentry","fr-FR"],"_links":{"self":[{"href":"https:\/\/earsandeyes.noblogs.org\/wp-json\/wp\/v2\/pages\/1038","targetHints":{"allow":["GET"]}}],"collection":[{"href":"https:\/\/earsandeyes.noblogs.org\/wp-json\/wp\/v2\/pages"}],"about":[{"href":"https:\/\/earsandeyes.noblogs.org\/wp-json\/wp\/v2\/types\/page"}],"author":[{"embeddable":true,"href":"https:\/\/earsandeyes.noblogs.org\/wp-json\/wp\/v2\/users\/13290"}],"replies":[{"embeddable":true,"href":"https:\/\/earsandeyes.noblogs.org\/wp-json\/wp\/v2\/comments?post=1038"}],"version-history":[{"count":4,"href":"https:\/\/earsandeyes.noblogs.org\/wp-json\/wp\/v2\/pages\/1038\/revisions"}],"predecessor-version":[{"id":2148,"href":"https:\/\/earsandeyes.noblogs.org\/wp-json\/wp\/v2\/pages\/1038\/revisions\/2148"}],"wp:attachment":[{"href":"https:\/\/earsandeyes.noblogs.org\/wp-json\/wp\/v2\/media?parent=1038"}],"curies":[{"name":"wp","href":"https:\/\/api.w.org\/{rel}","templated":true}]}}