{"id":1035,"date":"2019-11-07T10:45:38","date_gmt":"2019-11-07T09:45:38","guid":{"rendered":"https:\/\/earsandeyes.noblogs.org\/?page_id=1035"},"modified":"2021-03-26T07:36:48","modified_gmt":"2021-03-26T06:36:48","slug":"acustek","status":"publish","type":"page","link":"https:\/\/earsandeyes.noblogs.org\/fr\/acustek\/","title":{"rendered":"Acustek"},"content":{"rendered":"<p><strong>Site officiel<\/strong> : <a href=\"https:\/\/acustek.com\">acustek.com<\/a><br \/>\n<strong>Adresse<\/strong> : Unit 13, North Street Business Park, Seatown West, Swords, Co Dublin, K67 R2N3, Irlande<br \/>\n<strong>T\u00e9l\u00e9phone<\/strong> : +353-1-5584076<br \/>\n<strong>Fax<\/strong> : +353-1-5614695<\/p>\n<p><strong>Statut l\u00e9gal<\/strong> : Entreprise irlandaise.<br \/>\n<strong>Clients<\/strong> : Agences du maintien de l&rsquo;ordre (selon leur site web).<br \/>\n<strong>Produits<\/strong> : Dispositifs de surveillance audio et vid\u00e9o. Une <a href=\"https:\/\/acustek.com\/en\/recording-products\/audiorecording\/acu-bespoke.html\">page de leur site web<\/a> d\u00e9crit les dispositifs de surveillance audio qu&rsquo;ils commercialisent, donnant quelques d\u00e9tails mais pas de sp\u00e9cifications techniques.<\/p>\n<p>Deux documents disponibles d\u00e9crivent deux des produits commercialis\u00e9s par l&rsquo;entreprise, avec des sp\u00e9cifications techniques et des photos :<\/p>\n<ul>\n<li>Un dispositif de surveillance audio appel\u00e9 <a href=\"https:\/\/earsandeyes.noblogs.org\/files\/2019\/10\/Acustek-GEM-CELL-Audio.pdf\">GEM-CELL Audio<\/a><\/li>\n<li>Un dispositif de surveillance audio et vid\u00e9o appel\u00e9 <a href=\"https:\/\/earsandeyes.noblogs.org\/files\/2019\/10\/Acustek-GEM-CELL-A-V.pdf\">GEM-CELL A\/V<\/a><\/li>\n<\/ul>\n","protected":false},"excerpt":{"rendered":"<p>Site officiel : acustek.com Adresse : Unit 13, North Street Business Park, Seatown West, Swords, Co Dublin, K67 R2N3, Irlande T\u00e9l\u00e9phone : +353-1-5584076 Fax : +353-1-5614695 Statut l\u00e9gal : Entreprise irlandaise. Clients : Agences du maintien de l&rsquo;ordre (selon leur &hellip; <a href=\"https:\/\/earsandeyes.noblogs.org\/fr\/acustek\/\">Continuer la lecture <span class=\"meta-nav\">&rarr;<\/span><\/a><\/p>\n","protected":false},"author":13290,"featured_media":0,"parent":0,"menu_order":0,"comment_status":"closed","ping_status":"closed","template":"","meta":{"_locale":"fr_FR","_original_post":"613","footnotes":""},"class_list":["post-1035","page","type-page","status-publish","hentry","fr-FR"],"_links":{"self":[{"href":"https:\/\/earsandeyes.noblogs.org\/wp-json\/wp\/v2\/pages\/1035","targetHints":{"allow":["GET"]}}],"collection":[{"href":"https:\/\/earsandeyes.noblogs.org\/wp-json\/wp\/v2\/pages"}],"about":[{"href":"https:\/\/earsandeyes.noblogs.org\/wp-json\/wp\/v2\/types\/page"}],"author":[{"embeddable":true,"href":"https:\/\/earsandeyes.noblogs.org\/wp-json\/wp\/v2\/users\/13290"}],"replies":[{"embeddable":true,"href":"https:\/\/earsandeyes.noblogs.org\/wp-json\/wp\/v2\/comments?post=1035"}],"version-history":[{"count":5,"href":"https:\/\/earsandeyes.noblogs.org\/wp-json\/wp\/v2\/pages\/1035\/revisions"}],"predecessor-version":[{"id":2146,"href":"https:\/\/earsandeyes.noblogs.org\/wp-json\/wp\/v2\/pages\/1035\/revisions\/2146"}],"wp:attachment":[{"href":"https:\/\/earsandeyes.noblogs.org\/wp-json\/wp\/v2\/media?parent=1035"}],"curies":[{"name":"wp","href":"https:\/\/api.w.org\/{rel}","templated":true}]}}