{"id":1033,"date":"2019-11-07T10:45:39","date_gmt":"2019-11-07T09:45:39","guid":{"rendered":"https:\/\/earsandeyes.noblogs.org\/?page_id=1033"},"modified":"2020-11-26T01:00:33","modified_gmt":"2020-11-26T00:00:33","slug":"aaronia-ag","status":"publish","type":"page","link":"https:\/\/earsandeyes.noblogs.org\/fr\/aaronia-ag\/","title":{"rendered":"Aaronia AG"},"content":{"rendered":"<p><strong>Site officiel<\/strong> : <a href=\"https:\/\/www.aaronia.com\">aaronia.com<\/a><br \/>\n<strong>Adresse<\/strong> : Gewerbegebiet Aaronia AG II, (Dorfstra\u00dfe 10a), DE-54597 Euscheid, Allemagne<br \/>\n<strong>T\u00e9l\u00e9phone<\/strong> : +49(0)6556 9019 355<br \/>\n<strong>Fax<\/strong> : +49(0)6556 93034<br \/>\n<strong>Email<\/strong> : mail@aaronia.de<\/p>\n<p><strong>Statut l\u00e9gal<\/strong> : Entreprise allemande fond\u00e9e en 2003. Ils ont des filliales et des entreprises partenaires en Chine, Gr\u00e8ce, Iran, Isra\u00ebl, Pologne, Taiwan, Turquie, Russie, et aux \u00c9tats-Unis. La liste de leurs filliales et entreprises partenaires est disponible sur <a href=\"https:\/\/web.archive.org\/web\/20180516062836\/http:\/\/www.aaronia.com\/contact\">une version archiv\u00e9e de leur page de contact<\/a>.<br \/>\n<strong>Clients<\/strong> : Agences du maintien de l&rsquo;ordre et gouvernements. D&rsquo;apr\u00e8s <a href=\"https:\/\/web.archive.org\/web\/20180910204319\/https:\/\/www.aaronia.com\/about-us\/\">une version archiv\u00e9e d&rsquo;une page de leur site web<\/a>, leurs clients incluent plusieurs agences gouvernementales et de maintien de l&rsquo;ordre en Belgique, Allemagne, Australie, \u00c9tats-Unis et d&rsquo;autres pays.<br \/>\n<strong>Produits<\/strong> : \u00c9quipement de surveillance et de contre-surveillance, y compris une balise GPS. La balise GPS est d\u00e9crite sur une <a href=\"https:\/\/aaronia.com\/gps-logger\/\">page de leur site web<\/a>, avec des sp\u00e9cifications techniques.<\/p>\n","protected":false},"excerpt":{"rendered":"<p>Site officiel : aaronia.com Adresse : Gewerbegebiet Aaronia AG II, (Dorfstra\u00dfe 10a), DE-54597 Euscheid, Allemagne T\u00e9l\u00e9phone : +49(0)6556 9019 355 Fax : +49(0)6556 93034 Email : mail@aaronia.de Statut l\u00e9gal : Entreprise allemande fond\u00e9e en 2003. Ils ont des filliales et &hellip; <a href=\"https:\/\/earsandeyes.noblogs.org\/fr\/aaronia-ag\/\">Continuer la lecture <span class=\"meta-nav\">&rarr;<\/span><\/a><\/p>\n","protected":false},"author":13290,"featured_media":0,"parent":0,"menu_order":0,"comment_status":"closed","ping_status":"closed","template":"","meta":{"_locale":"fr_FR","_original_post":"521","footnotes":""},"class_list":["post-1033","page","type-page","status-publish","hentry","fr-FR"],"_links":{"self":[{"href":"https:\/\/earsandeyes.noblogs.org\/wp-json\/wp\/v2\/pages\/1033","targetHints":{"allow":["GET"]}}],"collection":[{"href":"https:\/\/earsandeyes.noblogs.org\/wp-json\/wp\/v2\/pages"}],"about":[{"href":"https:\/\/earsandeyes.noblogs.org\/wp-json\/wp\/v2\/types\/page"}],"author":[{"embeddable":true,"href":"https:\/\/earsandeyes.noblogs.org\/wp-json\/wp\/v2\/users\/13290"}],"replies":[{"embeddable":true,"href":"https:\/\/earsandeyes.noblogs.org\/wp-json\/wp\/v2\/comments?post=1033"}],"version-history":[{"count":3,"href":"https:\/\/earsandeyes.noblogs.org\/wp-json\/wp\/v2\/pages\/1033\/revisions"}],"predecessor-version":[{"id":1756,"href":"https:\/\/earsandeyes.noblogs.org\/wp-json\/wp\/v2\/pages\/1033\/revisions\/1756"}],"wp:attachment":[{"href":"https:\/\/earsandeyes.noblogs.org\/wp-json\/wp\/v2\/media?parent=1033"}],"curies":[{"name":"wp","href":"https:\/\/api.w.org\/{rel}","templated":true}]}}