{"id":1029,"date":"2019-11-07T10:45:39","date_gmt":"2019-11-07T09:45:39","guid":{"rendered":"https:\/\/earsandeyes.noblogs.org\/?page_id=1029"},"modified":"2019-11-07T10:45:39","modified_gmt":"2019-11-07T09:45:39","slug":"4intelligence","status":"publish","type":"page","link":"https:\/\/earsandeyes.noblogs.org\/fr\/4intelligence\/","title":{"rendered":"4Intelligence"},"content":{"rendered":"<p><strong>Site officiel<\/strong> : <a href=\"https:\/\/4intelligence.com\">4intelligence.com<\/a><br \/>\n<strong>Adresse<\/strong> : Skanstorget 10, 411 22, Gothenburg, Su\u00e8de<br \/>\n<strong>T\u00e9l\u00e9phone<\/strong> : +46 31 753 8667<br \/>\n<strong>Fax<\/strong> : +46 31 753 8667<br \/>\n<strong>Email<\/strong> : info@4intelligence.com<\/p>\n<p><strong>Statut l\u00e9gal<\/strong> : Entreprise su\u00e9doise.<br \/>\n<strong>Clients<\/strong> : Agences du maintien de l&rsquo;ordre, gouvernements, et l&rsquo;arm\u00e9e (selon leur site web)<br \/>\n<strong>Produits<\/strong> : Syst\u00e8mes de surveillance audio et vid\u00e9o. Une <a href=\"https:\/\/4intelligence.com\/products\/technical-surveillance\/audio-video-surveillance-systems\/\">page de leur site web<\/a> liste tous les syst\u00e8mes de surveillance qu&rsquo;ils commercialisent, avec quelques d\u00e9tails et des images mais pas de sp\u00e9cifications techniques pr\u00e9cises.<\/p>\n","protected":false},"excerpt":{"rendered":"<p>Site officiel : 4intelligence.com Adresse : Skanstorget 10, 411 22, Gothenburg, Su\u00e8de T\u00e9l\u00e9phone : +46 31 753 8667 Fax : +46 31 753 8667 Email : info@4intelligence.com Statut l\u00e9gal : Entreprise su\u00e9doise. Clients : Agences du maintien de l&rsquo;ordre, gouvernements, &hellip; <a href=\"https:\/\/earsandeyes.noblogs.org\/fr\/4intelligence\/\">Continuer la lecture <span class=\"meta-nav\">&rarr;<\/span><\/a><\/p>\n","protected":false},"author":13290,"featured_media":0,"parent":0,"menu_order":0,"comment_status":"closed","ping_status":"closed","template":"","meta":{"_locale":"fr_FR","_original_post":"694","footnotes":""},"class_list":["post-1029","page","type-page","status-publish","hentry","fr-FR"],"_links":{"self":[{"href":"https:\/\/earsandeyes.noblogs.org\/wp-json\/wp\/v2\/pages\/1029","targetHints":{"allow":["GET"]}}],"collection":[{"href":"https:\/\/earsandeyes.noblogs.org\/wp-json\/wp\/v2\/pages"}],"about":[{"href":"https:\/\/earsandeyes.noblogs.org\/wp-json\/wp\/v2\/types\/page"}],"author":[{"embeddable":true,"href":"https:\/\/earsandeyes.noblogs.org\/wp-json\/wp\/v2\/users\/13290"}],"replies":[{"embeddable":true,"href":"https:\/\/earsandeyes.noblogs.org\/wp-json\/wp\/v2\/comments?post=1029"}],"version-history":[{"count":2,"href":"https:\/\/earsandeyes.noblogs.org\/wp-json\/wp\/v2\/pages\/1029\/revisions"}],"predecessor-version":[{"id":1032,"href":"https:\/\/earsandeyes.noblogs.org\/wp-json\/wp\/v2\/pages\/1029\/revisions\/1032"}],"wp:attachment":[{"href":"https:\/\/earsandeyes.noblogs.org\/wp-json\/wp\/v2\/media?parent=1029"}],"curies":[{"name":"wp","href":"https:\/\/api.w.org\/{rel}","templated":true}]}}